{"id":1186,"date":"2024-05-21T14:04:27","date_gmt":"2024-05-21T12:04:27","guid":{"rendered":"https:\/\/www.zus-exnarova.sk\/1234\/?page_id=1186"},"modified":"2024-09-05T17:40:52","modified_gmt":"2024-09-05T15:40:52","slug":"fotoalbum","status":"publish","type":"page","link":"https:\/\/www.zus-exnarova.sk\/1234\/fotoalbum\/","title":{"rendered":"FotoAlbum"},"content":{"rendered":"\t\t<div data-elementor-type=\"wp-page\" data-elementor-id=\"1186\" class=\"elementor elementor-1186\">\n\t\t\t\t<div class=\"elementor-element elementor-element-805088e e-flex e-con-boxed e-con e-parent\" data-id=\"805088e\" data-element_type=\"container\">\n\t\t\t\t\t<div class=\"e-con-inner\">\n\t\t\t\t<div class=\"elementor-element elementor-element-1354c37 elementor-widget elementor-widget-text-editor\" data-id=\"1354c37\" data-element_type=\"widget\" data-widget_type=\"text-editor.default\">\n\t\t\t\t<div class=\"elementor-widget-container\">\n\t\t\t\t\t\t\t<style type=\"text\/css\">.foogallery-album-gallery-list .foogallery-pile h3 { background: rgb(255, 255, 255) !important; }.foogallery-album-gallery-list .foogallery-pile h3 { color: rgb(0, 0, 0) !important; }<\/style><div id=\"foogallery-album-1185\">\r\n\t<ul class=\"foogallery-album-gallery-list alignment-center\">\r\n\t\t\t\t\t\t<li>\r\n\t\t\t\t\t<div class=\"foogallery-pile\">\r\n\t\t\t\t\t\t<div class=\"foogallery-pile-inner\">\r\n\t\t\t\t\t\t\t<a href=\"https:\/\/www.zus-exnarova.sk\/1234\/fotoalbum\/gallery\/ja-umelec-vystava-ziacok-a-ziakov-vytvarneho-odboru-13-4-2026-justiho-sien\" target=\"_self\">\r\n\t\t\t\t\t\t\t\t<img fetchpriority=\"high\" decoding=\"async\"  src=\"https:\/\/www.zus-exnarova.sk\/1234\/wp-content\/uploads\/cache\/2026\/04\/DSCF1787\/1185381734.jpg\" width=\"250\" height=\"250\" class=\"skip-lazy\" \/>\t\t\t\t\t\t\t\t\t\t\t\t\t\t\t\t<h3>Ja umelec, v\u00fdstava \u017eia\u010dok a \u017eiakov V\u00fdtvarn\u00e9ho odboru, 13.4.2026 Justiho sie\u0148\t\t\t\t\t\t\t\t\t<span>52 images<\/span>\r\n\t\t\t\t\t\t\t\t<\/h3>\r\n\t\t\t\t\t\t\t<\/a>\r\n\t\t\t\t\t\t<\/div>\r\n\t\t\t\t\t<\/div>\r\n\t\t\t\t<\/li>\r\n\t\t\t\t\t\t\t\t\t<li>\r\n\t\t\t\t\t<div class=\"foogallery-pile\">\r\n\t\t\t\t\t\t<div class=\"foogallery-pile-inner\">\r\n\t\t\t\t\t\t\t<a href=\"https:\/\/www.zus-exnarova.sk\/1234\/fotoalbum\/gallery\/ii-vianocny-koncert-%f0%9f%8e%8418-12-2025-%f0%9f%92%96palffyho-palac-na-zamockej-ul\" target=\"_self\">\r\n\t\t\t\t\t\t\t\t<img decoding=\"async\"  src=\"https:\/\/www.zus-exnarova.sk\/1234\/wp-content\/uploads\/cache\/2025\/12\/DSCF1595-scaled\/497432546.jpg\" width=\"250\" height=\"250\" class=\"skip-lazy\" \/>\t\t\t\t\t\t\t\t\t\t\t\t\t\t\t\t<h3>II. Viano\u010dn\u00fd koncert \ud83c\udf8418.12.2025 \ud83d\udc96P\u00e1lffyho pal\u00e1c na Z\u00e1mockej ul.\t\t\t\t\t\t\t\t\t<span>36 images<\/span>\r\n\t\t\t\t\t\t\t\t<\/h3>\r\n\t\t\t\t\t\t\t<\/a>\r\n\t\t\t\t\t\t<\/div>\r\n\t\t\t\t\t<\/div>\r\n\t\t\t\t<\/li>\r\n\t\t\t\t\t\t\t\t\t<li>\r\n\t\t\t\t\t<div class=\"foogallery-pile\">\r\n\t\t\t\t\t\t<div class=\"foogallery-pile-inner\">\r\n\t\t\t\t\t\t\t<a href=\"https:\/\/www.zus-exnarova.sk\/1234\/fotoalbum\/gallery\/i-vianocny-koncert-%f0%9f%8e%8410-12-2025-novy-evanjelicky-kostol-legionarska\" target=\"_self\">\r\n\t\t\t\t\t\t\t\t<img decoding=\"async\"  src=\"https:\/\/www.zus-exnarova.sk\/1234\/wp-content\/uploads\/cache\/2025\/12\/8A3A1246-scaled\/3657284012.jpg\" width=\"250\" height=\"250\" class=\"skip-lazy\" \/>\t\t\t\t\t\t\t\t\t\t\t\t\t\t\t\t<h3>I. Viano\u010dn\u00fd koncert \ud83c\udf8410.12.2025 Nov\u00fd evanjelick\u00fd kostol Legion\u00e1rska\t\t\t\t\t\t\t\t\t<span>33 images<\/span>\r\n\t\t\t\t\t\t\t\t<\/h3>\r\n\t\t\t\t\t\t\t<\/a>\r\n\t\t\t\t\t\t<\/div>\r\n\t\t\t\t\t<\/div>\r\n\t\t\t\t<\/li>\r\n\t\t\t\t\t\t\t\t\t<li>\r\n\t\t\t\t\t<div class=\"foogallery-pile\">\r\n\t\t\t\t\t\t<div class=\"foogallery-pile-inner\">\r\n\t\t\t\t\t\t\t<a href=\"https:\/\/www.zus-exnarova.sk\/1234\/fotoalbum\/gallery\/zaverecny-koncert-hudobne-pozdravy-8-6-2025-zrkadlova-sien\" target=\"_self\">\r\n\t\t\t\t\t\t\t\t<img loading=\"lazy\" decoding=\"async\"  src=\"https:\/\/www.zus-exnarova.sk\/1234\/wp-content\/uploads\/cache\/2025\/07\/DSCF1133\/1616648807.jpg\" width=\"250\" height=\"250\" class=\"skip-lazy\" \/>\t\t\t\t\t\t\t\t\t\t\t\t\t\t\t\t<h3>Z\u00e1vere\u010dn\u00fd koncert HUDOBN\u00c9 POZDRAVY, 8.6.2025 Zrkadlov\u00e1 sie\u0148\t\t\t\t\t\t\t\t\t<span>64 images<\/span>\r\n\t\t\t\t\t\t\t\t<\/h3>\r\n\t\t\t\t\t\t\t<\/a>\r\n\t\t\t\t\t\t<\/div>\r\n\t\t\t\t\t<\/div>\r\n\t\t\t\t<\/li>\r\n\t\t\t\t\t\t\t\t\t<li>\r\n\t\t\t\t\t<div class=\"foogallery-pile\">\r\n\t\t\t\t\t\t<div class=\"foogallery-pile-inner\">\r\n\t\t\t\t\t\t\t<a href=\"https:\/\/www.zus-exnarova.sk\/1234\/fotoalbum\/gallery\/divadelne-predstavenie-ziakov-ldo-letuskino-tajomstvo-27-5-2025-dk-ruzinov\" target=\"_self\">\r\n\t\t\t\t\t\t\t\t<img loading=\"lazy\" decoding=\"async\"  src=\"https:\/\/www.zus-exnarova.sk\/1234\/wp-content\/uploads\/cache\/2025\/07\/DSCF0444-scaled\/1813396707.jpg\" width=\"250\" height=\"250\" class=\"skip-lazy\" \/>\t\t\t\t\t\t\t\t\t\t\t\t\t\t\t\t<h3>Divadeln\u00e9 predstavenie \u017eiakov LDO &#8211; Letu\u0161kino tajomstvo, 27.5.2025 DK Ru\u017einov\t\t\t\t\t\t\t\t\t<span>13 images<\/span>\r\n\t\t\t\t\t\t\t\t<\/h3>\r\n\t\t\t\t\t\t\t<\/a>\r\n\t\t\t\t\t\t<\/div>\r\n\t\t\t\t\t<\/div>\r\n\t\t\t\t<\/li>\r\n\t\t\t\t\t\t\t\t\t<li>\r\n\t\t\t\t\t<div class=\"foogallery-pile\">\r\n\t\t\t\t\t\t<div class=\"foogallery-pile-inner\">\r\n\t\t\t\t\t\t\t<a href=\"https:\/\/www.zus-exnarova.sk\/1234\/fotoalbum\/gallery\/divadelne-predstavenie-ziakov-ldo-alica-v-krajine-zazrakov-27-5-2025-dk-ruzinov\" target=\"_self\">\r\n\t\t\t\t\t\t\t\t<img loading=\"lazy\" decoding=\"async\"  src=\"https:\/\/www.zus-exnarova.sk\/1234\/wp-content\/uploads\/cache\/2025\/07\/DSCF0473-scaled\/2081095772.jpg\" width=\"250\" height=\"250\" class=\"skip-lazy\" \/>\t\t\t\t\t\t\t\t\t\t\t\t\t\t\t\t<h3>Divadeln\u00e9 predstavenie \u017eiakov LDO &#8211; Alica v krajine z\u00e1zrakov, 27.5.2025 DK Ru\u017einov\t\t\t\t\t\t\t\t\t<span>33 images<\/span>\r\n\t\t\t\t\t\t\t\t<\/h3>\r\n\t\t\t\t\t\t\t<\/a>\r\n\t\t\t\t\t\t<\/div>\r\n\t\t\t\t\t<\/div>\r\n\t\t\t\t<\/li>\r\n\t\t\t\t\t\t\t\t\t<li>\r\n\t\t\t\t\t<div class=\"foogallery-pile\">\r\n\t\t\t\t\t\t<div class=\"foogallery-pile-inner\">\r\n\t\t\t\t\t\t\t<a href=\"https:\/\/www.zus-exnarova.sk\/1234\/fotoalbum\/gallery\/divadelne-predstavenie-ziakov-ldo-m-twain-tom-sawyer-29-5-2025-dk-ruzinov\" target=\"_self\">\r\n\t\t\t\t\t\t\t\t<img loading=\"lazy\" decoding=\"async\"  src=\"https:\/\/www.zus-exnarova.sk\/1234\/wp-content\/uploads\/cache\/2025\/07\/DSCF0609\/42388697.jpg\" width=\"250\" height=\"250\" class=\"skip-lazy\" \/>\t\t\t\t\t\t\t\t\t\t\t\t\t\t\t\t<h3>Divadeln\u00e9 predstavenie \u017eiakov LDO &#8211; M. Twain: Tom Sawyer, 30.5.2025 DK Ru\u017einov\t\t\t\t\t\t\t\t\t<span>57 images<\/span>\r\n\t\t\t\t\t\t\t\t<\/h3>\r\n\t\t\t\t\t\t\t<\/a>\r\n\t\t\t\t\t\t<\/div>\r\n\t\t\t\t\t<\/div>\r\n\t\t\t\t<\/li>\r\n\t\t\t\t\t\t\t\t\t<li>\r\n\t\t\t\t\t<div class=\"foogallery-pile\">\r\n\t\t\t\t\t\t<div class=\"foogallery-pile-inner\">\r\n\t\t\t\t\t\t\t<a href=\"https:\/\/www.zus-exnarova.sk\/1234\/fotoalbum\/gallery\/3140\" target=\"_self\">\r\n\t\t\t\t\t\t\t\t<img loading=\"lazy\" decoding=\"async\"  src=\"https:\/\/www.zus-exnarova.sk\/1234\/wp-content\/uploads\/cache\/2025\/07\/DSCF0999\/2156840168.jpg\" width=\"250\" height=\"250\" class=\"skip-lazy\" \/>\t\t\t\t\t\t\t\t\t\t\t\t\t\t\t\t<h3>Divadeln\u00e9 predstavenie \u017eiakov LDO &#8211; O. Wilde: Milosrdn\u00fd milion\u00e1r, 30.5.2025 DK Ru\u017einov\t\t\t\t\t\t\t\t\t<span>34 images<\/span>\r\n\t\t\t\t\t\t\t\t<\/h3>\r\n\t\t\t\t\t\t\t<\/a>\r\n\t\t\t\t\t\t<\/div>\r\n\t\t\t\t\t<\/div>\r\n\t\t\t\t<\/li>\r\n\t\t\t\t\t\t\t\t\t<li>\r\n\t\t\t\t\t<div class=\"foogallery-pile\">\r\n\t\t\t\t\t\t<div class=\"foogallery-pile-inner\">\r\n\t\t\t\t\t\t\t<a href=\"https:\/\/www.zus-exnarova.sk\/1234\/fotoalbum\/gallery\/tanecne-predstavenie-ziakov-z-triedy-pani-ucitelky-dominiky-gresakovej-a-katariny-turanyiovej%f0%9f%8c%b726-5-2025-v-sd-nivy%f0%9f%8c%9e\" target=\"_self\">\r\n\t\t\t\t\t\t\t\t<img loading=\"lazy\" decoding=\"async\"  src=\"https:\/\/www.zus-exnarova.sk\/1234\/wp-content\/uploads\/cache\/2025\/06\/DSCF0396\/4060645662.jpg\" width=\"250\" height=\"250\" class=\"skip-lazy\" \/>\t\t\t\t\t\t\t\t\t\t\t\t\t\t\t\t<h3>Tane\u010dn\u00e9 predstavenie \u017eiakov z triedy pani u\u010dite\u013eky Dominiky Gre\u0161\u00e1kovej a Katar\u00edny Tur\u00e1nyiovej\ud83c\udf3726.5.2025 v SD Nivy\ud83c\udf1e\t\t\t\t\t\t\t\t\t<span>62 images<\/span>\r\n\t\t\t\t\t\t\t\t<\/h3>\r\n\t\t\t\t\t\t\t<\/a>\r\n\t\t\t\t\t\t<\/div>\r\n\t\t\t\t\t<\/div>\r\n\t\t\t\t<\/li>\r\n\t\t\t\t\t\t\t\t\t<li>\r\n\t\t\t\t\t<div class=\"foogallery-pile\">\r\n\t\t\t\t\t\t<div class=\"foogallery-pile-inner\">\r\n\t\t\t\t\t\t\t<a href=\"https:\/\/www.zus-exnarova.sk\/1234\/fotoalbum\/gallery\/slavik-slovenska-2025-okresne-kolo-bratislava-ii\" target=\"_self\">\r\n\t\t\t\t\t\t\t\t<img loading=\"lazy\" decoding=\"async\"  src=\"https:\/\/www.zus-exnarova.sk\/1234\/wp-content\/uploads\/cache\/2025\/05\/DSCF9842\/1787209161.jpg\" width=\"250\" height=\"250\" class=\"skip-lazy\" \/>\t\t\t\t\t\t\t\t\t\t\t\t\t\t\t\t<h3>Sl\u00e1vik Slovenska 2025 Okresn\u00e9 kolo Bratislava II\t\t\t\t\t\t\t\t\t<span>34 images<\/span>\r\n\t\t\t\t\t\t\t\t<\/h3>\r\n\t\t\t\t\t\t\t<\/a>\r\n\t\t\t\t\t\t<\/div>\r\n\t\t\t\t\t<\/div>\r\n\t\t\t\t<\/li>\r\n\t\t\t\t\t\t\t\t\t<li>\r\n\t\t\t\t\t<div class=\"foogallery-pile\">\r\n\t\t\t\t\t\t<div class=\"foogallery-pile-inner\">\r\n\t\t\t\t\t\t\t<a href=\"https:\/\/www.zus-exnarova.sk\/1234\/fotoalbum\/gallery\/otvor-oci-vystava-vytvarneho-odboru-justiho-sien-bratislava-14-4-2025\" target=\"_self\">\r\n\t\t\t\t\t\t\t\t<img loading=\"lazy\" decoding=\"async\"  src=\"https:\/\/www.zus-exnarova.sk\/1234\/wp-content\/uploads\/cache\/2025\/05\/DSCF9794-scaled\/1306387482.jpg\" width=\"250\" height=\"250\" class=\"skip-lazy\" \/>\t\t\t\t\t\t\t\t\t\t\t\t\t\t\t\t<h3>Otvor o\u010di! v\u00fdstava V\u00fdtvarn\u00e9ho odboru Justiho sie\u0148, Bratislava 14.4.2025\t\t\t\t\t\t\t\t\t<span>24 images<\/span>\r\n\t\t\t\t\t\t\t\t<\/h3>\r\n\t\t\t\t\t\t\t<\/a>\r\n\t\t\t\t\t\t<\/div>\r\n\t\t\t\t\t<\/div>\r\n\t\t\t\t<\/li>\r\n\t\t\t\t\t\t\t\t\t<li>\r\n\t\t\t\t\t<div class=\"foogallery-pile\">\r\n\t\t\t\t\t\t<div class=\"foogallery-pile-inner\">\r\n\t\t\t\t\t\t\t<a href=\"https:\/\/www.zus-exnarova.sk\/1234\/fotoalbum\/gallery\/koncert-ku-dnu-ucitelov-27-3-2025-seminarna-sala-uk-v-bratislave\" target=\"_self\">\r\n\t\t\t\t\t\t\t\t<img loading=\"lazy\" decoding=\"async\"  src=\"https:\/\/www.zus-exnarova.sk\/1234\/wp-content\/uploads\/cache\/2025\/04\/PHOTO-2025-03-31-22-57-13_1\/1239658127.jpg\" width=\"250\" height=\"250\" class=\"skip-lazy\" \/>\t\t\t\t\t\t\t\t\t\t\t\t\t\t\t\t<h3>Koncert ku D\u0148u u\u010dite\u013eov 27.3.2025 Semin\u00e1rna s\u00e1la UK v Bratislave\t\t\t\t\t\t\t\t\t<span>60 images<\/span>\r\n\t\t\t\t\t\t\t\t<\/h3>\r\n\t\t\t\t\t\t\t<\/a>\r\n\t\t\t\t\t\t<\/div>\r\n\t\t\t\t\t<\/div>\r\n\t\t\t\t<\/li>\r\n\t\t\t\t\t\t\t\t\t<li>\r\n\t\t\t\t\t<div class=\"foogallery-pile\">\r\n\t\t\t\t\t\t<div class=\"foogallery-pile-inner\">\r\n\t\t\t\t\t\t\t<a href=\"https:\/\/www.zus-exnarova.sk\/1234\/fotoalbum\/gallery\/vianocny-koncert-zus-exnarova-6-12-2024-zrkadlova-sien\" target=\"_self\">\r\n\t\t\t\t\t\t\t\t<img loading=\"lazy\" decoding=\"async\"  src=\"https:\/\/www.zus-exnarova.sk\/1234\/wp-content\/uploads\/cache\/2024\/12\/DSCF9478\/2746235477.jpg\" width=\"250\" height=\"250\" class=\"skip-lazy\" \/>\t\t\t\t\t\t\t\t\t\t\t\t\t\t\t\t<h3>Viano\u010dn\u00fd koncert ZU\u0160 Exn\u00e1rova, 6. 12. 2024 Zrkadlov\u00e1 sie\u0148\t\t\t\t\t\t\t\t\t<span>59 images<\/span>\r\n\t\t\t\t\t\t\t\t<\/h3>\r\n\t\t\t\t\t\t\t<\/a>\r\n\t\t\t\t\t\t<\/div>\r\n\t\t\t\t\t<\/div>\r\n\t\t\t\t<\/li>\r\n\t\t\t\t\t\t\t\t\t<li>\r\n\t\t\t\t\t<div class=\"foogallery-pile\">\r\n\t\t\t\t\t\t<div class=\"foogallery-pile-inner\">\r\n\t\t\t\t\t\t\t<a href=\"https:\/\/www.zus-exnarova.sk\/1234\/fotoalbum\/gallery\/knihoplavci-23-10-2024-foto-b-ezsolova\" target=\"_self\">\r\n\t\t\t\t\t\t\t\t<img loading=\"lazy\" decoding=\"async\"  src=\"https:\/\/www.zus-exnarova.sk\/1234\/wp-content\/uploads\/cache\/2024\/11\/Knihoplavci-23_10-1\/1909254035.jpg\" width=\"250\" height=\"250\" class=\"skip-lazy\" \/>\t\t\t\t\t\t\t\t\t\t\t\t\t\t\t\t<h3>Knihoplavci, 23.10.2024, foto: B. \u00c9zs\u00f6lov\u00e1\t\t\t\t\t\t\t\t\t<span>12 images<\/span>\r\n\t\t\t\t\t\t\t\t<\/h3>\r\n\t\t\t\t\t\t\t<\/a>\r\n\t\t\t\t\t\t<\/div>\r\n\t\t\t\t\t<\/div>\r\n\t\t\t\t<\/li>\r\n\t\t\t\t\t\t\t\t\t<li>\r\n\t\t\t\t\t<div class=\"foogallery-pile\">\r\n\t\t\t\t\t\t<div class=\"foogallery-pile-inner\">\r\n\t\t\t\t\t\t\t<a href=\"https:\/\/www.zus-exnarova.sk\/1234\/fotoalbum\/gallery\/slavnostny-koncert-50-vyrocie-zalozenia-zus-exnarova-6-slovenska-filharmonia\" target=\"_self\">\r\n\t\t\t\t\t\t\t\t<img loading=\"lazy\" decoding=\"async\"  src=\"https:\/\/www.zus-exnarova.sk\/1234\/wp-content\/uploads\/cache\/2024\/11\/1-scaled\/391878135.jpg\" width=\"250\" height=\"250\" class=\"skip-lazy\" \/>\t\t\t\t\t\t\t\t\t\t\t\t\t\t\t\t<h3>Sl\u00e1vnostn\u00fd koncert 50. v\u00fdro\u010die zalo\u017eenia ZU\u0160 Exn\u00e1rova 6, Slovensk\u00e1 filharm\u00f3nia\t\t\t\t\t\t\t\t\t<span>80 images<\/span>\r\n\t\t\t\t\t\t\t\t<\/h3>\r\n\t\t\t\t\t\t\t<\/a>\r\n\t\t\t\t\t\t<\/div>\r\n\t\t\t\t\t<\/div>\r\n\t\t\t\t<\/li>\r\n\t\t\t\t\t\t\t\t\t<li>\r\n\t\t\t\t\t<div class=\"foogallery-pile\">\r\n\t\t\t\t\t\t<div class=\"foogallery-pile-inner\">\r\n\t\t\t\t\t\t\t<a href=\"https:\/\/www.zus-exnarova.sk\/1234\/fotoalbum\/gallery\/koncert-zus-exnarova-stredisko-kultury-vajnorska6-6-2024\" target=\"_self\">\r\n\t\t\t\t\t\t\t\t<img loading=\"lazy\" decoding=\"async\"  src=\"https:\/\/www.zus-exnarova.sk\/1234\/wp-content\/uploads\/cache\/2024\/10\/IMG_4613u\/1312426350.jpg\" width=\"250\" height=\"250\" class=\"skip-lazy\" \/>\t\t\t\t\t\t\t\t\t\t\t\t\t\t\t\t<h3>Koncert ZU\u0160 Exn\u00e1rova, Stredisko kult\u00fary Vajnorsk\u00e16 6 2024\t\t\t\t\t\t\t\t\t<span>20 images<\/span>\r\n\t\t\t\t\t\t\t\t<\/h3>\r\n\t\t\t\t\t\t\t<\/a>\r\n\t\t\t\t\t\t<\/div>\r\n\t\t\t\t\t<\/div>\r\n\t\t\t\t<\/li>\r\n\t\t\t\t\t\t\t\t\t<li>\r\n\t\t\t\t\t<div class=\"foogallery-pile\">\r\n\t\t\t\t\t\t<div class=\"foogallery-pile-inner\">\r\n\t\t\t\t\t\t\t<a href=\"https:\/\/www.zus-exnarova.sk\/1234\/fotoalbum\/gallery\/tanec-pre-radost-dk-ruzinov-24-6-2024\" target=\"_self\">\r\n\t\t\t\t\t\t\t\t<img loading=\"lazy\" decoding=\"async\"  src=\"https:\/\/www.zus-exnarova.sk\/1234\/wp-content\/uploads\/cache\/2024\/10\/DSCF9470-scaled\/1782636620.jpg\" width=\"250\" height=\"250\" class=\"skip-lazy\" \/>\t\t\t\t\t\t\t\t\t\t\t\t\t\t\t\t<h3>Tanec pre rados\u0165, DK Ru\u017einov, 24 6 2024\t\t\t\t\t\t\t\t\t<span>102 images<\/span>\r\n\t\t\t\t\t\t\t\t<\/h3>\r\n\t\t\t\t\t\t\t<\/a>\r\n\t\t\t\t\t\t<\/div>\r\n\t\t\t\t\t<\/div>\r\n\t\t\t\t<\/li>\r\n\t\t\t\t\t\t\t\t\t<li>\r\n\t\t\t\t\t<div class=\"foogallery-pile\">\r\n\t\t\t\t\t\t<div class=\"foogallery-pile-inner\">\r\n\t\t\t\t\t\t\t<a href=\"https:\/\/www.zus-exnarova.sk\/1234\/fotoalbum\/gallery\/harry-potter-carovne-nastroje\" target=\"_self\">\r\n\t\t\t\t\t\t\t\t<img loading=\"lazy\" decoding=\"async\"  src=\"https:\/\/www.zus-exnarova.sk\/1234\/wp-content\/uploads\/cache\/2024\/10\/IMG_0789\/2652646537.jpeg\" width=\"250\" height=\"250\" class=\"skip-lazy\" \/>\t\t\t\t\t\t\t\t\t\t\t\t\t\t\t\t<h3>Harry Potter \u010carovn\u00e9 n\u00e1stroje\t\t\t\t\t\t\t\t\t<span>7 images<\/span>\r\n\t\t\t\t\t\t\t\t<\/h3>\r\n\t\t\t\t\t\t\t<\/a>\r\n\t\t\t\t\t\t<\/div>\r\n\t\t\t\t\t<\/div>\r\n\t\t\t\t<\/li>\r\n\t\t\t\t\t\t\t\t\t<li>\r\n\t\t\t\t\t<div class=\"foogallery-pile\">\r\n\t\t\t\t\t\t<div class=\"foogallery-pile-inner\">\r\n\t\t\t\t\t\t\t<a href=\"https:\/\/www.zus-exnarova.sk\/1234\/fotoalbum\/gallery\/vystava-vytvarneho-odboru\" target=\"_self\">\r\n\t\t\t\t\t\t\t\t<img loading=\"lazy\" decoding=\"async\"  src=\"https:\/\/www.zus-exnarova.sk\/1234\/wp-content\/uploads\/cache\/2024\/10\/0001\/318041048.jpg\" width=\"250\" height=\"250\" class=\"skip-lazy\" \/>\t\t\t\t\t\t\t\t\t\t\t\t\t\t\t\t<h3>V\u00fdstava V\u00fdtvarn\u00e9ho odboru\t\t\t\t\t\t\t\t\t<span>39 images<\/span>\r\n\t\t\t\t\t\t\t\t<\/h3>\r\n\t\t\t\t\t\t\t<\/a>\r\n\t\t\t\t\t\t<\/div>\r\n\t\t\t\t\t<\/div>\r\n\t\t\t\t<\/li>\r\n\t\t\t\t\t\t\t\t\t<li>\r\n\t\t\t\t\t<div class=\"foogallery-pile\">\r\n\t\t\t\t\t\t<div class=\"foogallery-pile-inner\">\r\n\t\t\t\t\t\t\t<a href=\"https:\/\/www.zus-exnarova.sk\/1234\/fotoalbum\/gallery\/hudobne-pozdravy-jun-2024\" target=\"_self\">\r\n\t\t\t\t\t\t\t\t<img loading=\"lazy\" decoding=\"async\"  src=\"https:\/\/www.zus-exnarova.sk\/1234\/wp-content\/uploads\/cache\/2024\/08\/DSCF8628-scaled\/1970521296.jpg\" width=\"250\" height=\"250\" class=\"skip-lazy\" \/>\t\t\t\t\t\t\t\t\t\t\t\t\t\t\t\t<h3>Hudobn\u00e9 Pozdravy J\u00fan 2024\t\t\t\t\t\t\t\t\t<span>36 images<\/span>\r\n\t\t\t\t\t\t\t\t<\/h3>\r\n\t\t\t\t\t\t\t<\/a>\r\n\t\t\t\t\t\t<\/div>\r\n\t\t\t\t\t<\/div>\r\n\t\t\t\t<\/li>\r\n\t\t\t\t\t\t\t\t\t<li>\r\n\t\t\t\t\t<div class=\"foogallery-pile\">\r\n\t\t\t\t\t\t<div class=\"foogallery-pile-inner\">\r\n\t\t\t\t\t\t\t<a href=\"https:\/\/www.zus-exnarova.sk\/1234\/fotoalbum\/gallery\/1669\" target=\"_self\">\r\n\t\t\t\t\t\t\t\t<img loading=\"lazy\" decoding=\"async\"  src=\"https:\/\/www.zus-exnarova.sk\/1234\/wp-content\/uploads\/cache\/2024\/06\/DSCF4343\/2194924532.jpg\" width=\"250\" height=\"250\" class=\"skip-lazy\" \/>\t\t\t\t\t\t\t\t\t\t\t\t\t\t\t\t<h3>Divadeln\u00e9 predstavenie Liter\u00e1rno-dramatick\u00e9ho odboru A. Lindgrenov\u00e1: Pipi Dlh\u00e1 Pan\u010ducha\t\t\t\t\t\t\t\t\t<span>18 images<\/span>\r\n\t\t\t\t\t\t\t\t<\/h3>\r\n\t\t\t\t\t\t\t<\/a>\r\n\t\t\t\t\t\t<\/div>\r\n\t\t\t\t\t<\/div>\r\n\t\t\t\t<\/li>\r\n\t\t\t\t\t\t\t\t\t<li>\r\n\t\t\t\t\t<div class=\"foogallery-pile\">\r\n\t\t\t\t\t\t<div class=\"foogallery-pile-inner\">\r\n\t\t\t\t\t\t\t<a href=\"https:\/\/www.zus-exnarova.sk\/1234\/fotoalbum\/gallery\/cestne-uznanie-a-podakovanie-mgr-anne-miklovicovej\" target=\"_self\">\r\n\t\t\t\t\t\t\t\t<img loading=\"lazy\" decoding=\"async\"  src=\"https:\/\/www.zus-exnarova.sk\/1234\/wp-content\/uploads\/cache\/2024\/05\/a57d69c9-dd0a-47ac-8515-1f17e9f8af96\/259071527.jpg\" width=\"250\" height=\"250\" class=\"skip-lazy\" \/>\t\t\t\t\t\t\t\t\t\t\t\t\t\t\t\t<h3>\u010cestn\u00e9 uznanie a po\u010fakovanie Mgr. Anne Miklovi\u010dovej\t\t\t\t\t\t\t\t\t<span>7 images<\/span>\r\n\t\t\t\t\t\t\t\t<\/h3>\r\n\t\t\t\t\t\t\t<\/a>\r\n\t\t\t\t\t\t<\/div>\r\n\t\t\t\t\t<\/div>\r\n\t\t\t\t<\/li>\r\n\t\t\t\t\t\t\t\t\t<li>\r\n\t\t\t\t\t<div class=\"foogallery-pile\">\r\n\t\t\t\t\t\t<div class=\"foogallery-pile-inner\">\r\n\t\t\t\t\t\t\t<a href=\"https:\/\/www.zus-exnarova.sk\/1234\/fotoalbum\/gallery\/vytvarka-z-exnarky-vystava-vytvarneho-odboru-april-2023\" target=\"_self\">\r\n\t\t\t\t\t\t\t\t<img loading=\"lazy\" decoding=\"async\"  src=\"https:\/\/www.zus-exnarova.sk\/1234\/wp-content\/uploads\/cache\/2024\/05\/DSC01865-scaled\/3187169054.jpg\" width=\"250\" height=\"250\" class=\"skip-lazy\" \/>\t\t\t\t\t\t\t\t\t\t\t\t\t\t\t\t<h3>V\u00fdtvarka z Exn\u00e1rky v\u00fdstava V\u00fdtvarn\u00e9ho odboru apr\u00edl 2023\t\t\t\t\t\t\t\t\t<span>45 images<\/span>\r\n\t\t\t\t\t\t\t\t<\/h3>\r\n\t\t\t\t\t\t\t<\/a>\r\n\t\t\t\t\t\t<\/div>\r\n\t\t\t\t\t<\/div>\r\n\t\t\t\t<\/li>\r\n\t\t\t\t\t\t\t\t\t<li>\r\n\t\t\t\t\t<div class=\"foogallery-pile\">\r\n\t\t\t\t\t\t<div class=\"foogallery-pile-inner\">\r\n\t\t\t\t\t\t\t<a href=\"https:\/\/www.zus-exnarova.sk\/1234\/fotoalbum\/gallery\/koncert-ku-dnu-ucitelov-21-3-2024\" target=\"_self\">\r\n\t\t\t\t\t\t\t\t<img loading=\"lazy\" decoding=\"async\"  src=\"https:\/\/www.zus-exnarova.sk\/1234\/wp-content\/uploads\/cache\/2024\/05\/aDSCF6496\/1658281025.jpg\" width=\"250\" height=\"250\" class=\"skip-lazy\" \/>\t\t\t\t\t\t\t\t\t\t\t\t\t\t\t\t<h3>Koncert ku D\u0148u u\u010dite\u013eov 21.3.2024\t\t\t\t\t\t\t\t\t<span>33 images<\/span>\r\n\t\t\t\t\t\t\t\t<\/h3>\r\n\t\t\t\t\t\t\t<\/a>\r\n\t\t\t\t\t\t<\/div>\r\n\t\t\t\t\t<\/div>\r\n\t\t\t\t<\/li>\r\n\t\t\t\t\t\t\t\t\t<li>\r\n\t\t\t\t\t<div class=\"foogallery-pile\">\r\n\t\t\t\t\t\t<div class=\"foogallery-pile-inner\">\r\n\t\t\t\t\t\t\t<a href=\"https:\/\/www.zus-exnarova.sk\/1234\/fotoalbum\/gallery\/vianocny-koncert-2023\" target=\"_self\">\r\n\t\t\t\t\t\t\t\t<img loading=\"lazy\" decoding=\"async\"  src=\"https:\/\/www.zus-exnarova.sk\/1234\/wp-content\/uploads\/cache\/2024\/05\/IMG_0128-scaled\/468239911.jpg\" width=\"250\" height=\"250\" class=\"skip-lazy\" \/>\t\t\t\t\t\t\t\t\t\t\t\t\t\t\t\t<h3>Viano\u010dn\u00fd koncert 2023\t\t\t\t\t\t\t\t\t<span>56 images<\/span>\r\n\t\t\t\t\t\t\t\t<\/h3>\r\n\t\t\t\t\t\t\t<\/a>\r\n\t\t\t\t\t\t<\/div>\r\n\t\t\t\t\t<\/div>\r\n\t\t\t\t<\/li>\r\n\t\t\t\t\t\t<\/ul>\r\n\t<div style=\"clear: both;\"><\/div>\r\n<\/div>\r\n\t\t\t\t\t\t<\/div>\n\t\t\t\t<\/div>\n\t\t\t\t\t<\/div>\n\t\t\t\t<\/div>\n\t\t\t\t<\/div>\n\t\t","protected":false},"excerpt":{"rendered":"","protected":false},"author":1,"featured_media":0,"parent":0,"menu_order":0,"comment_status":"closed","ping_status":"closed","template":"","meta":{"_monsterinsights_skip_tracking":false,"_monsterinsights_sitenote_active":false,"_monsterinsights_sitenote_note":"","_monsterinsights_sitenote_category":0,"footnotes":""},"class_list":["post-1186","page","type-page","status-publish","hentry"],"yoast_head":"<!-- This site is optimized with the Yoast SEO plugin v23.4 - https:\/\/yoast.com\/wordpress\/plugins\/seo\/ -->\n<title>FotoAlbum - Z\u00e1kladn\u00e1 Umeleck\u00e1 \u0160kola Exn\u00e1rova 6<\/title>\n<meta name=\"robots\" content=\"index, follow, max-snippet:-1, max-image-preview:large, max-video-preview:-1\" \/>\n<link rel=\"canonical\" href=\"https:\/\/www.zus-exnarova.sk\/1234\/fotoalbum\/\" \/>\n<meta property=\"og:locale\" content=\"en_US\" \/>\n<meta property=\"og:type\" content=\"article\" \/>\n<meta property=\"og:title\" content=\"FotoAlbum - Z\u00e1kladn\u00e1 Umeleck\u00e1 \u0160kola Exn\u00e1rova 6\" \/>\n<meta property=\"og:url\" content=\"https:\/\/www.zus-exnarova.sk\/1234\/fotoalbum\/\" \/>\n<meta property=\"og:site_name\" content=\"Z\u00e1kladn\u00e1 Umeleck\u00e1 \u0160kola Exn\u00e1rova 6\" \/>\n<meta property=\"article:modified_time\" content=\"2024-09-05T15:40:52+00:00\" \/>\n<meta name=\"twitter:card\" content=\"summary_large_image\" \/>\n<meta name=\"twitter:label1\" content=\"Est. reading time\" \/>\n\t<meta name=\"twitter:data1\" content=\"1 minute\" \/>\n<script type=\"application\/ld+json\" class=\"yoast-schema-graph\">{\"@context\":\"https:\/\/schema.org\",\"@graph\":[{\"@type\":\"WebPage\",\"@id\":\"https:\/\/www.zus-exnarova.sk\/1234\/fotoalbum\/\",\"url\":\"https:\/\/www.zus-exnarova.sk\/1234\/fotoalbum\/\",\"name\":\"FotoAlbum - Z\u00e1kladn\u00e1 Umeleck\u00e1 \u0160kola Exn\u00e1rova 6\",\"isPartOf\":{\"@id\":\"https:\/\/www.zus-exnarova.sk\/1234\/#website\"},\"datePublished\":\"2024-05-21T12:04:27+00:00\",\"dateModified\":\"2024-09-05T15:40:52+00:00\",\"breadcrumb\":{\"@id\":\"https:\/\/www.zus-exnarova.sk\/1234\/fotoalbum\/#breadcrumb\"},\"inLanguage\":\"en-US\",\"potentialAction\":[{\"@type\":\"ReadAction\",\"target\":[\"https:\/\/www.zus-exnarova.sk\/1234\/fotoalbum\/\"]}]},{\"@type\":\"BreadcrumbList\",\"@id\":\"https:\/\/www.zus-exnarova.sk\/1234\/fotoalbum\/#breadcrumb\",\"itemListElement\":[{\"@type\":\"ListItem\",\"position\":1,\"name\":\"Home\",\"item\":\"https:\/\/www.zus-exnarova.sk\/1234\/\"},{\"@type\":\"ListItem\",\"position\":2,\"name\":\"FotoAlbum\"}]},{\"@type\":\"WebSite\",\"@id\":\"https:\/\/www.zus-exnarova.sk\/1234\/#website\",\"url\":\"https:\/\/www.zus-exnarova.sk\/1234\/\",\"name\":\"Z\u00e1kladn\u00e1 Umeleck\u00e1 \u0160kola Exn\u00e1rova 6\",\"description\":\"\",\"potentialAction\":[{\"@type\":\"SearchAction\",\"target\":{\"@type\":\"EntryPoint\",\"urlTemplate\":\"https:\/\/www.zus-exnarova.sk\/1234\/?s={search_term_string}\"},\"query-input\":{\"@type\":\"PropertyValueSpecification\",\"valueRequired\":true,\"valueName\":\"search_term_string\"}}],\"inLanguage\":\"en-US\"}]}<\/script>\n<!-- \/ Yoast SEO plugin. -->","yoast_head_json":{"title":"FotoAlbum - Z\u00e1kladn\u00e1 Umeleck\u00e1 \u0160kola Exn\u00e1rova 6","robots":{"index":"index","follow":"follow","max-snippet":"max-snippet:-1","max-image-preview":"max-image-preview:large","max-video-preview":"max-video-preview:-1"},"canonical":"https:\/\/www.zus-exnarova.sk\/1234\/fotoalbum\/","og_locale":"en_US","og_type":"article","og_title":"FotoAlbum - Z\u00e1kladn\u00e1 Umeleck\u00e1 \u0160kola Exn\u00e1rova 6","og_url":"https:\/\/www.zus-exnarova.sk\/1234\/fotoalbum\/","og_site_name":"Z\u00e1kladn\u00e1 Umeleck\u00e1 \u0160kola Exn\u00e1rova 6","article_modified_time":"2024-09-05T15:40:52+00:00","twitter_card":"summary_large_image","twitter_misc":{"Est. reading time":"1 minute"},"schema":{"@context":"https:\/\/schema.org","@graph":[{"@type":"WebPage","@id":"https:\/\/www.zus-exnarova.sk\/1234\/fotoalbum\/","url":"https:\/\/www.zus-exnarova.sk\/1234\/fotoalbum\/","name":"FotoAlbum - Z\u00e1kladn\u00e1 Umeleck\u00e1 \u0160kola Exn\u00e1rova 6","isPartOf":{"@id":"https:\/\/www.zus-exnarova.sk\/1234\/#website"},"datePublished":"2024-05-21T12:04:27+00:00","dateModified":"2024-09-05T15:40:52+00:00","breadcrumb":{"@id":"https:\/\/www.zus-exnarova.sk\/1234\/fotoalbum\/#breadcrumb"},"inLanguage":"en-US","potentialAction":[{"@type":"ReadAction","target":["https:\/\/www.zus-exnarova.sk\/1234\/fotoalbum\/"]}]},{"@type":"BreadcrumbList","@id":"https:\/\/www.zus-exnarova.sk\/1234\/fotoalbum\/#breadcrumb","itemListElement":[{"@type":"ListItem","position":1,"name":"Home","item":"https:\/\/www.zus-exnarova.sk\/1234\/"},{"@type":"ListItem","position":2,"name":"FotoAlbum"}]},{"@type":"WebSite","@id":"https:\/\/www.zus-exnarova.sk\/1234\/#website","url":"https:\/\/www.zus-exnarova.sk\/1234\/","name":"Z\u00e1kladn\u00e1 Umeleck\u00e1 \u0160kola Exn\u00e1rova 6","description":"","potentialAction":[{"@type":"SearchAction","target":{"@type":"EntryPoint","urlTemplate":"https:\/\/www.zus-exnarova.sk\/1234\/?s={search_term_string}"},"query-input":{"@type":"PropertyValueSpecification","valueRequired":true,"valueName":"search_term_string"}}],"inLanguage":"en-US"}]}},"_links":{"self":[{"href":"https:\/\/www.zus-exnarova.sk\/1234\/wp-json\/wp\/v2\/pages\/1186"}],"collection":[{"href":"https:\/\/www.zus-exnarova.sk\/1234\/wp-json\/wp\/v2\/pages"}],"about":[{"href":"https:\/\/www.zus-exnarova.sk\/1234\/wp-json\/wp\/v2\/types\/page"}],"author":[{"embeddable":true,"href":"https:\/\/www.zus-exnarova.sk\/1234\/wp-json\/wp\/v2\/users\/1"}],"replies":[{"embeddable":true,"href":"https:\/\/www.zus-exnarova.sk\/1234\/wp-json\/wp\/v2\/comments?post=1186"}],"version-history":[{"count":6,"href":"https:\/\/www.zus-exnarova.sk\/1234\/wp-json\/wp\/v2\/pages\/1186\/revisions"}],"predecessor-version":[{"id":1808,"href":"https:\/\/www.zus-exnarova.sk\/1234\/wp-json\/wp\/v2\/pages\/1186\/revisions\/1808"}],"wp:attachment":[{"href":"https:\/\/www.zus-exnarova.sk\/1234\/wp-json\/wp\/v2\/media?parent=1186"}],"curies":[{"name":"wp","href":"https:\/\/api.w.org\/{rel}","templated":true}]}}