{"id":2150,"date":"2024-10-26T09:05:55","date_gmt":"2024-10-26T07:05:55","guid":{"rendered":"https:\/\/www.zus-exnarova.sk\/1234\/?page_id=2150"},"modified":"2025-09-08T20:49:57","modified_gmt":"2025-09-08T18:49:57","slug":"vnutorny-poriadok-skoly-pre-ziakov-2024_2025-2","status":"publish","type":"page","link":"https:\/\/www.zus-exnarova.sk\/1234\/vnutorny-poriadok-skoly-pre-ziakov-2024_2025-2\/","title":{"rendered":"Vn\u00fatorn\u00fd poriadok \u0161koly pre \u017eiakov"},"content":{"rendered":"\t\t<div data-elementor-type=\"wp-page\" data-elementor-id=\"2150\" class=\"elementor elementor-2150\">\n\t\t\t\t<div class=\"elementor-element elementor-element-7a2ead7 e-flex e-con-boxed e-con e-parent\" data-id=\"7a2ead7\" data-element_type=\"container\">\n\t\t\t\t\t<div class=\"e-con-inner\">\n\t\t\t\t<div class=\"elementor-element elementor-element-d6e6d3e elementor-widget elementor-widget-text-editor\" data-id=\"d6e6d3e\" data-element_type=\"widget\" data-widget_type=\"text-editor.default\">\n\t\t\t\t<div class=\"elementor-widget-container\">\n\t\t\t\t\t\t\t<p><a href=\"https:\/\/www.zus-exnarova.sk\/1234\/wp-content\/uploads\/2025\/09\/Vnutorny-poriadok-skoly-pre-ziakov-2025_2026.pdf\">Vn\u00fatorn\u00fd poriadok 2025\/2026<\/a><\/p>\t\t\t\t\t\t<\/div>\n\t\t\t\t<\/div>\n\t\t\t\t\t<\/div>\n\t\t\t\t<\/div>\n\t\t\t\t<\/div>\n\t\t","protected":false},"excerpt":{"rendered":"<p>Vn\u00fatorn\u00fd poriadok 2025\/2026<\/p>\n","protected":false},"author":2,"featured_media":0,"parent":0,"menu_order":0,"comment_status":"closed","ping_status":"closed","template":"","meta":{"_monsterinsights_skip_tracking":false,"_monsterinsights_sitenote_active":false,"_monsterinsights_sitenote_note":"","_monsterinsights_sitenote_category":0,"footnotes":""},"class_list":["post-2150","page","type-page","status-publish","hentry"],"yoast_head":"<!-- This site is optimized with the Yoast SEO plugin v23.4 - https:\/\/yoast.com\/wordpress\/plugins\/seo\/ -->\n<title>Vn\u00fatorn\u00fd poriadok \u0161koly pre \u017eiakov - Z\u00e1kladn\u00e1 Umeleck\u00e1 \u0160kola Exn\u00e1rova 6<\/title>\n<meta name=\"robots\" content=\"index, follow, max-snippet:-1, max-image-preview:large, max-video-preview:-1\" \/>\n<link rel=\"canonical\" href=\"https:\/\/www.zus-exnarova.sk\/1234\/vnutorny-poriadok-skoly-pre-ziakov-2024_2025-2\/\" \/>\n<meta property=\"og:locale\" content=\"en_US\" \/>\n<meta property=\"og:type\" content=\"article\" \/>\n<meta property=\"og:title\" content=\"Vn\u00fatorn\u00fd poriadok \u0161koly pre \u017eiakov - Z\u00e1kladn\u00e1 Umeleck\u00e1 \u0160kola Exn\u00e1rova 6\" \/>\n<meta property=\"og:description\" content=\"Vn\u00fatorn\u00fd poriadok 2025\/2026\" \/>\n<meta property=\"og:url\" content=\"https:\/\/www.zus-exnarova.sk\/1234\/vnutorny-poriadok-skoly-pre-ziakov-2024_2025-2\/\" \/>\n<meta property=\"og:site_name\" content=\"Z\u00e1kladn\u00e1 Umeleck\u00e1 \u0160kola Exn\u00e1rova 6\" \/>\n<meta property=\"article:modified_time\" content=\"2025-09-08T18:49:57+00:00\" \/>\n<meta name=\"twitter:card\" content=\"summary_large_image\" \/>\n<meta name=\"twitter:label1\" content=\"Est. reading time\" \/>\n\t<meta name=\"twitter:data1\" content=\"1 minute\" \/>\n<script type=\"application\/ld+json\" class=\"yoast-schema-graph\">{\"@context\":\"https:\/\/schema.org\",\"@graph\":[{\"@type\":\"WebPage\",\"@id\":\"https:\/\/www.zus-exnarova.sk\/1234\/vnutorny-poriadok-skoly-pre-ziakov-2024_2025-2\/\",\"url\":\"https:\/\/www.zus-exnarova.sk\/1234\/vnutorny-poriadok-skoly-pre-ziakov-2024_2025-2\/\",\"name\":\"Vn\u00fatorn\u00fd poriadok \u0161koly pre \u017eiakov - Z\u00e1kladn\u00e1 Umeleck\u00e1 \u0160kola Exn\u00e1rova 6\",\"isPartOf\":{\"@id\":\"https:\/\/www.zus-exnarova.sk\/1234\/#website\"},\"datePublished\":\"2024-10-26T07:05:55+00:00\",\"dateModified\":\"2025-09-08T18:49:57+00:00\",\"breadcrumb\":{\"@id\":\"https:\/\/www.zus-exnarova.sk\/1234\/vnutorny-poriadok-skoly-pre-ziakov-2024_2025-2\/#breadcrumb\"},\"inLanguage\":\"en-US\",\"potentialAction\":[{\"@type\":\"ReadAction\",\"target\":[\"https:\/\/www.zus-exnarova.sk\/1234\/vnutorny-poriadok-skoly-pre-ziakov-2024_2025-2\/\"]}]},{\"@type\":\"BreadcrumbList\",\"@id\":\"https:\/\/www.zus-exnarova.sk\/1234\/vnutorny-poriadok-skoly-pre-ziakov-2024_2025-2\/#breadcrumb\",\"itemListElement\":[{\"@type\":\"ListItem\",\"position\":1,\"name\":\"Home\",\"item\":\"https:\/\/www.zus-exnarova.sk\/1234\/\"},{\"@type\":\"ListItem\",\"position\":2,\"name\":\"Vn\u00fatorn\u00fd poriadok \u0161koly pre \u017eiakov\"}]},{\"@type\":\"WebSite\",\"@id\":\"https:\/\/www.zus-exnarova.sk\/1234\/#website\",\"url\":\"https:\/\/www.zus-exnarova.sk\/1234\/\",\"name\":\"Z\u00e1kladn\u00e1 Umeleck\u00e1 \u0160kola Exn\u00e1rova 6\",\"description\":\"\",\"potentialAction\":[{\"@type\":\"SearchAction\",\"target\":{\"@type\":\"EntryPoint\",\"urlTemplate\":\"https:\/\/www.zus-exnarova.sk\/1234\/?s={search_term_string}\"},\"query-input\":{\"@type\":\"PropertyValueSpecification\",\"valueRequired\":true,\"valueName\":\"search_term_string\"}}],\"inLanguage\":\"en-US\"}]}<\/script>\n<!-- \/ Yoast SEO plugin. -->","yoast_head_json":{"title":"Vn\u00fatorn\u00fd poriadok \u0161koly pre \u017eiakov - Z\u00e1kladn\u00e1 Umeleck\u00e1 \u0160kola Exn\u00e1rova 6","robots":{"index":"index","follow":"follow","max-snippet":"max-snippet:-1","max-image-preview":"max-image-preview:large","max-video-preview":"max-video-preview:-1"},"canonical":"https:\/\/www.zus-exnarova.sk\/1234\/vnutorny-poriadok-skoly-pre-ziakov-2024_2025-2\/","og_locale":"en_US","og_type":"article","og_title":"Vn\u00fatorn\u00fd poriadok \u0161koly pre \u017eiakov - Z\u00e1kladn\u00e1 Umeleck\u00e1 \u0160kola Exn\u00e1rova 6","og_description":"Vn\u00fatorn\u00fd poriadok 2025\/2026","og_url":"https:\/\/www.zus-exnarova.sk\/1234\/vnutorny-poriadok-skoly-pre-ziakov-2024_2025-2\/","og_site_name":"Z\u00e1kladn\u00e1 Umeleck\u00e1 \u0160kola Exn\u00e1rova 6","article_modified_time":"2025-09-08T18:49:57+00:00","twitter_card":"summary_large_image","twitter_misc":{"Est. reading time":"1 minute"},"schema":{"@context":"https:\/\/schema.org","@graph":[{"@type":"WebPage","@id":"https:\/\/www.zus-exnarova.sk\/1234\/vnutorny-poriadok-skoly-pre-ziakov-2024_2025-2\/","url":"https:\/\/www.zus-exnarova.sk\/1234\/vnutorny-poriadok-skoly-pre-ziakov-2024_2025-2\/","name":"Vn\u00fatorn\u00fd poriadok \u0161koly pre \u017eiakov - Z\u00e1kladn\u00e1 Umeleck\u00e1 \u0160kola Exn\u00e1rova 6","isPartOf":{"@id":"https:\/\/www.zus-exnarova.sk\/1234\/#website"},"datePublished":"2024-10-26T07:05:55+00:00","dateModified":"2025-09-08T18:49:57+00:00","breadcrumb":{"@id":"https:\/\/www.zus-exnarova.sk\/1234\/vnutorny-poriadok-skoly-pre-ziakov-2024_2025-2\/#breadcrumb"},"inLanguage":"en-US","potentialAction":[{"@type":"ReadAction","target":["https:\/\/www.zus-exnarova.sk\/1234\/vnutorny-poriadok-skoly-pre-ziakov-2024_2025-2\/"]}]},{"@type":"BreadcrumbList","@id":"https:\/\/www.zus-exnarova.sk\/1234\/vnutorny-poriadok-skoly-pre-ziakov-2024_2025-2\/#breadcrumb","itemListElement":[{"@type":"ListItem","position":1,"name":"Home","item":"https:\/\/www.zus-exnarova.sk\/1234\/"},{"@type":"ListItem","position":2,"name":"Vn\u00fatorn\u00fd poriadok \u0161koly pre \u017eiakov"}]},{"@type":"WebSite","@id":"https:\/\/www.zus-exnarova.sk\/1234\/#website","url":"https:\/\/www.zus-exnarova.sk\/1234\/","name":"Z\u00e1kladn\u00e1 Umeleck\u00e1 \u0160kola Exn\u00e1rova 6","description":"","potentialAction":[{"@type":"SearchAction","target":{"@type":"EntryPoint","urlTemplate":"https:\/\/www.zus-exnarova.sk\/1234\/?s={search_term_string}"},"query-input":{"@type":"PropertyValueSpecification","valueRequired":true,"valueName":"search_term_string"}}],"inLanguage":"en-US"}]}},"_links":{"self":[{"href":"https:\/\/www.zus-exnarova.sk\/1234\/wp-json\/wp\/v2\/pages\/2150"}],"collection":[{"href":"https:\/\/www.zus-exnarova.sk\/1234\/wp-json\/wp\/v2\/pages"}],"about":[{"href":"https:\/\/www.zus-exnarova.sk\/1234\/wp-json\/wp\/v2\/types\/page"}],"author":[{"embeddable":true,"href":"https:\/\/www.zus-exnarova.sk\/1234\/wp-json\/wp\/v2\/users\/2"}],"replies":[{"embeddable":true,"href":"https:\/\/www.zus-exnarova.sk\/1234\/wp-json\/wp\/v2\/comments?post=2150"}],"version-history":[{"count":6,"href":"https:\/\/www.zus-exnarova.sk\/1234\/wp-json\/wp\/v2\/pages\/2150\/revisions"}],"predecessor-version":[{"id":3383,"href":"https:\/\/www.zus-exnarova.sk\/1234\/wp-json\/wp\/v2\/pages\/2150\/revisions\/3383"}],"wp:attachment":[{"href":"https:\/\/www.zus-exnarova.sk\/1234\/wp-json\/wp\/v2\/media?parent=2150"}],"curies":[{"name":"wp","href":"https:\/\/api.w.org\/{rel}","templated":true}]}}