{"id":221,"date":"2024-03-25T00:47:30","date_gmt":"2024-03-24T23:47:30","guid":{"rendered":"https:\/\/www.zus-exnarova.sk\/1234\/?page_id=221"},"modified":"2024-05-31T06:18:22","modified_gmt":"2024-05-31T04:18:22","slug":"hudobny-odbor","status":"publish","type":"page","link":"https:\/\/www.zus-exnarova.sk\/1234\/hudobny-odbor\/","title":{"rendered":"Hudobn\u00fd odbor"},"content":{"rendered":"\t\t<div data-elementor-type=\"wp-page\" data-elementor-id=\"221\" class=\"elementor elementor-221\">\n\t\t\t\t<div class=\"elementor-element elementor-element-2d43b0f animated-slow e-flex e-con-boxed elementor-invisible e-con e-parent\" data-id=\"2d43b0f\" data-element_type=\"container\" data-settings=\"{&quot;animation&quot;:&quot;fadeIn&quot;,&quot;animation_delay&quot;:50}\">\n\t\t\t\t\t<div class=\"e-con-inner\">\n\t\t\t\t<div class=\"elementor-element elementor-element-340c621 elementor-widget elementor-widget-heading\" data-id=\"340c621\" data-element_type=\"widget\" data-widget_type=\"heading.default\">\n\t\t\t\t<div class=\"elementor-widget-container\">\n\t\t\t<h2 class=\"elementor-heading-title elementor-size-default\">HUDOBN\u00dd ODBOR<\/h2>\t\t<\/div>\n\t\t\t\t<\/div>\n\t\t\t\t\t<\/div>\n\t\t\t\t<\/div>\n\t\t<div class=\"elementor-element elementor-element-27376a4 animated-slow e-flex e-con-boxed elementor-invisible e-con e-parent\" data-id=\"27376a4\" data-element_type=\"container\" data-settings=\"{&quot;animation&quot;:&quot;fadeIn&quot;,&quot;animation_delay&quot;:50}\">\n\t\t\t\t\t<div class=\"e-con-inner\">\n\t\t\t\t<div class=\"elementor-element elementor-element-73bb289 elementor-drop-cap-yes elementor-widget__width-initial elementor-drop-cap-view-default elementor-widget elementor-widget-text-editor\" data-id=\"73bb289\" data-element_type=\"widget\" data-settings=\"{&quot;drop_cap&quot;:&quot;yes&quot;}\" data-widget_type=\"text-editor.default\">\n\t\t\t\t<div class=\"elementor-widget-container\">\n\t\t\t\t\t\t\t<p>Okrem klasickej hudby pon\u00faka tento odbor \u0161irok\u00fa \u0161k\u00e1lu \u010fal\u0161\u00edch hudobn\u00fdch \u017e\u00e1nrov. \u017diaci sa zozn\u00e1mia aj s muzik\u00e1lom, \u013eudovou hudbou, d\u017eezom a \u010fal\u0161\u00edmi popul\u00e1rnymi \u017e\u00e1nrami. M\u00f4\u017eu si tie\u017e vybra\u0165 zo \u0161irokej ponuky \u0161t\u00fadia hry na r\u00f4znych hudobn\u00fdch n\u00e1strojoch alebo \u0161t\u00fadium spevu \u010di kompoz\u00edcie.<\/p><p>Formou individu\u00e1lneho \u0161t\u00fadia si deti rozv\u00edjaj\u00fa \u0161pecifick\u00e9 n\u00e1strojov\u00e9 alebo spev\u00e1cke schopnosti a zru\u010dnosti, umeleck\u00fd talent, emocionalitu, estetick\u00e9 c\u00edtenie a\u00a0formuj\u00fa svoju osobnos\u0165<em>. <br \/><\/em>\u017diaci sa po\u010das \u0161t\u00fadia hry na s\u00f3lov\u00fd n\u00e1stroj postupne vzdel\u00e1vaj\u00fa aj v \u0161tudijnom predmete komorn\u00e1 hra, v r\u00e1mci ktor\u00e9ho sa m\u00f4\u017eu sta\u0165 \u010dlenmi niektor\u00e9ho zo \u0161kolsk\u00fdch hudobn\u00fdch telies alebo v spev\u00e1ckom zbore.<\/p><p>Hudobn\u00fd odbor pon\u00faka:<\/p><p>Hra na klav\u00edri<\/p><p><span style=\"font-family: var( --e-global-typography-737dcb7-font-family ), Morning Breeze; font-size: var( --e-global-typography-737dcb7-font-size ); letter-spacing: var( --e-global-typography-737dcb7-letter-spacing ); word-spacing: var( --e-global-typography-737dcb7-word-spacing ); background-color: rgba(35, 28, 28, 0);\">Hra na sl\u00e1\u010dikov\u00fdch n\u00e1strojoch: husle, viola, violon\u010delo, kontrabas<\/span><\/p><p>Hra na dychov\u00fdch n\u00e1strojoch: zobcov\u00e1 flauta\/sopr\u00e1nov\u00e1, altov\u00e1, tenorov\u00e1, basov\u00e1, hoboj, prie\u010dna flauta, klarinet, fagot, lesn\u00fd roh, tr\u00fabka, saxof\u00f3n<\/p><p>Hra na gitare, elektrickej gitare, basovej elektrickej gitare<\/p><p>Hra na akorde\u00f3ne<\/p><p>Hra na harfe<\/p><p>Hra na cimbale;<\/p><p>Hra na bic\u00edch n\u00e1strojoch<\/p><p>Spev<\/p><p>Kompoz\u00edcia<\/p>\t\t\t\t\t\t<\/div>\n\t\t\t\t<\/div>\n\t\t\t\t\t<\/div>\n\t\t\t\t<\/div>\n\t\t\t\t<\/div>\n\t\t","protected":false},"excerpt":{"rendered":"<p>HUDOBN\u00dd ODBOR Okrem klasickej hudby pon\u00faka tento odbor \u0161irok\u00fa \u0161k\u00e1lu \u010fal\u0161\u00edch hudobn\u00fdch \u017e\u00e1nrov. \u017diaci sa zozn\u00e1mia aj s muzik\u00e1lom, \u013eudovou hudbou, d\u017eezom a \u010fal\u0161\u00edmi popul\u00e1rnymi \u017e\u00e1nrami. M\u00f4\u017eu si tie\u017e vybra\u0165 zo \u0161irokej ponuky \u0161t\u00fadia hry na r\u00f4znych hudobn\u00fdch n\u00e1strojoch alebo \u0161t\u00fadium spevu \u010di kompoz\u00edcie. Formou individu\u00e1lneho \u0161t\u00fadia si deti rozv\u00edjaj\u00fa \u0161pecifick\u00e9 n\u00e1strojov\u00e9 alebo spev\u00e1cke schopnosti [&hellip;]<\/p>\n","protected":false},"author":1,"featured_media":0,"parent":0,"menu_order":0,"comment_status":"closed","ping_status":"closed","template":"","meta":{"_monsterinsights_skip_tracking":false,"_monsterinsights_sitenote_active":false,"_monsterinsights_sitenote_note":"","_monsterinsights_sitenote_category":0,"footnotes":""},"class_list":["post-221","page","type-page","status-publish","hentry"],"yoast_head":"<!-- This site is optimized with the Yoast SEO plugin v23.4 - https:\/\/yoast.com\/wordpress\/plugins\/seo\/ -->\n<title>Hudobn\u00fd odbor - Z\u00e1kladn\u00e1 Umeleck\u00e1 \u0160kola Exn\u00e1rova 6<\/title>\n<meta name=\"robots\" content=\"index, follow, max-snippet:-1, max-image-preview:large, max-video-preview:-1\" \/>\n<link rel=\"canonical\" href=\"https:\/\/www.zus-exnarova.sk\/1234\/hudobny-odbor\/\" \/>\n<meta property=\"og:locale\" content=\"en_US\" \/>\n<meta property=\"og:type\" content=\"article\" \/>\n<meta property=\"og:title\" content=\"Hudobn\u00fd odbor - Z\u00e1kladn\u00e1 Umeleck\u00e1 \u0160kola Exn\u00e1rova 6\" \/>\n<meta property=\"og:description\" content=\"HUDOBN\u00dd ODBOR Okrem klasickej hudby pon\u00faka tento odbor \u0161irok\u00fa \u0161k\u00e1lu \u010fal\u0161\u00edch hudobn\u00fdch \u017e\u00e1nrov. \u017diaci sa zozn\u00e1mia aj s muzik\u00e1lom, \u013eudovou hudbou, d\u017eezom a \u010fal\u0161\u00edmi popul\u00e1rnymi \u017e\u00e1nrami. M\u00f4\u017eu si tie\u017e vybra\u0165 zo \u0161irokej ponuky \u0161t\u00fadia hry na r\u00f4znych hudobn\u00fdch n\u00e1strojoch alebo \u0161t\u00fadium spevu \u010di kompoz\u00edcie. Formou individu\u00e1lneho \u0161t\u00fadia si deti rozv\u00edjaj\u00fa \u0161pecifick\u00e9 n\u00e1strojov\u00e9 alebo spev\u00e1cke schopnosti [&hellip;]\" \/>\n<meta property=\"og:url\" content=\"https:\/\/www.zus-exnarova.sk\/1234\/hudobny-odbor\/\" \/>\n<meta property=\"og:site_name\" content=\"Z\u00e1kladn\u00e1 Umeleck\u00e1 \u0160kola Exn\u00e1rova 6\" \/>\n<meta property=\"article:modified_time\" content=\"2024-05-31T04:18:22+00:00\" \/>\n<meta property=\"og:image\" content=\"https:\/\/www.zus-exnarova.sk\/1234\/wp-content\/uploads\/2024\/03\/PianoPlayer.jpg\" \/>\n<meta name=\"twitter:card\" content=\"summary_large_image\" \/>\n<meta name=\"twitter:label1\" content=\"Est. reading time\" \/>\n\t<meta name=\"twitter:data1\" content=\"7 minutes\" \/>\n<script type=\"application\/ld+json\" class=\"yoast-schema-graph\">{\"@context\":\"https:\/\/schema.org\",\"@graph\":[{\"@type\":\"WebPage\",\"@id\":\"https:\/\/www.zus-exnarova.sk\/1234\/hudobny-odbor\/\",\"url\":\"https:\/\/www.zus-exnarova.sk\/1234\/hudobny-odbor\/\",\"name\":\"Hudobn\u00fd odbor - Z\u00e1kladn\u00e1 Umeleck\u00e1 \u0160kola Exn\u00e1rova 6\",\"isPartOf\":{\"@id\":\"https:\/\/www.zus-exnarova.sk\/1234\/#website\"},\"datePublished\":\"2024-03-24T23:47:30+00:00\",\"dateModified\":\"2024-05-31T04:18:22+00:00\",\"breadcrumb\":{\"@id\":\"https:\/\/www.zus-exnarova.sk\/1234\/hudobny-odbor\/#breadcrumb\"},\"inLanguage\":\"en-US\",\"potentialAction\":[{\"@type\":\"ReadAction\",\"target\":[\"https:\/\/www.zus-exnarova.sk\/1234\/hudobny-odbor\/\"]}]},{\"@type\":\"BreadcrumbList\",\"@id\":\"https:\/\/www.zus-exnarova.sk\/1234\/hudobny-odbor\/#breadcrumb\",\"itemListElement\":[{\"@type\":\"ListItem\",\"position\":1,\"name\":\"Home\",\"item\":\"https:\/\/www.zus-exnarova.sk\/1234\/\"},{\"@type\":\"ListItem\",\"position\":2,\"name\":\"Hudobn\u00fd odbor\"}]},{\"@type\":\"WebSite\",\"@id\":\"https:\/\/www.zus-exnarova.sk\/1234\/#website\",\"url\":\"https:\/\/www.zus-exnarova.sk\/1234\/\",\"name\":\"Z\u00e1kladn\u00e1 Umeleck\u00e1 \u0160kola Exn\u00e1rova 6\",\"description\":\"\",\"potentialAction\":[{\"@type\":\"SearchAction\",\"target\":{\"@type\":\"EntryPoint\",\"urlTemplate\":\"https:\/\/www.zus-exnarova.sk\/1234\/?s={search_term_string}\"},\"query-input\":{\"@type\":\"PropertyValueSpecification\",\"valueRequired\":true,\"valueName\":\"search_term_string\"}}],\"inLanguage\":\"en-US\"}]}<\/script>\n<!-- \/ Yoast SEO plugin. -->","yoast_head_json":{"title":"Hudobn\u00fd odbor - Z\u00e1kladn\u00e1 Umeleck\u00e1 \u0160kola Exn\u00e1rova 6","robots":{"index":"index","follow":"follow","max-snippet":"max-snippet:-1","max-image-preview":"max-image-preview:large","max-video-preview":"max-video-preview:-1"},"canonical":"https:\/\/www.zus-exnarova.sk\/1234\/hudobny-odbor\/","og_locale":"en_US","og_type":"article","og_title":"Hudobn\u00fd odbor - Z\u00e1kladn\u00e1 Umeleck\u00e1 \u0160kola Exn\u00e1rova 6","og_description":"HUDOBN\u00dd ODBOR Okrem klasickej hudby pon\u00faka tento odbor \u0161irok\u00fa \u0161k\u00e1lu \u010fal\u0161\u00edch hudobn\u00fdch \u017e\u00e1nrov. \u017diaci sa zozn\u00e1mia aj s muzik\u00e1lom, \u013eudovou hudbou, d\u017eezom a \u010fal\u0161\u00edmi popul\u00e1rnymi \u017e\u00e1nrami. M\u00f4\u017eu si tie\u017e vybra\u0165 zo \u0161irokej ponuky \u0161t\u00fadia hry na r\u00f4znych hudobn\u00fdch n\u00e1strojoch alebo \u0161t\u00fadium spevu \u010di kompoz\u00edcie. Formou individu\u00e1lneho \u0161t\u00fadia si deti rozv\u00edjaj\u00fa \u0161pecifick\u00e9 n\u00e1strojov\u00e9 alebo spev\u00e1cke schopnosti [&hellip;]","og_url":"https:\/\/www.zus-exnarova.sk\/1234\/hudobny-odbor\/","og_site_name":"Z\u00e1kladn\u00e1 Umeleck\u00e1 \u0160kola Exn\u00e1rova 6","article_modified_time":"2024-05-31T04:18:22+00:00","og_image":[{"url":"https:\/\/www.zus-exnarova.sk\/1234\/wp-content\/uploads\/2024\/03\/PianoPlayer.jpg"}],"twitter_card":"summary_large_image","twitter_misc":{"Est. reading time":"7 minutes"},"schema":{"@context":"https:\/\/schema.org","@graph":[{"@type":"WebPage","@id":"https:\/\/www.zus-exnarova.sk\/1234\/hudobny-odbor\/","url":"https:\/\/www.zus-exnarova.sk\/1234\/hudobny-odbor\/","name":"Hudobn\u00fd odbor - Z\u00e1kladn\u00e1 Umeleck\u00e1 \u0160kola Exn\u00e1rova 6","isPartOf":{"@id":"https:\/\/www.zus-exnarova.sk\/1234\/#website"},"datePublished":"2024-03-24T23:47:30+00:00","dateModified":"2024-05-31T04:18:22+00:00","breadcrumb":{"@id":"https:\/\/www.zus-exnarova.sk\/1234\/hudobny-odbor\/#breadcrumb"},"inLanguage":"en-US","potentialAction":[{"@type":"ReadAction","target":["https:\/\/www.zus-exnarova.sk\/1234\/hudobny-odbor\/"]}]},{"@type":"BreadcrumbList","@id":"https:\/\/www.zus-exnarova.sk\/1234\/hudobny-odbor\/#breadcrumb","itemListElement":[{"@type":"ListItem","position":1,"name":"Home","item":"https:\/\/www.zus-exnarova.sk\/1234\/"},{"@type":"ListItem","position":2,"name":"Hudobn\u00fd odbor"}]},{"@type":"WebSite","@id":"https:\/\/www.zus-exnarova.sk\/1234\/#website","url":"https:\/\/www.zus-exnarova.sk\/1234\/","name":"Z\u00e1kladn\u00e1 Umeleck\u00e1 \u0160kola Exn\u00e1rova 6","description":"","potentialAction":[{"@type":"SearchAction","target":{"@type":"EntryPoint","urlTemplate":"https:\/\/www.zus-exnarova.sk\/1234\/?s={search_term_string}"},"query-input":{"@type":"PropertyValueSpecification","valueRequired":true,"valueName":"search_term_string"}}],"inLanguage":"en-US"}]}},"_links":{"self":[{"href":"https:\/\/www.zus-exnarova.sk\/1234\/wp-json\/wp\/v2\/pages\/221"}],"collection":[{"href":"https:\/\/www.zus-exnarova.sk\/1234\/wp-json\/wp\/v2\/pages"}],"about":[{"href":"https:\/\/www.zus-exnarova.sk\/1234\/wp-json\/wp\/v2\/types\/page"}],"author":[{"embeddable":true,"href":"https:\/\/www.zus-exnarova.sk\/1234\/wp-json\/wp\/v2\/users\/1"}],"replies":[{"embeddable":true,"href":"https:\/\/www.zus-exnarova.sk\/1234\/wp-json\/wp\/v2\/comments?post=221"}],"version-history":[{"count":6,"href":"https:\/\/www.zus-exnarova.sk\/1234\/wp-json\/wp\/v2\/pages\/221\/revisions"}],"predecessor-version":[{"id":1571,"href":"https:\/\/www.zus-exnarova.sk\/1234\/wp-json\/wp\/v2\/pages\/221\/revisions\/1571"}],"wp:attachment":[{"href":"https:\/\/www.zus-exnarova.sk\/1234\/wp-json\/wp\/v2\/media?parent=221"}],"curies":[{"name":"wp","href":"https:\/\/api.w.org\/{rel}","templated":true}]}}