{"id":2774,"date":"2025-02-18T20:54:05","date_gmt":"2025-02-18T19:54:05","guid":{"rendered":"https:\/\/www.zus-exnarova.sk\/1234\/?page_id=2774"},"modified":"2026-03-03T06:11:43","modified_gmt":"2026-03-03T05:11:43","slug":"zverejnovanie-informacii","status":"publish","type":"page","link":"https:\/\/www.zus-exnarova.sk\/1234\/zverejnovanie-informacii\/","title":{"rendered":"Zverej\u0148ovanie inform\u00e1ci\u00ed"},"content":{"rendered":"\t\t<div data-elementor-type=\"wp-page\" data-elementor-id=\"2774\" class=\"elementor elementor-2774\">\n\t\t\t\t<div class=\"elementor-element elementor-element-28cca9d e-flex e-con-boxed e-con e-parent\" data-id=\"28cca9d\" data-element_type=\"container\">\n\t\t\t\t\t<div class=\"e-con-inner\">\n\t\t\t\t<div class=\"elementor-element elementor-element-6dc258c elementor-widget elementor-widget-text-editor\" data-id=\"6dc258c\" data-element_type=\"widget\" data-widget_type=\"text-editor.default\">\n\t\t\t\t<div class=\"elementor-widget-container\">\n\t\t\t\t\t\t\t<p><a href=\"https:\/\/www.zus-exnarova.sk\/1234\/wp-content\/uploads\/2025\/02\/ZUS_Exnarova_Zriadovacia_listina.pdf\">Zria\u010fovacia listina<\/a><\/p><p><a href=\"https:\/\/www.zus-exnarova.sk\/1234\/wp-content\/uploads\/2026\/02\/Eticky-kodex.pdf\">Etick\u00fd k\u00f3dex<\/a><\/p><p><a href=\"https:\/\/www.zus-exnarova.sk\/1234\/wp-content\/uploads\/2026\/03\/Prac_poriadok.pdf\">Pracovn\u00fd poriadok<\/a><\/p><p><a href=\"https:\/\/www.zus-exnarova.sk\/1234\/wp-content\/uploads\/2026\/03\/Organizacny-poriadok-skoly-2025.pdf\">Organiza\u010dn\u00fd poriadok<\/a><\/p><p><a href=\"https:\/\/www.zus-exnarova.sk\/1234\/wp-content\/uploads\/2026\/03\/Smernica-o-prijimani-a-vybavovani-podnetov-protispolocenskej-cinnosti.pdf\">Intern\u00e1 smernica Protispolo\u010densk\u00e1 \u010dinnos\u0165<\/a><\/p>\t\t\t\t\t\t<\/div>\n\t\t\t\t<\/div>\n\t\t\t\t\t<\/div>\n\t\t\t\t<\/div>\n\t\t\t\t<\/div>\n\t\t","protected":false},"excerpt":{"rendered":"<p>Zria\u010fovacia listina Etick\u00fd k\u00f3dex Pracovn\u00fd poriadok Organiza\u010dn\u00fd poriadok Intern\u00e1 smernica Protispolo\u010densk\u00e1 \u010dinnos\u0165<\/p>\n","protected":false},"author":2,"featured_media":0,"parent":0,"menu_order":0,"comment_status":"closed","ping_status":"closed","template":"","meta":{"_monsterinsights_skip_tracking":false,"_monsterinsights_sitenote_active":false,"_monsterinsights_sitenote_note":"","_monsterinsights_sitenote_category":0,"footnotes":""},"class_list":["post-2774","page","type-page","status-publish","hentry"],"yoast_head":"<!-- This site is optimized with the Yoast SEO plugin v23.4 - https:\/\/yoast.com\/wordpress\/plugins\/seo\/ -->\n<title>Zverej\u0148ovanie inform\u00e1ci\u00ed - Z\u00e1kladn\u00e1 Umeleck\u00e1 \u0160kola Exn\u00e1rova 6<\/title>\n<meta name=\"robots\" content=\"index, follow, max-snippet:-1, max-image-preview:large, max-video-preview:-1\" \/>\n<link rel=\"canonical\" href=\"https:\/\/www.zus-exnarova.sk\/1234\/zverejnovanie-informacii\/\" \/>\n<meta property=\"og:locale\" content=\"en_US\" \/>\n<meta property=\"og:type\" content=\"article\" \/>\n<meta property=\"og:title\" content=\"Zverej\u0148ovanie inform\u00e1ci\u00ed - Z\u00e1kladn\u00e1 Umeleck\u00e1 \u0160kola Exn\u00e1rova 6\" \/>\n<meta property=\"og:description\" content=\"Zria\u010fovacia listina Etick\u00fd k\u00f3dex Pracovn\u00fd poriadok Organiza\u010dn\u00fd poriadok Intern\u00e1 smernica Protispolo\u010densk\u00e1 \u010dinnos\u0165\" \/>\n<meta property=\"og:url\" content=\"https:\/\/www.zus-exnarova.sk\/1234\/zverejnovanie-informacii\/\" \/>\n<meta property=\"og:site_name\" content=\"Z\u00e1kladn\u00e1 Umeleck\u00e1 \u0160kola Exn\u00e1rova 6\" \/>\n<meta property=\"article:modified_time\" content=\"2026-03-03T05:11:43+00:00\" \/>\n<meta name=\"twitter:card\" content=\"summary_large_image\" \/>\n<meta name=\"twitter:label1\" content=\"Est. reading time\" \/>\n\t<meta name=\"twitter:data1\" content=\"1 minute\" \/>\n<script type=\"application\/ld+json\" class=\"yoast-schema-graph\">{\"@context\":\"https:\/\/schema.org\",\"@graph\":[{\"@type\":\"WebPage\",\"@id\":\"https:\/\/www.zus-exnarova.sk\/1234\/zverejnovanie-informacii\/\",\"url\":\"https:\/\/www.zus-exnarova.sk\/1234\/zverejnovanie-informacii\/\",\"name\":\"Zverej\u0148ovanie inform\u00e1ci\u00ed - Z\u00e1kladn\u00e1 Umeleck\u00e1 \u0160kola Exn\u00e1rova 6\",\"isPartOf\":{\"@id\":\"https:\/\/www.zus-exnarova.sk\/1234\/#website\"},\"datePublished\":\"2025-02-18T19:54:05+00:00\",\"dateModified\":\"2026-03-03T05:11:43+00:00\",\"breadcrumb\":{\"@id\":\"https:\/\/www.zus-exnarova.sk\/1234\/zverejnovanie-informacii\/#breadcrumb\"},\"inLanguage\":\"en-US\",\"potentialAction\":[{\"@type\":\"ReadAction\",\"target\":[\"https:\/\/www.zus-exnarova.sk\/1234\/zverejnovanie-informacii\/\"]}]},{\"@type\":\"BreadcrumbList\",\"@id\":\"https:\/\/www.zus-exnarova.sk\/1234\/zverejnovanie-informacii\/#breadcrumb\",\"itemListElement\":[{\"@type\":\"ListItem\",\"position\":1,\"name\":\"Home\",\"item\":\"https:\/\/www.zus-exnarova.sk\/1234\/\"},{\"@type\":\"ListItem\",\"position\":2,\"name\":\"Zverej\u0148ovanie inform\u00e1ci\u00ed\"}]},{\"@type\":\"WebSite\",\"@id\":\"https:\/\/www.zus-exnarova.sk\/1234\/#website\",\"url\":\"https:\/\/www.zus-exnarova.sk\/1234\/\",\"name\":\"Z\u00e1kladn\u00e1 Umeleck\u00e1 \u0160kola Exn\u00e1rova 6\",\"description\":\"\",\"potentialAction\":[{\"@type\":\"SearchAction\",\"target\":{\"@type\":\"EntryPoint\",\"urlTemplate\":\"https:\/\/www.zus-exnarova.sk\/1234\/?s={search_term_string}\"},\"query-input\":{\"@type\":\"PropertyValueSpecification\",\"valueRequired\":true,\"valueName\":\"search_term_string\"}}],\"inLanguage\":\"en-US\"}]}<\/script>\n<!-- \/ Yoast SEO plugin. -->","yoast_head_json":{"title":"Zverej\u0148ovanie inform\u00e1ci\u00ed - Z\u00e1kladn\u00e1 Umeleck\u00e1 \u0160kola Exn\u00e1rova 6","robots":{"index":"index","follow":"follow","max-snippet":"max-snippet:-1","max-image-preview":"max-image-preview:large","max-video-preview":"max-video-preview:-1"},"canonical":"https:\/\/www.zus-exnarova.sk\/1234\/zverejnovanie-informacii\/","og_locale":"en_US","og_type":"article","og_title":"Zverej\u0148ovanie inform\u00e1ci\u00ed - Z\u00e1kladn\u00e1 Umeleck\u00e1 \u0160kola Exn\u00e1rova 6","og_description":"Zria\u010fovacia listina Etick\u00fd k\u00f3dex Pracovn\u00fd poriadok Organiza\u010dn\u00fd poriadok Intern\u00e1 smernica Protispolo\u010densk\u00e1 \u010dinnos\u0165","og_url":"https:\/\/www.zus-exnarova.sk\/1234\/zverejnovanie-informacii\/","og_site_name":"Z\u00e1kladn\u00e1 Umeleck\u00e1 \u0160kola Exn\u00e1rova 6","article_modified_time":"2026-03-03T05:11:43+00:00","twitter_card":"summary_large_image","twitter_misc":{"Est. reading time":"1 minute"},"schema":{"@context":"https:\/\/schema.org","@graph":[{"@type":"WebPage","@id":"https:\/\/www.zus-exnarova.sk\/1234\/zverejnovanie-informacii\/","url":"https:\/\/www.zus-exnarova.sk\/1234\/zverejnovanie-informacii\/","name":"Zverej\u0148ovanie inform\u00e1ci\u00ed - Z\u00e1kladn\u00e1 Umeleck\u00e1 \u0160kola Exn\u00e1rova 6","isPartOf":{"@id":"https:\/\/www.zus-exnarova.sk\/1234\/#website"},"datePublished":"2025-02-18T19:54:05+00:00","dateModified":"2026-03-03T05:11:43+00:00","breadcrumb":{"@id":"https:\/\/www.zus-exnarova.sk\/1234\/zverejnovanie-informacii\/#breadcrumb"},"inLanguage":"en-US","potentialAction":[{"@type":"ReadAction","target":["https:\/\/www.zus-exnarova.sk\/1234\/zverejnovanie-informacii\/"]}]},{"@type":"BreadcrumbList","@id":"https:\/\/www.zus-exnarova.sk\/1234\/zverejnovanie-informacii\/#breadcrumb","itemListElement":[{"@type":"ListItem","position":1,"name":"Home","item":"https:\/\/www.zus-exnarova.sk\/1234\/"},{"@type":"ListItem","position":2,"name":"Zverej\u0148ovanie inform\u00e1ci\u00ed"}]},{"@type":"WebSite","@id":"https:\/\/www.zus-exnarova.sk\/1234\/#website","url":"https:\/\/www.zus-exnarova.sk\/1234\/","name":"Z\u00e1kladn\u00e1 Umeleck\u00e1 \u0160kola Exn\u00e1rova 6","description":"","potentialAction":[{"@type":"SearchAction","target":{"@type":"EntryPoint","urlTemplate":"https:\/\/www.zus-exnarova.sk\/1234\/?s={search_term_string}"},"query-input":{"@type":"PropertyValueSpecification","valueRequired":true,"valueName":"search_term_string"}}],"inLanguage":"en-US"}]}},"_links":{"self":[{"href":"https:\/\/www.zus-exnarova.sk\/1234\/wp-json\/wp\/v2\/pages\/2774"}],"collection":[{"href":"https:\/\/www.zus-exnarova.sk\/1234\/wp-json\/wp\/v2\/pages"}],"about":[{"href":"https:\/\/www.zus-exnarova.sk\/1234\/wp-json\/wp\/v2\/types\/page"}],"author":[{"embeddable":true,"href":"https:\/\/www.zus-exnarova.sk\/1234\/wp-json\/wp\/v2\/users\/2"}],"replies":[{"embeddable":true,"href":"https:\/\/www.zus-exnarova.sk\/1234\/wp-json\/wp\/v2\/comments?post=2774"}],"version-history":[{"count":6,"href":"https:\/\/www.zus-exnarova.sk\/1234\/wp-json\/wp\/v2\/pages\/2774\/revisions"}],"predecessor-version":[{"id":3792,"href":"https:\/\/www.zus-exnarova.sk\/1234\/wp-json\/wp\/v2\/pages\/2774\/revisions\/3792"}],"wp:attachment":[{"href":"https:\/\/www.zus-exnarova.sk\/1234\/wp-json\/wp\/v2\/media?parent=2774"}],"curies":[{"name":"wp","href":"https:\/\/api.w.org\/{rel}","templated":true}]}}