{"id":3645,"date":"2026-01-21T08:57:49","date_gmt":"2026-01-21T07:57:49","guid":{"rendered":"https:\/\/www.zus-exnarova.sk\/1234\/?page_id=3645"},"modified":"2026-01-27T07:23:41","modified_gmt":"2026-01-27T06:23:41","slug":"pridajte-sa-k-nam-vasimi-2","status":"publish","type":"page","link":"https:\/\/www.zus-exnarova.sk\/1234\/pridajte-sa-k-nam-vasimi-2\/","title":{"rendered":"Pridajte sa k n\u00e1m va\u0161imi 2% a podporte v\u00fdchovu umen\u00edm"},"content":{"rendered":"\t\t<div data-elementor-type=\"wp-page\" data-elementor-id=\"3645\" class=\"elementor elementor-3645\">\n\t\t\t\t<div class=\"elementor-element elementor-element-5e056a1 e-flex e-con-boxed e-con e-parent\" data-id=\"5e056a1\" data-element_type=\"container\">\n\t\t\t\t\t<div class=\"e-con-inner\">\n\t\t\t\t\t<\/div>\n\t\t\t\t<\/div>\n\t\t<div class=\"elementor-element elementor-element-f593d0a e-flex e-con-boxed e-con e-parent\" data-id=\"f593d0a\" data-element_type=\"container\">\n\t\t\t\t\t<div class=\"e-con-inner\">\n\t\t\t\t<div class=\"elementor-element elementor-element-8834b37 elementor-widget elementor-widget-text-editor\" data-id=\"8834b37\" data-element_type=\"widget\" data-widget_type=\"text-editor.default\">\n\t\t\t\t<div class=\"elementor-widget-container\">\n\t\t\t\t\t\t\t<p style=\"font-weight: 400;\">V\u00e1\u017een\u00ed rodi\u010dia, z\u00e1konn\u00ed z\u00e1stupcovia a priatelia ZU\u0160,<\/p><p style=\"font-weight: 400;\">s rados\u0165ou V\u00e1s chceme informova\u0165, \u017ee Zdru\u017eenie rodi\u010dov (ZR\u0160) pri ZU\u0160 Exn\u00e1rova v Bratislave bolo \u00faspe\u0161ne zaregistrovan\u00e9 medzi prij\u00edmate\u013eov\u00a02\u00a0% z dane.\u00a0V tejto s\u00favislosti sa na V\u00e1s obraciame s prosbou o podporu prostredn\u00edctvom pouk\u00e1zania \u010dasti Va\u0161ej zaplatenej dane.<\/p><p style=\"font-weight: 400;\">Pr\u00edspevky pl\u00e1nujeme vyu\u017ei\u0165 na nasleduj\u00face \u00fa\u010dely:<\/p><ul><li style=\"font-weight: 400;\">podporu v\u00fdchovno-vzdel\u00e1vacieho procesu,<\/li><li style=\"font-weight: 400;\">zlep\u0161ovanie materi\u00e1lno-technick\u00fdch podmienok,<\/li><li style=\"font-weight: 400;\">financovanie \u0161kolsk\u00fdch podujat\u00ed &#8211; koncerty, v\u00fdstavy a in\u00e9 umeleck\u00e9 projekty.<\/li><\/ul><p style=\"font-weight: 400;\">Sme si plne vedom\u00ed, \u017ee v tomto obdob\u00ed m\u00f4\u017eete dost\u00e1va\u0165 obdobn\u00e9 \u017eiadosti z in\u00fdch in\u0161tit\u00faci\u00ed, ktor\u00e9 Va\u0161e deti nav\u0161tevuj\u00fa. Preto V\u00e1m budeme ve\u013emi v\u010fa\u010dn\u00ed, ak sa rozhodnete pre podporu pr\u00e1ve n\u00e1\u0161ho ZR\u0160 ako partnera ZU\u0160 Exn\u00e1rova.\u00a0<\/p><p style=\"font-weight: 400;\">Z\u00e1rove\u0148 si V\u00e1s dovo\u013eujeme po\u017eiada\u0165 o \u0161\u00edrenie tejto inform\u00e1cie medzi rodinn\u00fdmi pr\u00edslu\u0161n\u00edkmi (star\u00fdmi rodi\u010dmi) a priate\u013emi pokia\u013e maj\u00fa z\u00e1konn\u00fa mo\u017enos\u0165 darova\u0165\u00a02\u00a0% z dane.<\/p><p style=\"font-weight: 400;\">Pre zjednodu\u0161enie cel\u00e9ho administrat\u00edvneho postupu pani hospod\u00e1rka ZR\u0160 Mgr. Malinov\u00e1 pripravila tla\u010divo, ktor\u00e9 obsahuje v\u0161etky potrebn\u00e9 \u00fadaje.\u00a0<\/p><p><a href=\"https:\/\/www.zus-exnarova.sk\/1234\/wp-content\/uploads\/2026\/01\/vyhlasenie-2-nove.pdf\">Tla\u010divo 2% na stiahnutie<\/a><\/p><p style=\"font-weight: 400;\">Vopred V\u00e1m \u010fakujeme za V\u00e1\u0161 \u010das, ochotu a prejaven\u00fa d\u00f4veru.<\/p><p style=\"font-weight: 400;\">S \u00factou,<\/p><p style=\"font-weight: 400;\">Eva Makov\u00edni<\/p><p style=\"font-weight: 400;\">(predseda ZR\u0160 ZU\u0160 Exn\u00e1rova)<\/p><p style=\"font-weight: 400;\">Zdru\u017eenie rodi\u010dov pri Z\u00e1kladnej umeleckej \u0161kole, Bratislava<\/p><p style=\"font-weight: 400;\">I\u010cO: 308 10 892<\/p><p style=\"font-weight: 400;\">Bankov\u00e9 spojenie:<\/p><p style=\"font-weight: 400;\">\u010c\u00edslo \u00fa\u010dtu: 11468346 k\u00f3d banky: 0900<\/p><p style=\"font-weight: 400;\">IBAN SK79 0900 0000 0000 1146 8346<\/p>\t\t\t\t\t\t<\/div>\n\t\t\t\t<\/div>\n\t\t\t\t\t<\/div>\n\t\t\t\t<\/div>\n\t\t\t\t<\/div>\n\t\t","protected":false},"excerpt":{"rendered":"<p>V\u00e1\u017een\u00ed rodi\u010dia, z\u00e1konn\u00ed z\u00e1stupcovia a priatelia ZU\u0160, s rados\u0165ou V\u00e1s chceme informova\u0165, \u017ee Zdru\u017eenie rodi\u010dov (ZR\u0160) pri ZU\u0160 Exn\u00e1rova v Bratislave bolo \u00faspe\u0161ne zaregistrovan\u00e9 medzi prij\u00edmate\u013eov\u00a02\u00a0% z dane.\u00a0V tejto s\u00favislosti sa na V\u00e1s obraciame s prosbou o podporu prostredn\u00edctvom pouk\u00e1zania \u010dasti Va\u0161ej zaplatenej dane. Pr\u00edspevky pl\u00e1nujeme vyu\u017ei\u0165 na nasleduj\u00face \u00fa\u010dely: podporu v\u00fdchovno-vzdel\u00e1vacieho procesu, zlep\u0161ovanie materi\u00e1lno-technick\u00fdch [&hellip;]<\/p>\n","protected":false},"author":2,"featured_media":0,"parent":0,"menu_order":0,"comment_status":"closed","ping_status":"closed","template":"","meta":{"_monsterinsights_skip_tracking":false,"_monsterinsights_sitenote_active":false,"_monsterinsights_sitenote_note":"","_monsterinsights_sitenote_category":0,"footnotes":""},"class_list":["post-3645","page","type-page","status-publish","hentry"],"yoast_head":"<!-- This site is optimized with the Yoast SEO plugin v23.4 - https:\/\/yoast.com\/wordpress\/plugins\/seo\/ -->\n<title>Pridajte sa k n\u00e1m va\u0161imi 2% a podporte v\u00fdchovu umen\u00edm - Z\u00e1kladn\u00e1 Umeleck\u00e1 \u0160kola Exn\u00e1rova 6<\/title>\n<meta name=\"robots\" content=\"index, follow, max-snippet:-1, max-image-preview:large, max-video-preview:-1\" \/>\n<link rel=\"canonical\" href=\"https:\/\/www.zus-exnarova.sk\/1234\/pridajte-sa-k-nam-vasimi-2\/\" \/>\n<meta property=\"og:locale\" content=\"en_US\" \/>\n<meta property=\"og:type\" content=\"article\" \/>\n<meta property=\"og:title\" content=\"Pridajte sa k n\u00e1m va\u0161imi 2% a podporte v\u00fdchovu umen\u00edm - Z\u00e1kladn\u00e1 Umeleck\u00e1 \u0160kola Exn\u00e1rova 6\" \/>\n<meta property=\"og:description\" content=\"V\u00e1\u017een\u00ed rodi\u010dia, z\u00e1konn\u00ed z\u00e1stupcovia a priatelia ZU\u0160, s rados\u0165ou V\u00e1s chceme informova\u0165, \u017ee Zdru\u017eenie rodi\u010dov (ZR\u0160) pri ZU\u0160 Exn\u00e1rova v Bratislave bolo \u00faspe\u0161ne zaregistrovan\u00e9 medzi prij\u00edmate\u013eov\u00a02\u00a0% z dane.\u00a0V tejto s\u00favislosti sa na V\u00e1s obraciame s prosbou o podporu prostredn\u00edctvom pouk\u00e1zania \u010dasti Va\u0161ej zaplatenej dane. Pr\u00edspevky pl\u00e1nujeme vyu\u017ei\u0165 na nasleduj\u00face \u00fa\u010dely: podporu v\u00fdchovno-vzdel\u00e1vacieho procesu, zlep\u0161ovanie materi\u00e1lno-technick\u00fdch [&hellip;]\" \/>\n<meta property=\"og:url\" content=\"https:\/\/www.zus-exnarova.sk\/1234\/pridajte-sa-k-nam-vasimi-2\/\" \/>\n<meta property=\"og:site_name\" content=\"Z\u00e1kladn\u00e1 Umeleck\u00e1 \u0160kola Exn\u00e1rova 6\" \/>\n<meta property=\"article:modified_time\" content=\"2026-01-27T06:23:41+00:00\" \/>\n<meta name=\"twitter:card\" content=\"summary_large_image\" \/>\n<meta name=\"twitter:label1\" content=\"Est. reading time\" \/>\n\t<meta name=\"twitter:data1\" content=\"1 minute\" \/>\n<script type=\"application\/ld+json\" class=\"yoast-schema-graph\">{\"@context\":\"https:\/\/schema.org\",\"@graph\":[{\"@type\":\"WebPage\",\"@id\":\"https:\/\/www.zus-exnarova.sk\/1234\/pridajte-sa-k-nam-vasimi-2\/\",\"url\":\"https:\/\/www.zus-exnarova.sk\/1234\/pridajte-sa-k-nam-vasimi-2\/\",\"name\":\"Pridajte sa k n\u00e1m va\u0161imi 2% a podporte v\u00fdchovu umen\u00edm - Z\u00e1kladn\u00e1 Umeleck\u00e1 \u0160kola Exn\u00e1rova 6\",\"isPartOf\":{\"@id\":\"https:\/\/www.zus-exnarova.sk\/1234\/#website\"},\"datePublished\":\"2026-01-21T07:57:49+00:00\",\"dateModified\":\"2026-01-27T06:23:41+00:00\",\"breadcrumb\":{\"@id\":\"https:\/\/www.zus-exnarova.sk\/1234\/pridajte-sa-k-nam-vasimi-2\/#breadcrumb\"},\"inLanguage\":\"en-US\",\"potentialAction\":[{\"@type\":\"ReadAction\",\"target\":[\"https:\/\/www.zus-exnarova.sk\/1234\/pridajte-sa-k-nam-vasimi-2\/\"]}]},{\"@type\":\"BreadcrumbList\",\"@id\":\"https:\/\/www.zus-exnarova.sk\/1234\/pridajte-sa-k-nam-vasimi-2\/#breadcrumb\",\"itemListElement\":[{\"@type\":\"ListItem\",\"position\":1,\"name\":\"Home\",\"item\":\"https:\/\/www.zus-exnarova.sk\/1234\/\"},{\"@type\":\"ListItem\",\"position\":2,\"name\":\"Pridajte sa k n\u00e1m va\u0161imi 2% a podporte v\u00fdchovu umen\u00edm\"}]},{\"@type\":\"WebSite\",\"@id\":\"https:\/\/www.zus-exnarova.sk\/1234\/#website\",\"url\":\"https:\/\/www.zus-exnarova.sk\/1234\/\",\"name\":\"Z\u00e1kladn\u00e1 Umeleck\u00e1 \u0160kola Exn\u00e1rova 6\",\"description\":\"\",\"potentialAction\":[{\"@type\":\"SearchAction\",\"target\":{\"@type\":\"EntryPoint\",\"urlTemplate\":\"https:\/\/www.zus-exnarova.sk\/1234\/?s={search_term_string}\"},\"query-input\":{\"@type\":\"PropertyValueSpecification\",\"valueRequired\":true,\"valueName\":\"search_term_string\"}}],\"inLanguage\":\"en-US\"}]}<\/script>\n<!-- \/ Yoast SEO plugin. -->","yoast_head_json":{"title":"Pridajte sa k n\u00e1m va\u0161imi 2% a podporte v\u00fdchovu umen\u00edm - Z\u00e1kladn\u00e1 Umeleck\u00e1 \u0160kola Exn\u00e1rova 6","robots":{"index":"index","follow":"follow","max-snippet":"max-snippet:-1","max-image-preview":"max-image-preview:large","max-video-preview":"max-video-preview:-1"},"canonical":"https:\/\/www.zus-exnarova.sk\/1234\/pridajte-sa-k-nam-vasimi-2\/","og_locale":"en_US","og_type":"article","og_title":"Pridajte sa k n\u00e1m va\u0161imi 2% a podporte v\u00fdchovu umen\u00edm - Z\u00e1kladn\u00e1 Umeleck\u00e1 \u0160kola Exn\u00e1rova 6","og_description":"V\u00e1\u017een\u00ed rodi\u010dia, z\u00e1konn\u00ed z\u00e1stupcovia a priatelia ZU\u0160, s rados\u0165ou V\u00e1s chceme informova\u0165, \u017ee Zdru\u017eenie rodi\u010dov (ZR\u0160) pri ZU\u0160 Exn\u00e1rova v Bratislave bolo \u00faspe\u0161ne zaregistrovan\u00e9 medzi prij\u00edmate\u013eov\u00a02\u00a0% z dane.\u00a0V tejto s\u00favislosti sa na V\u00e1s obraciame s prosbou o podporu prostredn\u00edctvom pouk\u00e1zania \u010dasti Va\u0161ej zaplatenej dane. Pr\u00edspevky pl\u00e1nujeme vyu\u017ei\u0165 na nasleduj\u00face \u00fa\u010dely: podporu v\u00fdchovno-vzdel\u00e1vacieho procesu, zlep\u0161ovanie materi\u00e1lno-technick\u00fdch [&hellip;]","og_url":"https:\/\/www.zus-exnarova.sk\/1234\/pridajte-sa-k-nam-vasimi-2\/","og_site_name":"Z\u00e1kladn\u00e1 Umeleck\u00e1 \u0160kola Exn\u00e1rova 6","article_modified_time":"2026-01-27T06:23:41+00:00","twitter_card":"summary_large_image","twitter_misc":{"Est. reading time":"1 minute"},"schema":{"@context":"https:\/\/schema.org","@graph":[{"@type":"WebPage","@id":"https:\/\/www.zus-exnarova.sk\/1234\/pridajte-sa-k-nam-vasimi-2\/","url":"https:\/\/www.zus-exnarova.sk\/1234\/pridajte-sa-k-nam-vasimi-2\/","name":"Pridajte sa k n\u00e1m va\u0161imi 2% a podporte v\u00fdchovu umen\u00edm - Z\u00e1kladn\u00e1 Umeleck\u00e1 \u0160kola Exn\u00e1rova 6","isPartOf":{"@id":"https:\/\/www.zus-exnarova.sk\/1234\/#website"},"datePublished":"2026-01-21T07:57:49+00:00","dateModified":"2026-01-27T06:23:41+00:00","breadcrumb":{"@id":"https:\/\/www.zus-exnarova.sk\/1234\/pridajte-sa-k-nam-vasimi-2\/#breadcrumb"},"inLanguage":"en-US","potentialAction":[{"@type":"ReadAction","target":["https:\/\/www.zus-exnarova.sk\/1234\/pridajte-sa-k-nam-vasimi-2\/"]}]},{"@type":"BreadcrumbList","@id":"https:\/\/www.zus-exnarova.sk\/1234\/pridajte-sa-k-nam-vasimi-2\/#breadcrumb","itemListElement":[{"@type":"ListItem","position":1,"name":"Home","item":"https:\/\/www.zus-exnarova.sk\/1234\/"},{"@type":"ListItem","position":2,"name":"Pridajte sa k n\u00e1m va\u0161imi 2% a podporte v\u00fdchovu umen\u00edm"}]},{"@type":"WebSite","@id":"https:\/\/www.zus-exnarova.sk\/1234\/#website","url":"https:\/\/www.zus-exnarova.sk\/1234\/","name":"Z\u00e1kladn\u00e1 Umeleck\u00e1 \u0160kola Exn\u00e1rova 6","description":"","potentialAction":[{"@type":"SearchAction","target":{"@type":"EntryPoint","urlTemplate":"https:\/\/www.zus-exnarova.sk\/1234\/?s={search_term_string}"},"query-input":{"@type":"PropertyValueSpecification","valueRequired":true,"valueName":"search_term_string"}}],"inLanguage":"en-US"}]}},"_links":{"self":[{"href":"https:\/\/www.zus-exnarova.sk\/1234\/wp-json\/wp\/v2\/pages\/3645"}],"collection":[{"href":"https:\/\/www.zus-exnarova.sk\/1234\/wp-json\/wp\/v2\/pages"}],"about":[{"href":"https:\/\/www.zus-exnarova.sk\/1234\/wp-json\/wp\/v2\/types\/page"}],"author":[{"embeddable":true,"href":"https:\/\/www.zus-exnarova.sk\/1234\/wp-json\/wp\/v2\/users\/2"}],"replies":[{"embeddable":true,"href":"https:\/\/www.zus-exnarova.sk\/1234\/wp-json\/wp\/v2\/comments?post=3645"}],"version-history":[{"count":6,"href":"https:\/\/www.zus-exnarova.sk\/1234\/wp-json\/wp\/v2\/pages\/3645\/revisions"}],"predecessor-version":[{"id":3682,"href":"https:\/\/www.zus-exnarova.sk\/1234\/wp-json\/wp\/v2\/pages\/3645\/revisions\/3682"}],"wp:attachment":[{"href":"https:\/\/www.zus-exnarova.sk\/1234\/wp-json\/wp\/v2\/media?parent=3645"}],"curies":[{"name":"wp","href":"https:\/\/api.w.org\/{rel}","templated":true}]}}