{"id":3955,"date":"2026-04-17T07:40:05","date_gmt":"2026-04-17T05:40:05","guid":{"rendered":"https:\/\/www.zus-exnarova.sk\/1234\/?page_id=3955"},"modified":"2026-04-17T07:59:38","modified_gmt":"2026-04-17T05:59:38","slug":"ponuka-pracovneho-miesta-3","status":"publish","type":"page","link":"https:\/\/www.zus-exnarova.sk\/1234\/ponuka-pracovneho-miesta-3\/","title":{"rendered":"Ponuka pracovn\u00e9ho miesta"},"content":{"rendered":"\t\t<div data-elementor-type=\"wp-page\" data-elementor-id=\"3955\" class=\"elementor elementor-3955\">\n\t\t\t\t<div class=\"elementor-element elementor-element-93895b7 e-flex e-con-boxed e-con e-parent\" data-id=\"93895b7\" data-element_type=\"container\">\n\t\t\t\t\t<div class=\"e-con-inner\">\n\t\t\t\t<div class=\"elementor-element elementor-element-da53e8f elementor-widget elementor-widget-text-editor\" data-id=\"da53e8f\" data-element_type=\"widget\" data-widget_type=\"text-editor.default\">\n\t\t\t\t<div class=\"elementor-widget-container\">\n\t\t\t\t\t\t\t<p>17. 4. 2026<\/p><p>Z\u00e1kladn\u00e1 umeleck\u00e1 \u0161kola Exn\u00e1rova 6 pon\u00faka pracovn\u00e9 miesto:<strong><br \/><\/strong><\/p><p style=\"font-weight: 400;\"><strong>U\u010dite\u013e\/u\u010dite\u013eka hry na husliach<\/strong><\/p><p style=\"font-weight: 400;\"><strong>U\u010dite\u013e\/u\u010dite\u013eka hudobnej n\u00e1uky<\/strong><\/p><p style=\"font-weight: 400;\"><strong>U\u010dite\u013e\/u\u010dite\u013eka hry na gitare<\/strong><\/p><p style=\"font-weight: 400;\"><strong>U\u010dite\u013e\/u\u010dite\u013eka hry na klav\u00edri<\/strong><\/p><p style=\"font-weight: 400;\"><strong>Dirigent\/dirigentka zborov\u00e9ho spevu<\/strong><\/p><p style=\"font-weight: 400;\">N\u00e1stup &#8211; september 2026<\/p><p style=\"font-weight: 400;\">Svoj \u017eivotopis a motiva\u010dn\u00fd list po\u0161lite\u00a0<\/p><p style=\"font-weight: 400;\">na e-mail: zus01@zus-exnarova.sk<\/p>\t\t\t\t\t\t<\/div>\n\t\t\t\t<\/div>\n\t\t\t\t\t<\/div>\n\t\t\t\t<\/div>\n\t\t\t\t<\/div>\n\t\t","protected":false},"excerpt":{"rendered":"<p>17. 4. 2026 Z\u00e1kladn\u00e1 umeleck\u00e1 \u0161kola Exn\u00e1rova 6 pon\u00faka pracovn\u00e9 miesto: U\u010dite\u013e\/u\u010dite\u013eka hry na husliach U\u010dite\u013e\/u\u010dite\u013eka hudobnej n\u00e1uky U\u010dite\u013e\/u\u010dite\u013eka hry na gitare U\u010dite\u013e\/u\u010dite\u013eka hry na klav\u00edri Dirigent\/dirigentka zborov\u00e9ho spevu N\u00e1stup &#8211; september 2026 Svoj \u017eivotopis a motiva\u010dn\u00fd list po\u0161lite\u00a0 na e-mail: zus01@zus-exnarova.sk<\/p>\n","protected":false},"author":2,"featured_media":0,"parent":0,"menu_order":0,"comment_status":"closed","ping_status":"closed","template":"","meta":{"_monsterinsights_skip_tracking":false,"_monsterinsights_sitenote_active":false,"_monsterinsights_sitenote_note":"","_monsterinsights_sitenote_category":0,"footnotes":""},"class_list":["post-3955","page","type-page","status-publish","hentry"],"yoast_head":"<!-- This site is optimized with the Yoast SEO plugin v23.4 - https:\/\/yoast.com\/wordpress\/plugins\/seo\/ -->\n<title>Ponuka pracovn\u00e9ho miesta - Z\u00e1kladn\u00e1 Umeleck\u00e1 \u0160kola Exn\u00e1rova 6<\/title>\n<meta name=\"robots\" content=\"index, follow, max-snippet:-1, max-image-preview:large, max-video-preview:-1\" \/>\n<link rel=\"canonical\" href=\"https:\/\/www.zus-exnarova.sk\/1234\/ponuka-pracovneho-miesta-3\/\" \/>\n<meta property=\"og:locale\" content=\"en_US\" \/>\n<meta property=\"og:type\" content=\"article\" \/>\n<meta property=\"og:title\" content=\"Ponuka pracovn\u00e9ho miesta - Z\u00e1kladn\u00e1 Umeleck\u00e1 \u0160kola Exn\u00e1rova 6\" \/>\n<meta property=\"og:description\" content=\"17. 4. 2026 Z\u00e1kladn\u00e1 umeleck\u00e1 \u0161kola Exn\u00e1rova 6 pon\u00faka pracovn\u00e9 miesto: U\u010dite\u013e\/u\u010dite\u013eka hry na husliach U\u010dite\u013e\/u\u010dite\u013eka hudobnej n\u00e1uky U\u010dite\u013e\/u\u010dite\u013eka hry na gitare U\u010dite\u013e\/u\u010dite\u013eka hry na klav\u00edri Dirigent\/dirigentka zborov\u00e9ho spevu N\u00e1stup &#8211; september 2026 Svoj \u017eivotopis a motiva\u010dn\u00fd list po\u0161lite\u00a0 na e-mail: zus01@zus-exnarova.sk\" \/>\n<meta property=\"og:url\" content=\"https:\/\/www.zus-exnarova.sk\/1234\/ponuka-pracovneho-miesta-3\/\" \/>\n<meta property=\"og:site_name\" content=\"Z\u00e1kladn\u00e1 Umeleck\u00e1 \u0160kola Exn\u00e1rova 6\" \/>\n<meta property=\"article:modified_time\" content=\"2026-04-17T05:59:38+00:00\" \/>\n<meta name=\"twitter:card\" content=\"summary_large_image\" \/>\n<meta name=\"twitter:label1\" content=\"Est. reading time\" \/>\n\t<meta name=\"twitter:data1\" content=\"1 minute\" \/>\n<script type=\"application\/ld+json\" class=\"yoast-schema-graph\">{\"@context\":\"https:\/\/schema.org\",\"@graph\":[{\"@type\":\"WebPage\",\"@id\":\"https:\/\/www.zus-exnarova.sk\/1234\/ponuka-pracovneho-miesta-3\/\",\"url\":\"https:\/\/www.zus-exnarova.sk\/1234\/ponuka-pracovneho-miesta-3\/\",\"name\":\"Ponuka pracovn\u00e9ho miesta - Z\u00e1kladn\u00e1 Umeleck\u00e1 \u0160kola Exn\u00e1rova 6\",\"isPartOf\":{\"@id\":\"https:\/\/www.zus-exnarova.sk\/1234\/#website\"},\"datePublished\":\"2026-04-17T05:40:05+00:00\",\"dateModified\":\"2026-04-17T05:59:38+00:00\",\"breadcrumb\":{\"@id\":\"https:\/\/www.zus-exnarova.sk\/1234\/ponuka-pracovneho-miesta-3\/#breadcrumb\"},\"inLanguage\":\"en-US\",\"potentialAction\":[{\"@type\":\"ReadAction\",\"target\":[\"https:\/\/www.zus-exnarova.sk\/1234\/ponuka-pracovneho-miesta-3\/\"]}]},{\"@type\":\"BreadcrumbList\",\"@id\":\"https:\/\/www.zus-exnarova.sk\/1234\/ponuka-pracovneho-miesta-3\/#breadcrumb\",\"itemListElement\":[{\"@type\":\"ListItem\",\"position\":1,\"name\":\"Home\",\"item\":\"https:\/\/www.zus-exnarova.sk\/1234\/\"},{\"@type\":\"ListItem\",\"position\":2,\"name\":\"Ponuka pracovn\u00e9ho miesta\"}]},{\"@type\":\"WebSite\",\"@id\":\"https:\/\/www.zus-exnarova.sk\/1234\/#website\",\"url\":\"https:\/\/www.zus-exnarova.sk\/1234\/\",\"name\":\"Z\u00e1kladn\u00e1 Umeleck\u00e1 \u0160kola Exn\u00e1rova 6\",\"description\":\"\",\"potentialAction\":[{\"@type\":\"SearchAction\",\"target\":{\"@type\":\"EntryPoint\",\"urlTemplate\":\"https:\/\/www.zus-exnarova.sk\/1234\/?s={search_term_string}\"},\"query-input\":{\"@type\":\"PropertyValueSpecification\",\"valueRequired\":true,\"valueName\":\"search_term_string\"}}],\"inLanguage\":\"en-US\"}]}<\/script>\n<!-- \/ Yoast SEO plugin. -->","yoast_head_json":{"title":"Ponuka pracovn\u00e9ho miesta - Z\u00e1kladn\u00e1 Umeleck\u00e1 \u0160kola Exn\u00e1rova 6","robots":{"index":"index","follow":"follow","max-snippet":"max-snippet:-1","max-image-preview":"max-image-preview:large","max-video-preview":"max-video-preview:-1"},"canonical":"https:\/\/www.zus-exnarova.sk\/1234\/ponuka-pracovneho-miesta-3\/","og_locale":"en_US","og_type":"article","og_title":"Ponuka pracovn\u00e9ho miesta - Z\u00e1kladn\u00e1 Umeleck\u00e1 \u0160kola Exn\u00e1rova 6","og_description":"17. 4. 2026 Z\u00e1kladn\u00e1 umeleck\u00e1 \u0161kola Exn\u00e1rova 6 pon\u00faka pracovn\u00e9 miesto: U\u010dite\u013e\/u\u010dite\u013eka hry na husliach U\u010dite\u013e\/u\u010dite\u013eka hudobnej n\u00e1uky U\u010dite\u013e\/u\u010dite\u013eka hry na gitare U\u010dite\u013e\/u\u010dite\u013eka hry na klav\u00edri Dirigent\/dirigentka zborov\u00e9ho spevu N\u00e1stup &#8211; september 2026 Svoj \u017eivotopis a motiva\u010dn\u00fd list po\u0161lite\u00a0 na e-mail: zus01@zus-exnarova.sk","og_url":"https:\/\/www.zus-exnarova.sk\/1234\/ponuka-pracovneho-miesta-3\/","og_site_name":"Z\u00e1kladn\u00e1 Umeleck\u00e1 \u0160kola Exn\u00e1rova 6","article_modified_time":"2026-04-17T05:59:38+00:00","twitter_card":"summary_large_image","twitter_misc":{"Est. reading time":"1 minute"},"schema":{"@context":"https:\/\/schema.org","@graph":[{"@type":"WebPage","@id":"https:\/\/www.zus-exnarova.sk\/1234\/ponuka-pracovneho-miesta-3\/","url":"https:\/\/www.zus-exnarova.sk\/1234\/ponuka-pracovneho-miesta-3\/","name":"Ponuka pracovn\u00e9ho miesta - Z\u00e1kladn\u00e1 Umeleck\u00e1 \u0160kola Exn\u00e1rova 6","isPartOf":{"@id":"https:\/\/www.zus-exnarova.sk\/1234\/#website"},"datePublished":"2026-04-17T05:40:05+00:00","dateModified":"2026-04-17T05:59:38+00:00","breadcrumb":{"@id":"https:\/\/www.zus-exnarova.sk\/1234\/ponuka-pracovneho-miesta-3\/#breadcrumb"},"inLanguage":"en-US","potentialAction":[{"@type":"ReadAction","target":["https:\/\/www.zus-exnarova.sk\/1234\/ponuka-pracovneho-miesta-3\/"]}]},{"@type":"BreadcrumbList","@id":"https:\/\/www.zus-exnarova.sk\/1234\/ponuka-pracovneho-miesta-3\/#breadcrumb","itemListElement":[{"@type":"ListItem","position":1,"name":"Home","item":"https:\/\/www.zus-exnarova.sk\/1234\/"},{"@type":"ListItem","position":2,"name":"Ponuka pracovn\u00e9ho miesta"}]},{"@type":"WebSite","@id":"https:\/\/www.zus-exnarova.sk\/1234\/#website","url":"https:\/\/www.zus-exnarova.sk\/1234\/","name":"Z\u00e1kladn\u00e1 Umeleck\u00e1 \u0160kola Exn\u00e1rova 6","description":"","potentialAction":[{"@type":"SearchAction","target":{"@type":"EntryPoint","urlTemplate":"https:\/\/www.zus-exnarova.sk\/1234\/?s={search_term_string}"},"query-input":{"@type":"PropertyValueSpecification","valueRequired":true,"valueName":"search_term_string"}}],"inLanguage":"en-US"}]}},"_links":{"self":[{"href":"https:\/\/www.zus-exnarova.sk\/1234\/wp-json\/wp\/v2\/pages\/3955"}],"collection":[{"href":"https:\/\/www.zus-exnarova.sk\/1234\/wp-json\/wp\/v2\/pages"}],"about":[{"href":"https:\/\/www.zus-exnarova.sk\/1234\/wp-json\/wp\/v2\/types\/page"}],"author":[{"embeddable":true,"href":"https:\/\/www.zus-exnarova.sk\/1234\/wp-json\/wp\/v2\/users\/2"}],"replies":[{"embeddable":true,"href":"https:\/\/www.zus-exnarova.sk\/1234\/wp-json\/wp\/v2\/comments?post=3955"}],"version-history":[{"count":6,"href":"https:\/\/www.zus-exnarova.sk\/1234\/wp-json\/wp\/v2\/pages\/3955\/revisions"}],"predecessor-version":[{"id":3971,"href":"https:\/\/www.zus-exnarova.sk\/1234\/wp-json\/wp\/v2\/pages\/3955\/revisions\/3971"}],"wp:attachment":[{"href":"https:\/\/www.zus-exnarova.sk\/1234\/wp-json\/wp\/v2\/media?parent=3955"}],"curies":[{"name":"wp","href":"https:\/\/api.w.org\/{rel}","templated":true}]}}