{"id":3995,"date":"2026-05-08T07:09:09","date_gmt":"2026-05-08T05:09:09","guid":{"rendered":"https:\/\/www.zus-exnarova.sk\/1234\/?page_id=3995"},"modified":"2026-05-08T07:19:09","modified_gmt":"2026-05-08T05:19:09","slug":"slavik-slovenska-2026-krajske-kolo-bratislava","status":"publish","type":"page","link":"https:\/\/www.zus-exnarova.sk\/1234\/slavik-slovenska-2026-krajske-kolo-bratislava\/","title":{"rendered":"Sl\u00e1vik Slovenska 2026 KRAJSK\u00c9 KOLO \/ BRATISLAVA"},"content":{"rendered":"\t\t<div data-elementor-type=\"wp-page\" data-elementor-id=\"3995\" class=\"elementor elementor-3995\">\n\t\t\t\t<div class=\"elementor-element elementor-element-65f20f6 e-flex e-con-boxed e-con e-parent\" data-id=\"65f20f6\" data-element_type=\"container\">\n\t\t\t\t\t<div class=\"e-con-inner\">\n\t\t\t\t<div class=\"elementor-element elementor-element-81c3436 elementor-widget elementor-widget-text-editor\" data-id=\"81c3436\" data-element_type=\"widget\" data-widget_type=\"text-editor.default\">\n\t\t\t\t<div class=\"elementor-widget-container\">\n\t\t\t\t\t\t\t<p><strong>Pozv\u00e1nka<\/strong><\/p><p><strong>na krajsk\u00e9 kolo 34. ro\u010dn\u00edka celo\u0161t\u00e1tnej spev\u00e1ckej s\u00fa\u0165a\u017ee <\/strong><strong>v\u00a0interpret\u00e1cii slovenskej \u013eudovej piesne \u201eSl\u00e1vik Slovenska 2026\u201c<\/strong><\/p><p><strong>Usporiadate\u013e s\u00fa\u0165a\u017ee: <\/strong><\/p><p>Z\u00e1kladn\u00e1 umeleck\u00e1 \u0161kola Exn\u00e1rova 6\/A, 821 03 Bratislava 2<\/p><h3><strong>Term\u00edn s\u00fa\u0165a\u017ee: <br \/><\/strong><strong>2. j\u00fan 2026 o\u00a09:00 hod.<\/strong><\/h3><p><strong>Zasielanie prihl\u00e1\u0161ok do 2<\/strong><strong>5. m\u00e1ja 2026<\/strong> <br \/>elektronicky na e-mail <a href=\"mailto:slavik.slovenska@gmail.com\"><strong>slavik.slovenska@gmail.com<\/strong><\/a><\/p><p>alebo po\u0161tou na adresu Z\u00e1kladn\u00e1 umeleck\u00e1 \u0161kola, Exn\u00e1rova 6\/A, 821 03 Bratislava<\/p><p>Prihl\u00e1\u0161ku n\u00e1jdete v\u00a0elektronickej podobe na: <a href=\"http:\/\/www.zus-exnarova.sk\"><strong>www.zus-exnarova.sk<\/strong><\/a><\/p><p>V\u00a0pr\u00edpade zaslania Prihl\u00e1\u0161ky elektronicky, uv\u00e1dzanie v\u00a0e-maily predmet: \u201ePrihl\u00e1\u0161ka SS 2026\u201c<\/p><p><strong>Prezent\u00e1cia s\u00fa\u0165a\u017eiacich: <\/strong><\/p><p>2. j\u00fan 2026 od 8:15 hod. v 2. pavil\u00f3ne ZU\u0160 Exn\u00e1rova 6\/A<\/p><p><strong>Miesto konania s\u00fa\u0165a\u017ee: <\/strong><\/p><p>ZU\u0160 Exn\u00e1rova 6\/A, 821 03 Bratislava, Koncertn\u00e1 s\u00e1la \u0161koly<\/p><p><strong>S\u00fa\u0165a\u017en\u00e9 podmienky:<\/strong><\/p><p>S\u00fa\u0165a\u017eiaci s\u00fa povinn\u00ed v krajskom kole dodr\u017ea\u0165 s\u00fa\u0165a\u017en\u00e9 podmienky, ktor\u00e9 s\u00fa \u0161pecifikovan\u00e9 v\u00a0Spevn\u00ed\u010dku 2026. In\u0161trument\u00e1lny sprievod organiz\u00e1tor nezabezpe\u010duje. Pri prihlasovan\u00ed je potrebn\u00e9 uvies\u0165 presn\u00e9 poradie interpretovan\u00fdch piesn\u00ed. V de\u0148 konania s\u00fa\u0165a\u017ee nie je dovolen\u00e9 meni\u0165 poradie ani nahl\u00e1sen\u00e9 s\u00fa\u0165a\u017en\u00e9 piesne. Ne\u00fa\u010das\u0165 s\u00fa\u0165a\u017eiaceho, resp. \u00fa\u010das\u0165 n\u00e1hradn\u00edka, je potrebn\u00e9 usporiadate\u013eovi ozn\u00e1mi\u0165 najnesk\u00f4r do 1.6.2026.<\/p><p><strong>Kontaktn\u00e1 osoba v\u00a0pr\u00edpade \u010fal\u0161\u00edch ot\u00e1zok: <\/strong><\/p><p>Mgr. art. Denisa Hlo\u017eek, <a href=\"mailto:slavik.slovenska@gmail.com\">slavik.slovenska@gmail.com<\/a>, 0947 917 088<\/p><p>Te\u0161\u00edme sa na Va\u0161u \u00fa\u010das\u0165!<\/p><p>\u00a0<\/p><p>Mgr.art. Martin Miku\u0161<\/p><p>riadite\u013e ZU\u0160 Exn\u00e1rova<\/p><p>\u00a0<\/p><p>V\u00a0Bratislave d\u0148a 7.5.2026\u00a0\u00a0 \u00a0\u00a0\u00a0\u00a0\u00a0\u00a0\u00a0\u00a0\u00a0\u00a0\u00a0\u00a0\u00a0\u00a0\u00a0\u00a0\u00a0\u00a0\u00a0\u00a0\u00a0\u00a0\u00a0\u00a0\u00a0\u00a0\u00a0\u00a0\u00a0\u00a0\u00a0\u00a0\u00a0\u00a0\u00a0\u00a0\u00a0\u00a0\u00a0\u00a0\u00a0\u00a0\u00a0\u00a0\u00a0\u00a0\u00a0\u00a0\u00a0\u00a0\u00a0\u00a0\u00a0\u00a0\u00a0\u00a0\u00a0\u00a0\u00a0\u00a0\u00a0\u00a0\u00a0\u00a0\u00a0\u00a0\u00a0\u00a0\u00a0\u00a0\u00a0\u00a0\u00a0\u00a0\u00a0\u00a0\u00a0\u00a0<\/p><p><a href=\"https:\/\/www.zus-exnarova.sk\/1234\/wp-content\/uploads\/2026\/05\/Prihlaska-kraj-2026.docx\">PRIHL\u00c1\u0160KA<\/a><\/p><p><a href=\"https:\/\/www.zus-exnarova.sk\/1234\/wp-content\/uploads\/2026\/05\/Pozvanka_Slavik-Slovenska-2026_krajske-kolo.pdf\">POZV\u00c1NKA<\/a><\/p><p>\u00a0<\/p>\t\t\t\t\t\t<\/div>\n\t\t\t\t<\/div>\n\t\t\t\t\t<\/div>\n\t\t\t\t<\/div>\n\t\t\t\t<\/div>\n\t\t","protected":false},"excerpt":{"rendered":"<p>Pozv\u00e1nka na krajsk\u00e9 kolo 34. ro\u010dn\u00edka celo\u0161t\u00e1tnej spev\u00e1ckej s\u00fa\u0165a\u017ee v\u00a0interpret\u00e1cii slovenskej \u013eudovej piesne \u201eSl\u00e1vik Slovenska 2026\u201c Usporiadate\u013e s\u00fa\u0165a\u017ee: Z\u00e1kladn\u00e1 umeleck\u00e1 \u0161kola Exn\u00e1rova 6\/A, 821 03 Bratislava 2 Term\u00edn s\u00fa\u0165a\u017ee: 2. j\u00fan 2026 o\u00a09:00 hod. Zasielanie prihl\u00e1\u0161ok do 25. m\u00e1ja 2026 elektronicky na e-mail slavik.slovenska@gmail.com alebo po\u0161tou na adresu Z\u00e1kladn\u00e1 umeleck\u00e1 \u0161kola, Exn\u00e1rova 6\/A, 821 03 [&hellip;]<\/p>\n","protected":false},"author":2,"featured_media":0,"parent":0,"menu_order":0,"comment_status":"closed","ping_status":"closed","template":"","meta":{"_monsterinsights_skip_tracking":false,"_monsterinsights_sitenote_active":false,"_monsterinsights_sitenote_note":"","_monsterinsights_sitenote_category":0,"footnotes":""},"class_list":["post-3995","page","type-page","status-publish","hentry"],"yoast_head":"<!-- This site is optimized with the Yoast SEO plugin v23.4 - https:\/\/yoast.com\/wordpress\/plugins\/seo\/ -->\n<title>Sl\u00e1vik Slovenska 2026 KRAJSK\u00c9 KOLO \/ BRATISLAVA - Z\u00e1kladn\u00e1 Umeleck\u00e1 \u0160kola Exn\u00e1rova 6<\/title>\n<meta name=\"robots\" content=\"index, follow, max-snippet:-1, max-image-preview:large, max-video-preview:-1\" \/>\n<link rel=\"canonical\" href=\"https:\/\/www.zus-exnarova.sk\/1234\/slavik-slovenska-2026-krajske-kolo-bratislava\/\" \/>\n<meta property=\"og:locale\" content=\"en_US\" \/>\n<meta property=\"og:type\" content=\"article\" \/>\n<meta property=\"og:title\" content=\"Sl\u00e1vik Slovenska 2026 KRAJSK\u00c9 KOLO \/ BRATISLAVA - Z\u00e1kladn\u00e1 Umeleck\u00e1 \u0160kola Exn\u00e1rova 6\" \/>\n<meta property=\"og:description\" content=\"Pozv\u00e1nka na krajsk\u00e9 kolo 34. ro\u010dn\u00edka celo\u0161t\u00e1tnej spev\u00e1ckej s\u00fa\u0165a\u017ee v\u00a0interpret\u00e1cii slovenskej \u013eudovej piesne \u201eSl\u00e1vik Slovenska 2026\u201c Usporiadate\u013e s\u00fa\u0165a\u017ee: Z\u00e1kladn\u00e1 umeleck\u00e1 \u0161kola Exn\u00e1rova 6\/A, 821 03 Bratislava 2 Term\u00edn s\u00fa\u0165a\u017ee: 2. j\u00fan 2026 o\u00a09:00 hod. Zasielanie prihl\u00e1\u0161ok do 25. m\u00e1ja 2026 elektronicky na e-mail slavik.slovenska@gmail.com alebo po\u0161tou na adresu Z\u00e1kladn\u00e1 umeleck\u00e1 \u0161kola, Exn\u00e1rova 6\/A, 821 03 [&hellip;]\" \/>\n<meta property=\"og:url\" content=\"https:\/\/www.zus-exnarova.sk\/1234\/slavik-slovenska-2026-krajske-kolo-bratislava\/\" \/>\n<meta property=\"og:site_name\" content=\"Z\u00e1kladn\u00e1 Umeleck\u00e1 \u0160kola Exn\u00e1rova 6\" \/>\n<meta property=\"article:modified_time\" content=\"2026-05-08T05:19:09+00:00\" \/>\n<meta name=\"twitter:card\" content=\"summary_large_image\" \/>\n<meta name=\"twitter:label1\" content=\"Est. reading time\" \/>\n\t<meta name=\"twitter:data1\" content=\"1 minute\" \/>\n<script type=\"application\/ld+json\" class=\"yoast-schema-graph\">{\"@context\":\"https:\/\/schema.org\",\"@graph\":[{\"@type\":\"WebPage\",\"@id\":\"https:\/\/www.zus-exnarova.sk\/1234\/slavik-slovenska-2026-krajske-kolo-bratislava\/\",\"url\":\"https:\/\/www.zus-exnarova.sk\/1234\/slavik-slovenska-2026-krajske-kolo-bratislava\/\",\"name\":\"Sl\u00e1vik Slovenska 2026 KRAJSK\u00c9 KOLO \/ BRATISLAVA - Z\u00e1kladn\u00e1 Umeleck\u00e1 \u0160kola Exn\u00e1rova 6\",\"isPartOf\":{\"@id\":\"https:\/\/www.zus-exnarova.sk\/1234\/#website\"},\"datePublished\":\"2026-05-08T05:09:09+00:00\",\"dateModified\":\"2026-05-08T05:19:09+00:00\",\"breadcrumb\":{\"@id\":\"https:\/\/www.zus-exnarova.sk\/1234\/slavik-slovenska-2026-krajske-kolo-bratislava\/#breadcrumb\"},\"inLanguage\":\"en-US\",\"potentialAction\":[{\"@type\":\"ReadAction\",\"target\":[\"https:\/\/www.zus-exnarova.sk\/1234\/slavik-slovenska-2026-krajske-kolo-bratislava\/\"]}]},{\"@type\":\"BreadcrumbList\",\"@id\":\"https:\/\/www.zus-exnarova.sk\/1234\/slavik-slovenska-2026-krajske-kolo-bratislava\/#breadcrumb\",\"itemListElement\":[{\"@type\":\"ListItem\",\"position\":1,\"name\":\"Home\",\"item\":\"https:\/\/www.zus-exnarova.sk\/1234\/\"},{\"@type\":\"ListItem\",\"position\":2,\"name\":\"Sl\u00e1vik Slovenska 2026 KRAJSK\u00c9 KOLO \/ BRATISLAVA\"}]},{\"@type\":\"WebSite\",\"@id\":\"https:\/\/www.zus-exnarova.sk\/1234\/#website\",\"url\":\"https:\/\/www.zus-exnarova.sk\/1234\/\",\"name\":\"Z\u00e1kladn\u00e1 Umeleck\u00e1 \u0160kola Exn\u00e1rova 6\",\"description\":\"\",\"potentialAction\":[{\"@type\":\"SearchAction\",\"target\":{\"@type\":\"EntryPoint\",\"urlTemplate\":\"https:\/\/www.zus-exnarova.sk\/1234\/?s={search_term_string}\"},\"query-input\":{\"@type\":\"PropertyValueSpecification\",\"valueRequired\":true,\"valueName\":\"search_term_string\"}}],\"inLanguage\":\"en-US\"}]}<\/script>\n<!-- \/ Yoast SEO plugin. -->","yoast_head_json":{"title":"Sl\u00e1vik Slovenska 2026 KRAJSK\u00c9 KOLO \/ BRATISLAVA - Z\u00e1kladn\u00e1 Umeleck\u00e1 \u0160kola Exn\u00e1rova 6","robots":{"index":"index","follow":"follow","max-snippet":"max-snippet:-1","max-image-preview":"max-image-preview:large","max-video-preview":"max-video-preview:-1"},"canonical":"https:\/\/www.zus-exnarova.sk\/1234\/slavik-slovenska-2026-krajske-kolo-bratislava\/","og_locale":"en_US","og_type":"article","og_title":"Sl\u00e1vik Slovenska 2026 KRAJSK\u00c9 KOLO \/ BRATISLAVA - Z\u00e1kladn\u00e1 Umeleck\u00e1 \u0160kola Exn\u00e1rova 6","og_description":"Pozv\u00e1nka na krajsk\u00e9 kolo 34. ro\u010dn\u00edka celo\u0161t\u00e1tnej spev\u00e1ckej s\u00fa\u0165a\u017ee v\u00a0interpret\u00e1cii slovenskej \u013eudovej piesne \u201eSl\u00e1vik Slovenska 2026\u201c Usporiadate\u013e s\u00fa\u0165a\u017ee: Z\u00e1kladn\u00e1 umeleck\u00e1 \u0161kola Exn\u00e1rova 6\/A, 821 03 Bratislava 2 Term\u00edn s\u00fa\u0165a\u017ee: 2. j\u00fan 2026 o\u00a09:00 hod. Zasielanie prihl\u00e1\u0161ok do 25. m\u00e1ja 2026 elektronicky na e-mail slavik.slovenska@gmail.com alebo po\u0161tou na adresu Z\u00e1kladn\u00e1 umeleck\u00e1 \u0161kola, Exn\u00e1rova 6\/A, 821 03 [&hellip;]","og_url":"https:\/\/www.zus-exnarova.sk\/1234\/slavik-slovenska-2026-krajske-kolo-bratislava\/","og_site_name":"Z\u00e1kladn\u00e1 Umeleck\u00e1 \u0160kola Exn\u00e1rova 6","article_modified_time":"2026-05-08T05:19:09+00:00","twitter_card":"summary_large_image","twitter_misc":{"Est. reading time":"1 minute"},"schema":{"@context":"https:\/\/schema.org","@graph":[{"@type":"WebPage","@id":"https:\/\/www.zus-exnarova.sk\/1234\/slavik-slovenska-2026-krajske-kolo-bratislava\/","url":"https:\/\/www.zus-exnarova.sk\/1234\/slavik-slovenska-2026-krajske-kolo-bratislava\/","name":"Sl\u00e1vik Slovenska 2026 KRAJSK\u00c9 KOLO \/ BRATISLAVA - Z\u00e1kladn\u00e1 Umeleck\u00e1 \u0160kola Exn\u00e1rova 6","isPartOf":{"@id":"https:\/\/www.zus-exnarova.sk\/1234\/#website"},"datePublished":"2026-05-08T05:09:09+00:00","dateModified":"2026-05-08T05:19:09+00:00","breadcrumb":{"@id":"https:\/\/www.zus-exnarova.sk\/1234\/slavik-slovenska-2026-krajske-kolo-bratislava\/#breadcrumb"},"inLanguage":"en-US","potentialAction":[{"@type":"ReadAction","target":["https:\/\/www.zus-exnarova.sk\/1234\/slavik-slovenska-2026-krajske-kolo-bratislava\/"]}]},{"@type":"BreadcrumbList","@id":"https:\/\/www.zus-exnarova.sk\/1234\/slavik-slovenska-2026-krajske-kolo-bratislava\/#breadcrumb","itemListElement":[{"@type":"ListItem","position":1,"name":"Home","item":"https:\/\/www.zus-exnarova.sk\/1234\/"},{"@type":"ListItem","position":2,"name":"Sl\u00e1vik Slovenska 2026 KRAJSK\u00c9 KOLO \/ BRATISLAVA"}]},{"@type":"WebSite","@id":"https:\/\/www.zus-exnarova.sk\/1234\/#website","url":"https:\/\/www.zus-exnarova.sk\/1234\/","name":"Z\u00e1kladn\u00e1 Umeleck\u00e1 \u0160kola Exn\u00e1rova 6","description":"","potentialAction":[{"@type":"SearchAction","target":{"@type":"EntryPoint","urlTemplate":"https:\/\/www.zus-exnarova.sk\/1234\/?s={search_term_string}"},"query-input":{"@type":"PropertyValueSpecification","valueRequired":true,"valueName":"search_term_string"}}],"inLanguage":"en-US"}]}},"_links":{"self":[{"href":"https:\/\/www.zus-exnarova.sk\/1234\/wp-json\/wp\/v2\/pages\/3995"}],"collection":[{"href":"https:\/\/www.zus-exnarova.sk\/1234\/wp-json\/wp\/v2\/pages"}],"about":[{"href":"https:\/\/www.zus-exnarova.sk\/1234\/wp-json\/wp\/v2\/types\/page"}],"author":[{"embeddable":true,"href":"https:\/\/www.zus-exnarova.sk\/1234\/wp-json\/wp\/v2\/users\/2"}],"replies":[{"embeddable":true,"href":"https:\/\/www.zus-exnarova.sk\/1234\/wp-json\/wp\/v2\/comments?post=3995"}],"version-history":[{"count":6,"href":"https:\/\/www.zus-exnarova.sk\/1234\/wp-json\/wp\/v2\/pages\/3995\/revisions"}],"predecessor-version":[{"id":4007,"href":"https:\/\/www.zus-exnarova.sk\/1234\/wp-json\/wp\/v2\/pages\/3995\/revisions\/4007"}],"wp:attachment":[{"href":"https:\/\/www.zus-exnarova.sk\/1234\/wp-json\/wp\/v2\/media?parent=3995"}],"curies":[{"name":"wp","href":"https:\/\/api.w.org\/{rel}","templated":true}]}}