{"id":420,"date":"2024-04-26T09:53:46","date_gmt":"2024-04-26T07:53:46","guid":{"rendered":"https:\/\/www.zus-exnarova.sk\/1234\/?page_id=420"},"modified":"2024-05-31T06:25:01","modified_gmt":"2024-05-31T04:25:01","slug":"vytvarny-odbor","status":"publish","type":"page","link":"https:\/\/www.zus-exnarova.sk\/1234\/vytvarny-odbor\/","title":{"rendered":"V\u00fdtvarn\u00fd odbor"},"content":{"rendered":"\t\t<div data-elementor-type=\"wp-page\" data-elementor-id=\"420\" class=\"elementor elementor-420\">\n\t\t\t\t<div class=\"elementor-element elementor-element-d4786aa e-flex e-con-boxed e-con e-parent\" data-id=\"d4786aa\" data-element_type=\"container\">\n\t\t\t\t\t<div class=\"e-con-inner\">\n\t\t\t\t<div class=\"elementor-element elementor-element-141fe38 elementor-widget elementor-widget-heading\" data-id=\"141fe38\" data-element_type=\"widget\" data-widget_type=\"heading.default\">\n\t\t\t\t<div class=\"elementor-widget-container\">\n\t\t\t<h2 class=\"elementor-heading-title elementor-size-default\">V\u00fdtvarn\u00fd odbor\n\n<\/h2>\t\t<\/div>\n\t\t\t\t<\/div>\n\t\t\t\t\t<\/div>\n\t\t\t\t<\/div>\n\t\t<div class=\"elementor-element elementor-element-240023d e-flex e-con-boxed e-con e-parent\" data-id=\"240023d\" data-element_type=\"container\">\n\t\t\t\t\t<div class=\"e-con-inner\">\n\t\t\t\t<div class=\"elementor-element elementor-element-7f92e6e elementor-widget elementor-widget-text-editor\" data-id=\"7f92e6e\" data-element_type=\"widget\" data-widget_type=\"text-editor.default\">\n\t\t\t\t<div class=\"elementor-widget-container\">\n\t\t\t\t\t\t\t<p>V\u00fdtvarn\u00fd odbor pon\u00faka komplexn\u00fd s\u00fabor v\u00fdtvarn\u00fdch \u010dinnost\u00ed pre v\u0161etky vekov\u00e9 kateg\u00f3rie. Najv\u00e4\u010d\u0161iu hodnotu m\u00e1 zmyslupln\u00fd z\u00e1\u017eitok z procesu tvorby. \u017diaci postupuj\u00fa od pozn\u00e1vania a hrav\u00e9ho experimentovania cez objavovanie \u010fal\u0161\u00edch v\u00fdtvarn\u00fdch postupov a\u017e k \u0161tudijnej \u010dinnosti a vo\u013enej tvorbe, s cie\u013eom podporova\u0165 tvorivos\u0165, kreat\u00edvne myslenie, komunika\u010dn\u00e9, emocion\u00e1lne a motorick\u00e9 zru\u010dnosti a sebavyjadrenie. \u017diaci sa zozn\u00e1mia so \u0161irok\u00fdm spektrom v\u00fdtvarn\u00fdch discipl\u00edn a m\u00e9di\u00ed: kresba, ma\u013eba, priestorov\u00e1 tvorba, po\u010d\u00edta\u010dov\u00e1 grafika, anim\u00e1cia, modelovanie, keramika\u2026<\/p><p>V\u00fdu\u010dba sa vo\u013ene prel\u00edna so zozn\u00e1men\u00edm sa s dejinami umenia a so s\u00fa\u010dasn\u00fdm vizu\u00e1lnym umen\u00edm.<\/p><p>Obsah vzdel\u00e1vania je cielene zameran\u00fd aj na prehlbovanie vz\u0165ahu k pr\u00edrode, ch\u00e1panie estetick\u00fdch hodn\u00f4t, spolo\u010densk\u00fdch hodn\u00f4t a \u010fal\u0161\u00edch t\u00e9m, reflektuj\u00fac s\u00fa\u010dasn\u00e9 po\u017eiadavky spolo\u010dnosti na umeleck\u00e9 vzdel\u00e1vanie.<\/p>\t\t\t\t\t\t<\/div>\n\t\t\t\t<\/div>\n\t\t\t\t\t<\/div>\n\t\t\t\t<\/div>\n\t\t\t\t<\/div>\n\t\t","protected":false},"excerpt":{"rendered":"<p>V\u00fdtvarn\u00fd odbor V\u00fdtvarn\u00fd odbor pon\u00faka komplexn\u00fd s\u00fabor v\u00fdtvarn\u00fdch \u010dinnost\u00ed pre v\u0161etky vekov\u00e9 kateg\u00f3rie. Najv\u00e4\u010d\u0161iu hodnotu m\u00e1 zmyslupln\u00fd z\u00e1\u017eitok z procesu tvorby. \u017diaci postupuj\u00fa od pozn\u00e1vania a hrav\u00e9ho experimentovania cez objavovanie \u010fal\u0161\u00edch v\u00fdtvarn\u00fdch postupov a\u017e k \u0161tudijnej \u010dinnosti a vo\u013enej tvorbe, s cie\u013eom podporova\u0165 tvorivos\u0165, kreat\u00edvne myslenie, komunika\u010dn\u00e9, emocion\u00e1lne a motorick\u00e9 zru\u010dnosti a sebavyjadrenie. \u017diaci sa [&hellip;]<\/p>\n","protected":false},"author":1,"featured_media":0,"parent":0,"menu_order":0,"comment_status":"closed","ping_status":"closed","template":"","meta":{"_monsterinsights_skip_tracking":false,"_monsterinsights_sitenote_active":false,"_monsterinsights_sitenote_note":"","_monsterinsights_sitenote_category":0,"footnotes":""},"class_list":["post-420","page","type-page","status-publish","hentry"],"yoast_head":"<!-- This site is optimized with the Yoast SEO plugin v23.4 - https:\/\/yoast.com\/wordpress\/plugins\/seo\/ -->\n<title>V\u00fdtvarn\u00fd odbor - Z\u00e1kladn\u00e1 Umeleck\u00e1 \u0160kola Exn\u00e1rova 6<\/title>\n<meta name=\"robots\" content=\"index, follow, max-snippet:-1, max-image-preview:large, max-video-preview:-1\" \/>\n<link rel=\"canonical\" href=\"https:\/\/www.zus-exnarova.sk\/1234\/vytvarny-odbor\/\" \/>\n<meta property=\"og:locale\" content=\"en_US\" \/>\n<meta property=\"og:type\" content=\"article\" \/>\n<meta property=\"og:title\" content=\"V\u00fdtvarn\u00fd odbor - Z\u00e1kladn\u00e1 Umeleck\u00e1 \u0160kola Exn\u00e1rova 6\" \/>\n<meta property=\"og:description\" content=\"V\u00fdtvarn\u00fd odbor V\u00fdtvarn\u00fd odbor pon\u00faka komplexn\u00fd s\u00fabor v\u00fdtvarn\u00fdch \u010dinnost\u00ed pre v\u0161etky vekov\u00e9 kateg\u00f3rie. Najv\u00e4\u010d\u0161iu hodnotu m\u00e1 zmyslupln\u00fd z\u00e1\u017eitok z procesu tvorby. \u017diaci postupuj\u00fa od pozn\u00e1vania a hrav\u00e9ho experimentovania cez objavovanie \u010fal\u0161\u00edch v\u00fdtvarn\u00fdch postupov a\u017e k \u0161tudijnej \u010dinnosti a vo\u013enej tvorbe, s cie\u013eom podporova\u0165 tvorivos\u0165, kreat\u00edvne myslenie, komunika\u010dn\u00e9, emocion\u00e1lne a motorick\u00e9 zru\u010dnosti a sebavyjadrenie. \u017diaci sa [&hellip;]\" \/>\n<meta property=\"og:url\" content=\"https:\/\/www.zus-exnarova.sk\/1234\/vytvarny-odbor\/\" \/>\n<meta property=\"og:site_name\" content=\"Z\u00e1kladn\u00e1 Umeleck\u00e1 \u0160kola Exn\u00e1rova 6\" \/>\n<meta property=\"article:modified_time\" content=\"2024-05-31T04:25:01+00:00\" \/>\n<meta name=\"twitter:card\" content=\"summary_large_image\" \/>\n<meta name=\"twitter:label1\" content=\"Est. reading time\" \/>\n\t<meta name=\"twitter:data1\" content=\"1 minute\" \/>\n<script type=\"application\/ld+json\" class=\"yoast-schema-graph\">{\"@context\":\"https:\/\/schema.org\",\"@graph\":[{\"@type\":\"WebPage\",\"@id\":\"https:\/\/www.zus-exnarova.sk\/1234\/vytvarny-odbor\/\",\"url\":\"https:\/\/www.zus-exnarova.sk\/1234\/vytvarny-odbor\/\",\"name\":\"V\u00fdtvarn\u00fd odbor - Z\u00e1kladn\u00e1 Umeleck\u00e1 \u0160kola Exn\u00e1rova 6\",\"isPartOf\":{\"@id\":\"https:\/\/www.zus-exnarova.sk\/1234\/#website\"},\"datePublished\":\"2024-04-26T07:53:46+00:00\",\"dateModified\":\"2024-05-31T04:25:01+00:00\",\"breadcrumb\":{\"@id\":\"https:\/\/www.zus-exnarova.sk\/1234\/vytvarny-odbor\/#breadcrumb\"},\"inLanguage\":\"en-US\",\"potentialAction\":[{\"@type\":\"ReadAction\",\"target\":[\"https:\/\/www.zus-exnarova.sk\/1234\/vytvarny-odbor\/\"]}]},{\"@type\":\"BreadcrumbList\",\"@id\":\"https:\/\/www.zus-exnarova.sk\/1234\/vytvarny-odbor\/#breadcrumb\",\"itemListElement\":[{\"@type\":\"ListItem\",\"position\":1,\"name\":\"Home\",\"item\":\"https:\/\/www.zus-exnarova.sk\/1234\/\"},{\"@type\":\"ListItem\",\"position\":2,\"name\":\"V\u00fdtvarn\u00fd odbor\"}]},{\"@type\":\"WebSite\",\"@id\":\"https:\/\/www.zus-exnarova.sk\/1234\/#website\",\"url\":\"https:\/\/www.zus-exnarova.sk\/1234\/\",\"name\":\"Z\u00e1kladn\u00e1 Umeleck\u00e1 \u0160kola Exn\u00e1rova 6\",\"description\":\"\",\"potentialAction\":[{\"@type\":\"SearchAction\",\"target\":{\"@type\":\"EntryPoint\",\"urlTemplate\":\"https:\/\/www.zus-exnarova.sk\/1234\/?s={search_term_string}\"},\"query-input\":{\"@type\":\"PropertyValueSpecification\",\"valueRequired\":true,\"valueName\":\"search_term_string\"}}],\"inLanguage\":\"en-US\"}]}<\/script>\n<!-- \/ Yoast SEO plugin. -->","yoast_head_json":{"title":"V\u00fdtvarn\u00fd odbor - Z\u00e1kladn\u00e1 Umeleck\u00e1 \u0160kola Exn\u00e1rova 6","robots":{"index":"index","follow":"follow","max-snippet":"max-snippet:-1","max-image-preview":"max-image-preview:large","max-video-preview":"max-video-preview:-1"},"canonical":"https:\/\/www.zus-exnarova.sk\/1234\/vytvarny-odbor\/","og_locale":"en_US","og_type":"article","og_title":"V\u00fdtvarn\u00fd odbor - Z\u00e1kladn\u00e1 Umeleck\u00e1 \u0160kola Exn\u00e1rova 6","og_description":"V\u00fdtvarn\u00fd odbor V\u00fdtvarn\u00fd odbor pon\u00faka komplexn\u00fd s\u00fabor v\u00fdtvarn\u00fdch \u010dinnost\u00ed pre v\u0161etky vekov\u00e9 kateg\u00f3rie. Najv\u00e4\u010d\u0161iu hodnotu m\u00e1 zmyslupln\u00fd z\u00e1\u017eitok z procesu tvorby. \u017diaci postupuj\u00fa od pozn\u00e1vania a hrav\u00e9ho experimentovania cez objavovanie \u010fal\u0161\u00edch v\u00fdtvarn\u00fdch postupov a\u017e k \u0161tudijnej \u010dinnosti a vo\u013enej tvorbe, s cie\u013eom podporova\u0165 tvorivos\u0165, kreat\u00edvne myslenie, komunika\u010dn\u00e9, emocion\u00e1lne a motorick\u00e9 zru\u010dnosti a sebavyjadrenie. \u017diaci sa [&hellip;]","og_url":"https:\/\/www.zus-exnarova.sk\/1234\/vytvarny-odbor\/","og_site_name":"Z\u00e1kladn\u00e1 Umeleck\u00e1 \u0160kola Exn\u00e1rova 6","article_modified_time":"2024-05-31T04:25:01+00:00","twitter_card":"summary_large_image","twitter_misc":{"Est. reading time":"1 minute"},"schema":{"@context":"https:\/\/schema.org","@graph":[{"@type":"WebPage","@id":"https:\/\/www.zus-exnarova.sk\/1234\/vytvarny-odbor\/","url":"https:\/\/www.zus-exnarova.sk\/1234\/vytvarny-odbor\/","name":"V\u00fdtvarn\u00fd odbor - Z\u00e1kladn\u00e1 Umeleck\u00e1 \u0160kola Exn\u00e1rova 6","isPartOf":{"@id":"https:\/\/www.zus-exnarova.sk\/1234\/#website"},"datePublished":"2024-04-26T07:53:46+00:00","dateModified":"2024-05-31T04:25:01+00:00","breadcrumb":{"@id":"https:\/\/www.zus-exnarova.sk\/1234\/vytvarny-odbor\/#breadcrumb"},"inLanguage":"en-US","potentialAction":[{"@type":"ReadAction","target":["https:\/\/www.zus-exnarova.sk\/1234\/vytvarny-odbor\/"]}]},{"@type":"BreadcrumbList","@id":"https:\/\/www.zus-exnarova.sk\/1234\/vytvarny-odbor\/#breadcrumb","itemListElement":[{"@type":"ListItem","position":1,"name":"Home","item":"https:\/\/www.zus-exnarova.sk\/1234\/"},{"@type":"ListItem","position":2,"name":"V\u00fdtvarn\u00fd odbor"}]},{"@type":"WebSite","@id":"https:\/\/www.zus-exnarova.sk\/1234\/#website","url":"https:\/\/www.zus-exnarova.sk\/1234\/","name":"Z\u00e1kladn\u00e1 Umeleck\u00e1 \u0160kola Exn\u00e1rova 6","description":"","potentialAction":[{"@type":"SearchAction","target":{"@type":"EntryPoint","urlTemplate":"https:\/\/www.zus-exnarova.sk\/1234\/?s={search_term_string}"},"query-input":{"@type":"PropertyValueSpecification","valueRequired":true,"valueName":"search_term_string"}}],"inLanguage":"en-US"}]}},"_links":{"self":[{"href":"https:\/\/www.zus-exnarova.sk\/1234\/wp-json\/wp\/v2\/pages\/420"}],"collection":[{"href":"https:\/\/www.zus-exnarova.sk\/1234\/wp-json\/wp\/v2\/pages"}],"about":[{"href":"https:\/\/www.zus-exnarova.sk\/1234\/wp-json\/wp\/v2\/types\/page"}],"author":[{"embeddable":true,"href":"https:\/\/www.zus-exnarova.sk\/1234\/wp-json\/wp\/v2\/users\/1"}],"replies":[{"embeddable":true,"href":"https:\/\/www.zus-exnarova.sk\/1234\/wp-json\/wp\/v2\/comments?post=420"}],"version-history":[{"count":6,"href":"https:\/\/www.zus-exnarova.sk\/1234\/wp-json\/wp\/v2\/pages\/420\/revisions"}],"predecessor-version":[{"id":1581,"href":"https:\/\/www.zus-exnarova.sk\/1234\/wp-json\/wp\/v2\/pages\/420\/revisions\/1581"}],"wp:attachment":[{"href":"https:\/\/www.zus-exnarova.sk\/1234\/wp-json\/wp\/v2\/media?parent=420"}],"curies":[{"name":"wp","href":"https:\/\/api.w.org\/{rel}","templated":true}]}}