{"id":430,"date":"2024-04-26T09:58:12","date_gmt":"2024-04-26T07:58:12","guid":{"rendered":"https:\/\/www.zus-exnarova.sk\/1234\/?page_id=430"},"modified":"2024-05-31T06:23:36","modified_gmt":"2024-05-31T04:23:36","slug":"tanecny-odbor","status":"publish","type":"page","link":"https:\/\/www.zus-exnarova.sk\/1234\/tanecny-odbor\/","title":{"rendered":"Tane\u010dn\u00fd odbor"},"content":{"rendered":"\t\t<div data-elementor-type=\"wp-page\" data-elementor-id=\"430\" class=\"elementor elementor-430\">\n\t\t\t\t<div class=\"elementor-element elementor-element-0bb116b e-flex e-con-boxed e-con e-parent\" data-id=\"0bb116b\" data-element_type=\"container\">\n\t\t\t\t\t<div class=\"e-con-inner\">\n\t\t\t\t<div class=\"elementor-element elementor-element-4c93379 elementor-widget elementor-widget-heading\" data-id=\"4c93379\" data-element_type=\"widget\" data-widget_type=\"heading.default\">\n\t\t\t\t<div class=\"elementor-widget-container\">\n\t\t\t<h2 class=\"elementor-heading-title elementor-size-default\">Tane\u010dn\u00fd odbor\n<\/h2>\t\t<\/div>\n\t\t\t\t<\/div>\n\t\t\t\t\t<\/div>\n\t\t\t\t<\/div>\n\t\t<div class=\"elementor-element elementor-element-5e50686 e-flex e-con-boxed e-con e-parent\" data-id=\"5e50686\" data-element_type=\"container\">\n\t\t\t\t\t<div class=\"e-con-inner\">\n\t\t\t\t<div class=\"elementor-element elementor-element-5799759 elementor-widget elementor-widget-text-editor\" data-id=\"5799759\" data-element_type=\"widget\" data-widget_type=\"text-editor.default\">\n\t\t\t\t<div class=\"elementor-widget-container\">\n\t\t\t\t\t\t\t<p>V tane\u010dnom odbore \u017eiaci rozv\u00edjaj\u00fa svoje telesn\u00e9 a pohybov\u00e9 schopnosti. U\u010dia sa pracova\u0165 s vlastn\u00fdm telom a vn\u00edma\u0165 ho ako pohybov\u00fa jednotku, ktor\u00fa rozv\u00edjaj\u00fa. Vyu\u010dovanie je zameran\u00e9\u00a0 na klasick\u00fd, \u013eudov\u00fd, modern\u00fd tanec ale aj na gymnastiku. \u0160t\u00fadium tanca sa v najni\u017e\u0161\u00edch ro\u010dn\u00edkoch za\u010d\u00edna rytmicko-pohybov\u00fdmi hrami, rozv\u00edjan\u00edm orient\u00e1cie \u017eiakov v priestore, z\u00e1kladn\u00fdmi gymnastick\u00fdmi cvi\u010deniami a jednoduch\u00fdmi tane\u010dn\u00fdmi krokmi zdokona\u013euj\u00facimi pohybov\u00fa pam\u00e4\u0165. Klasick\u00fd tanec rozv\u00edja u \u017eiakov ladnos\u0165, koordin\u00e1ciu pohybov, silu, vytrvalos\u0165, napom\u00e1ha spr\u00e1vne dr\u017eanie tela. Navy\u0161e, znalos\u0165 klasick\u00e9ho tanca je z\u00e1kladnou pr\u00edpravou pre v\u0161etky ostatn\u00e9 tane\u010dn\u00e9 techniky. \u013dudov\u00fd tanec ako z\u00e1klad kult\u00farneho dedi\u010dstva Slovenska, obohacuje \u017eiakov svojou pestrofarebnos\u0165ou. D\u00f4raz je kladen\u00fd na pozn\u00e1vanie tradi\u010dnej kult\u00fary r\u00f4znych slovensk\u00fdch regi\u00f3nov, osvojenie si komplexnej \u0161k\u00e1ly tane\u010dnej trad\u00edcie a hudobn\u00e9 c\u00edtenie. Pri skupinov\u00fdch choreografi\u00e1ch sa \u017eiaci nau\u010dia tie\u017e pracova\u0165 spolo\u010dne ako skupina. S\u00fa\u010das\u0165ou v\u00fdu\u010dby je aj sc\u00e9nick\u00fd tanec, limon alebo modern\u00fd tanec, ktor\u00fd rozv\u00edja kreativitu a fant\u00e1ziu a z\u00e1rove\u0148 \u017eiakov u\u010d\u00ed re\u0161pektova\u0165 svoje pohybov\u00e9 dispoz\u00edcie.\u00a0\u00a0\u00a0\u00a0<\/p>\t\t\t\t\t\t<\/div>\n\t\t\t\t<\/div>\n\t\t\t\t\t<\/div>\n\t\t\t\t<\/div>\n\t\t\t\t<\/div>\n\t\t","protected":false},"excerpt":{"rendered":"<p>Tane\u010dn\u00fd odbor V tane\u010dnom odbore \u017eiaci rozv\u00edjaj\u00fa svoje telesn\u00e9 a pohybov\u00e9 schopnosti. U\u010dia sa pracova\u0165 s vlastn\u00fdm telom a vn\u00edma\u0165 ho ako pohybov\u00fa jednotku, ktor\u00fa rozv\u00edjaj\u00fa. Vyu\u010dovanie je zameran\u00e9\u00a0 na klasick\u00fd, \u013eudov\u00fd, modern\u00fd tanec ale aj na gymnastiku. \u0160t\u00fadium tanca sa v najni\u017e\u0161\u00edch ro\u010dn\u00edkoch za\u010d\u00edna rytmicko-pohybov\u00fdmi hrami, rozv\u00edjan\u00edm orient\u00e1cie \u017eiakov v priestore, z\u00e1kladn\u00fdmi gymnastick\u00fdmi cvi\u010deniami [&hellip;]<\/p>\n","protected":false},"author":1,"featured_media":0,"parent":0,"menu_order":0,"comment_status":"closed","ping_status":"closed","template":"","meta":{"_monsterinsights_skip_tracking":false,"_monsterinsights_sitenote_active":false,"_monsterinsights_sitenote_note":"","_monsterinsights_sitenote_category":0,"footnotes":""},"class_list":["post-430","page","type-page","status-publish","hentry"],"yoast_head":"<!-- This site is optimized with the Yoast SEO plugin v23.4 - https:\/\/yoast.com\/wordpress\/plugins\/seo\/ -->\n<title>Tane\u010dn\u00fd odbor - Z\u00e1kladn\u00e1 Umeleck\u00e1 \u0160kola Exn\u00e1rova 6<\/title>\n<meta name=\"robots\" content=\"index, follow, max-snippet:-1, max-image-preview:large, max-video-preview:-1\" \/>\n<link rel=\"canonical\" href=\"https:\/\/www.zus-exnarova.sk\/1234\/tanecny-odbor\/\" \/>\n<meta property=\"og:locale\" content=\"en_US\" \/>\n<meta property=\"og:type\" content=\"article\" \/>\n<meta property=\"og:title\" content=\"Tane\u010dn\u00fd odbor - Z\u00e1kladn\u00e1 Umeleck\u00e1 \u0160kola Exn\u00e1rova 6\" \/>\n<meta property=\"og:description\" content=\"Tane\u010dn\u00fd odbor V tane\u010dnom odbore \u017eiaci rozv\u00edjaj\u00fa svoje telesn\u00e9 a pohybov\u00e9 schopnosti. U\u010dia sa pracova\u0165 s vlastn\u00fdm telom a vn\u00edma\u0165 ho ako pohybov\u00fa jednotku, ktor\u00fa rozv\u00edjaj\u00fa. Vyu\u010dovanie je zameran\u00e9\u00a0 na klasick\u00fd, \u013eudov\u00fd, modern\u00fd tanec ale aj na gymnastiku. \u0160t\u00fadium tanca sa v najni\u017e\u0161\u00edch ro\u010dn\u00edkoch za\u010d\u00edna rytmicko-pohybov\u00fdmi hrami, rozv\u00edjan\u00edm orient\u00e1cie \u017eiakov v priestore, z\u00e1kladn\u00fdmi gymnastick\u00fdmi cvi\u010deniami [&hellip;]\" \/>\n<meta property=\"og:url\" content=\"https:\/\/www.zus-exnarova.sk\/1234\/tanecny-odbor\/\" \/>\n<meta property=\"og:site_name\" content=\"Z\u00e1kladn\u00e1 Umeleck\u00e1 \u0160kola Exn\u00e1rova 6\" \/>\n<meta property=\"article:modified_time\" content=\"2024-05-31T04:23:36+00:00\" \/>\n<meta name=\"twitter:card\" content=\"summary_large_image\" \/>\n<meta name=\"twitter:label1\" content=\"Est. reading time\" \/>\n\t<meta name=\"twitter:data1\" content=\"1 minute\" \/>\n<script type=\"application\/ld+json\" class=\"yoast-schema-graph\">{\"@context\":\"https:\/\/schema.org\",\"@graph\":[{\"@type\":\"WebPage\",\"@id\":\"https:\/\/www.zus-exnarova.sk\/1234\/tanecny-odbor\/\",\"url\":\"https:\/\/www.zus-exnarova.sk\/1234\/tanecny-odbor\/\",\"name\":\"Tane\u010dn\u00fd odbor - Z\u00e1kladn\u00e1 Umeleck\u00e1 \u0160kola Exn\u00e1rova 6\",\"isPartOf\":{\"@id\":\"https:\/\/www.zus-exnarova.sk\/1234\/#website\"},\"datePublished\":\"2024-04-26T07:58:12+00:00\",\"dateModified\":\"2024-05-31T04:23:36+00:00\",\"breadcrumb\":{\"@id\":\"https:\/\/www.zus-exnarova.sk\/1234\/tanecny-odbor\/#breadcrumb\"},\"inLanguage\":\"en-US\",\"potentialAction\":[{\"@type\":\"ReadAction\",\"target\":[\"https:\/\/www.zus-exnarova.sk\/1234\/tanecny-odbor\/\"]}]},{\"@type\":\"BreadcrumbList\",\"@id\":\"https:\/\/www.zus-exnarova.sk\/1234\/tanecny-odbor\/#breadcrumb\",\"itemListElement\":[{\"@type\":\"ListItem\",\"position\":1,\"name\":\"Home\",\"item\":\"https:\/\/www.zus-exnarova.sk\/1234\/\"},{\"@type\":\"ListItem\",\"position\":2,\"name\":\"Tane\u010dn\u00fd odbor\"}]},{\"@type\":\"WebSite\",\"@id\":\"https:\/\/www.zus-exnarova.sk\/1234\/#website\",\"url\":\"https:\/\/www.zus-exnarova.sk\/1234\/\",\"name\":\"Z\u00e1kladn\u00e1 Umeleck\u00e1 \u0160kola Exn\u00e1rova 6\",\"description\":\"\",\"potentialAction\":[{\"@type\":\"SearchAction\",\"target\":{\"@type\":\"EntryPoint\",\"urlTemplate\":\"https:\/\/www.zus-exnarova.sk\/1234\/?s={search_term_string}\"},\"query-input\":{\"@type\":\"PropertyValueSpecification\",\"valueRequired\":true,\"valueName\":\"search_term_string\"}}],\"inLanguage\":\"en-US\"}]}<\/script>\n<!-- \/ Yoast SEO plugin. -->","yoast_head_json":{"title":"Tane\u010dn\u00fd odbor - Z\u00e1kladn\u00e1 Umeleck\u00e1 \u0160kola Exn\u00e1rova 6","robots":{"index":"index","follow":"follow","max-snippet":"max-snippet:-1","max-image-preview":"max-image-preview:large","max-video-preview":"max-video-preview:-1"},"canonical":"https:\/\/www.zus-exnarova.sk\/1234\/tanecny-odbor\/","og_locale":"en_US","og_type":"article","og_title":"Tane\u010dn\u00fd odbor - Z\u00e1kladn\u00e1 Umeleck\u00e1 \u0160kola Exn\u00e1rova 6","og_description":"Tane\u010dn\u00fd odbor V tane\u010dnom odbore \u017eiaci rozv\u00edjaj\u00fa svoje telesn\u00e9 a pohybov\u00e9 schopnosti. U\u010dia sa pracova\u0165 s vlastn\u00fdm telom a vn\u00edma\u0165 ho ako pohybov\u00fa jednotku, ktor\u00fa rozv\u00edjaj\u00fa. Vyu\u010dovanie je zameran\u00e9\u00a0 na klasick\u00fd, \u013eudov\u00fd, modern\u00fd tanec ale aj na gymnastiku. \u0160t\u00fadium tanca sa v najni\u017e\u0161\u00edch ro\u010dn\u00edkoch za\u010d\u00edna rytmicko-pohybov\u00fdmi hrami, rozv\u00edjan\u00edm orient\u00e1cie \u017eiakov v priestore, z\u00e1kladn\u00fdmi gymnastick\u00fdmi cvi\u010deniami [&hellip;]","og_url":"https:\/\/www.zus-exnarova.sk\/1234\/tanecny-odbor\/","og_site_name":"Z\u00e1kladn\u00e1 Umeleck\u00e1 \u0160kola Exn\u00e1rova 6","article_modified_time":"2024-05-31T04:23:36+00:00","twitter_card":"summary_large_image","twitter_misc":{"Est. reading time":"1 minute"},"schema":{"@context":"https:\/\/schema.org","@graph":[{"@type":"WebPage","@id":"https:\/\/www.zus-exnarova.sk\/1234\/tanecny-odbor\/","url":"https:\/\/www.zus-exnarova.sk\/1234\/tanecny-odbor\/","name":"Tane\u010dn\u00fd odbor - Z\u00e1kladn\u00e1 Umeleck\u00e1 \u0160kola Exn\u00e1rova 6","isPartOf":{"@id":"https:\/\/www.zus-exnarova.sk\/1234\/#website"},"datePublished":"2024-04-26T07:58:12+00:00","dateModified":"2024-05-31T04:23:36+00:00","breadcrumb":{"@id":"https:\/\/www.zus-exnarova.sk\/1234\/tanecny-odbor\/#breadcrumb"},"inLanguage":"en-US","potentialAction":[{"@type":"ReadAction","target":["https:\/\/www.zus-exnarova.sk\/1234\/tanecny-odbor\/"]}]},{"@type":"BreadcrumbList","@id":"https:\/\/www.zus-exnarova.sk\/1234\/tanecny-odbor\/#breadcrumb","itemListElement":[{"@type":"ListItem","position":1,"name":"Home","item":"https:\/\/www.zus-exnarova.sk\/1234\/"},{"@type":"ListItem","position":2,"name":"Tane\u010dn\u00fd odbor"}]},{"@type":"WebSite","@id":"https:\/\/www.zus-exnarova.sk\/1234\/#website","url":"https:\/\/www.zus-exnarova.sk\/1234\/","name":"Z\u00e1kladn\u00e1 Umeleck\u00e1 \u0160kola Exn\u00e1rova 6","description":"","potentialAction":[{"@type":"SearchAction","target":{"@type":"EntryPoint","urlTemplate":"https:\/\/www.zus-exnarova.sk\/1234\/?s={search_term_string}"},"query-input":{"@type":"PropertyValueSpecification","valueRequired":true,"valueName":"search_term_string"}}],"inLanguage":"en-US"}]}},"_links":{"self":[{"href":"https:\/\/www.zus-exnarova.sk\/1234\/wp-json\/wp\/v2\/pages\/430"}],"collection":[{"href":"https:\/\/www.zus-exnarova.sk\/1234\/wp-json\/wp\/v2\/pages"}],"about":[{"href":"https:\/\/www.zus-exnarova.sk\/1234\/wp-json\/wp\/v2\/types\/page"}],"author":[{"embeddable":true,"href":"https:\/\/www.zus-exnarova.sk\/1234\/wp-json\/wp\/v2\/users\/1"}],"replies":[{"embeddable":true,"href":"https:\/\/www.zus-exnarova.sk\/1234\/wp-json\/wp\/v2\/comments?post=430"}],"version-history":[{"count":6,"href":"https:\/\/www.zus-exnarova.sk\/1234\/wp-json\/wp\/v2\/pages\/430\/revisions"}],"predecessor-version":[{"id":1578,"href":"https:\/\/www.zus-exnarova.sk\/1234\/wp-json\/wp\/v2\/pages\/430\/revisions\/1578"}],"wp:attachment":[{"href":"https:\/\/www.zus-exnarova.sk\/1234\/wp-json\/wp\/v2\/media?parent=430"}],"curies":[{"name":"wp","href":"https:\/\/api.w.org\/{rel}","templated":true}]}}