{"id":435,"date":"2024-04-26T10:00:10","date_gmt":"2024-04-26T08:00:10","guid":{"rendered":"https:\/\/www.zus-exnarova.sk\/1234\/?page_id=435"},"modified":"2024-05-31T06:08:05","modified_gmt":"2024-05-31T04:08:05","slug":"skolske-komorne-telesa","status":"publish","type":"page","link":"https:\/\/www.zus-exnarova.sk\/1234\/skolske-komorne-telesa\/","title":{"rendered":"\u0160kolsk\u00e9 komorn\u00e9 teles\u00e1"},"content":{"rendered":"\t\t<div data-elementor-type=\"wp-page\" data-elementor-id=\"435\" class=\"elementor elementor-435\">\n\t\t\t\t<div class=\"elementor-element elementor-element-3f6bd41 e-flex e-con-boxed e-con e-parent\" data-id=\"3f6bd41\" data-element_type=\"container\">\n\t\t\t\t\t<div class=\"e-con-inner\">\n\t\t\t\t<div class=\"elementor-element elementor-element-a0f08a2 elementor-widget elementor-widget-heading\" data-id=\"a0f08a2\" data-element_type=\"widget\" data-widget_type=\"heading.default\">\n\t\t\t\t<div class=\"elementor-widget-container\">\n\t\t\t<h2 class=\"elementor-heading-title elementor-size-default\">\u0160kolsk\u00e9 komorn\u00e9 teles\u00e1<\/h2>\t\t<\/div>\n\t\t\t\t<\/div>\n\t\t\t\t\t<\/div>\n\t\t\t\t<\/div>\n\t\t<div class=\"elementor-element elementor-element-3c2e23c e-flex e-con-boxed e-con e-parent\" data-id=\"3c2e23c\" data-element_type=\"container\">\n\t\t\t\t\t<div class=\"e-con-inner\">\n\t\t\t\t<div class=\"elementor-element elementor-element-732d4aa elementor-widget elementor-widget-text-editor\" data-id=\"732d4aa\" data-element_type=\"widget\" data-widget_type=\"text-editor.default\">\n\t\t\t\t<div class=\"elementor-widget-container\">\n\t\t\t\t\t\t\t<p>Komorn\u00e1 hra, hra v skupine<\/p><p>V\u00fdu\u010dba komornej hry je vynikaj\u00facim prostriedkom rozvoja soci\u00e1lnych kompetenci\u00ed . Interpret\u00e1cia komorn\u00e9ho diela m\u00e1 spolo\u010dn\u00fd cie\u013e, ktor\u00fd je uskuto\u010dnite\u013en\u00fd iba vz\u00e1jomnou kooper\u00e1ciou. Vy\u017eaduje od \u00fa\u010dastn\u00edka schopnos\u0165 integr\u00e1cie, vz\u00e1jomnej pozornosti, pocit spolupatri\u010dnosti a tie\u017e akcept\u00e1ciu hierarchie. Je modelom symbiotick\u00e9ho spolo\u010densk\u00e9ho spolu\u017eitia, \u00faspe\u0161nej vz\u00e1jomnej komunik\u00e1cie.<\/p><p>Jednou z prior\u00edt \u0161koly je vzdel\u00e1vanie \u017eiakov formou \u00fa\u010dinkovania v r\u00f4zno\u017e\u00e1nrov\u00fdch komorn\u00fdch zoskupeniach.<\/p><p><strong>Exn\u00e1r\u010dat\u00e1<\/strong><\/p><p>Komorn\u00e9 hudobn\u00e9 teleso, ktor\u00e9ho obsadenie zah\u0155\u0148a sl\u00e1\u010dikov\u00fa sekciu, sekciu akorde\u00f3nov a dychov\u00fa sekciu dreven\u00fdch n\u00e1strojov. \u0160pecializuje sa na na\u0161tudovanie a interpret\u00e1ciu in\u0161trument\u00e1lnych transkripci\u00ed a \u00fapravu vok\u00e1lnych diel zo v\u0161etk\u00fdch hudobn\u00fdch \u017e\u00e1nrov. \u017diaci z hudobn\u00e9ho odboru, vr\u00e1tane mal\u00fdch spev\u00e1kov, sa v tomto telese zdokona\u013euj\u00fa vo vz\u00e1jomnej interpreta\u010dnej interakcii a z\u00edskavaj\u00fa sk\u00fasenosti vo vn\u00edman\u00ed in\u0161trument\u00e1lno-melodickej a \u0161truktur\u00e1lno-harmonickej<\/p><p>rozmanitosti orchestr\u00e1lnych hudobn\u00fdch foriem.<\/p><p><strong>Exn\u00e1rik<\/strong><\/p><p>Mal\u00e9 komorn\u00e9 teleso, ktor\u00e9 sa \u0161pecializuje na interpret\u00e1ciu \u0161tylizovan\u00fdch foriem \u013eudovej a folkl\u00f3rnej hudby a piesn\u00ed. \u017diaci, najm\u00e4 mal\u00ed spev\u00e1ci, maj\u00fa v tomto telese pr\u00edle\u017eitos\u0165 zdokona\u013eova\u0165 svoj interpreta\u010dn\u00fd prejav spojen\u00fd s plnohodnotn\u00fdm in\u0161trument\u00e1lnym sprievodom a nadob\u00fadaj\u00fa cenn\u00fa sk\u00fasenos\u0165 v poznan\u00ed \u0161pecifick\u00fdch charakterist\u00edk in\u0161trument\u00e1lno-vok\u00e1lnych prvkov tradi\u010dnej hudobnej<\/p><p>kult\u00fary Slovenska.<\/p><p><strong>Jazz na Ex<\/strong><\/p><p>Hudobn\u00e9 teleso so zameran\u00edm na improviz\u00e1ciu a interpret\u00e1ciu reperto\u00e1ru z oblasti jazzov\u00fdch \u0161tandardov, blues, funk, ako aj s\u00fa\u010dasn\u00fdch kompoz\u00edci\u00ed so \u0161ir\u0161\u00edmi \u017e\u00e1nrov\u00fdmi presahmi. S\u00fa\u010das\u0165ou vzdel\u00e1vania \u017eiakov je tie\u017e v\u0161eobecn\u00e1 n\u00e1uka o jazzovej te\u00f3rii a harm\u00f3nii.<\/p><p><strong>RocKids<\/strong><\/p><p>Hudobn\u00e9 teleso so zameran\u00edm na interpret\u00e1ciu r\u00f4znych \u017e\u00e1nrov popul\u00e1rnej hudby. Okrem praktick\u00fdch interpreta\u010dn\u00fdch zru\u010dnosti \u017eiaci tie\u017e z\u00edskavaj\u00fa sk\u00fasenosti vo vyu\u017eit\u00ed modern\u00fdch hudobn\u00fdch aparat\u00far<\/p><p>so zameran\u00edm na najnov\u0161ie trendy z oblasti vyu\u017eitia anal\u00f3gov\u00fdch a digit\u00e1lnych technol\u00f3gii v hudbe. P\u00f4sobenie v skupine u \u017eiakov rozv\u00edja in\u0161trument\u00e1lne schopnosti, zru\u010dnosti a orient\u00e1ciu vo viacer\u00fdch hudobn\u00fdch \u0161t\u00fdloch. Poskytuje priestor pre hudobn\u00fd dial\u00f3g, zdie\u013eanie muzikantsk\u00fdch sk\u00fasenost\u00ed<\/p><p>z hrania aj konfront\u00e1ciu hudobn\u00fdch n\u00e1zorov. Prostredn\u00edctvom RocKids dok\u00e1\u017ee na\u0161a \u0161kola vyhovie\u0165<\/p><p>nemal\u00e9mu z\u00e1ujmu \u017eiakov o modern\u00fa\u00a0 hudbu.<\/p><p><strong>EIAPUF<\/strong><\/p><p>Experiment\u00e1lno-improviza\u010dn\u00fd s\u00fabor sa zameriava na interpret\u00e1ciu hudobn\u00e9ho reperto\u00e1ru 2. polovice 20. storo\u010dia a s\u00fa\u010dasn\u00fdch skladate\u013eov. \u017diaci sa prakticky vzdel\u00e1vaj\u00fa v poznan\u00ed roz\u0161\u00edren\u00fdch tradi\u010dn\u00fdch interpreta\u010dn\u00fdch techn\u00edk a s\u00fa\u010dasn\u00fdch trendov v oblasti experiment\u00e1lnej a intermedi\u00e1lnej tvorby. Z\u00e1rove\u0148 rozv\u00edja hudobn\u00fa fant\u00e1ziu a predstavivos\u0165 \u017eiakov, ktor\u00ed vlastn\u00fdm vkladom spolu dotv\u00e1raj\u00fa dielo autora. Sonoristika ako hlavn\u00fd kompozi\u010dn\u00fd princ\u00edp, ktor\u00fdm sa s\u00fabor zaober\u00e1, vy\u017eaduje schopnos\u0165 interpreta pracova\u0165 so zvukmi na vy\u0161\u0161ej \u00farovni. Toto p\u00fatav\u00e9 prepojenie umeleck\u00fdch discipl\u00edn intermedi\u00e1lnym vz\u0165ahom je v s\u00fa\u010dasnej multimedi\u00e1lnej dobe viac ako \u017eiaduce.<\/p>\t\t\t\t\t\t<\/div>\n\t\t\t\t<\/div>\n\t\t\t\t\t<\/div>\n\t\t\t\t<\/div>\n\t\t\t\t<\/div>\n\t\t","protected":false},"excerpt":{"rendered":"<p>\u0160kolsk\u00e9 komorn\u00e9 teles\u00e1 Komorn\u00e1 hra, hra v skupine V\u00fdu\u010dba komornej hry je vynikaj\u00facim prostriedkom rozvoja soci\u00e1lnych kompetenci\u00ed . Interpret\u00e1cia komorn\u00e9ho diela m\u00e1 spolo\u010dn\u00fd cie\u013e, ktor\u00fd je uskuto\u010dnite\u013en\u00fd iba vz\u00e1jomnou kooper\u00e1ciou. Vy\u017eaduje od \u00fa\u010dastn\u00edka schopnos\u0165 integr\u00e1cie, vz\u00e1jomnej pozornosti, pocit spolupatri\u010dnosti a tie\u017e akcept\u00e1ciu hierarchie. Je modelom symbiotick\u00e9ho spolo\u010densk\u00e9ho spolu\u017eitia, \u00faspe\u0161nej vz\u00e1jomnej komunik\u00e1cie. Jednou z prior\u00edt \u0161koly [&hellip;]<\/p>\n","protected":false},"author":1,"featured_media":0,"parent":0,"menu_order":0,"comment_status":"closed","ping_status":"closed","template":"","meta":{"_monsterinsights_skip_tracking":false,"_monsterinsights_sitenote_active":false,"_monsterinsights_sitenote_note":"","_monsterinsights_sitenote_category":0,"footnotes":""},"class_list":["post-435","page","type-page","status-publish","hentry"],"yoast_head":"<!-- This site is optimized with the Yoast SEO plugin v23.4 - https:\/\/yoast.com\/wordpress\/plugins\/seo\/ -->\n<title>\u0160kolsk\u00e9 komorn\u00e9 teles\u00e1 - Z\u00e1kladn\u00e1 Umeleck\u00e1 \u0160kola Exn\u00e1rova 6<\/title>\n<meta name=\"robots\" content=\"index, follow, max-snippet:-1, max-image-preview:large, max-video-preview:-1\" \/>\n<link rel=\"canonical\" href=\"https:\/\/www.zus-exnarova.sk\/1234\/skolske-komorne-telesa\/\" \/>\n<meta property=\"og:locale\" content=\"en_US\" \/>\n<meta property=\"og:type\" content=\"article\" \/>\n<meta property=\"og:title\" content=\"\u0160kolsk\u00e9 komorn\u00e9 teles\u00e1 - Z\u00e1kladn\u00e1 Umeleck\u00e1 \u0160kola Exn\u00e1rova 6\" \/>\n<meta property=\"og:description\" content=\"\u0160kolsk\u00e9 komorn\u00e9 teles\u00e1 Komorn\u00e1 hra, hra v skupine V\u00fdu\u010dba komornej hry je vynikaj\u00facim prostriedkom rozvoja soci\u00e1lnych kompetenci\u00ed . Interpret\u00e1cia komorn\u00e9ho diela m\u00e1 spolo\u010dn\u00fd cie\u013e, ktor\u00fd je uskuto\u010dnite\u013en\u00fd iba vz\u00e1jomnou kooper\u00e1ciou. Vy\u017eaduje od \u00fa\u010dastn\u00edka schopnos\u0165 integr\u00e1cie, vz\u00e1jomnej pozornosti, pocit spolupatri\u010dnosti a tie\u017e akcept\u00e1ciu hierarchie. Je modelom symbiotick\u00e9ho spolo\u010densk\u00e9ho spolu\u017eitia, \u00faspe\u0161nej vz\u00e1jomnej komunik\u00e1cie. Jednou z prior\u00edt \u0161koly [&hellip;]\" \/>\n<meta property=\"og:url\" content=\"https:\/\/www.zus-exnarova.sk\/1234\/skolske-komorne-telesa\/\" \/>\n<meta property=\"og:site_name\" content=\"Z\u00e1kladn\u00e1 Umeleck\u00e1 \u0160kola Exn\u00e1rova 6\" \/>\n<meta property=\"article:modified_time\" content=\"2024-05-31T04:08:05+00:00\" \/>\n<meta name=\"twitter:card\" content=\"summary_large_image\" \/>\n<meta name=\"twitter:label1\" content=\"Est. reading time\" \/>\n\t<meta name=\"twitter:data1\" content=\"2 minutes\" \/>\n<script type=\"application\/ld+json\" class=\"yoast-schema-graph\">{\"@context\":\"https:\/\/schema.org\",\"@graph\":[{\"@type\":\"WebPage\",\"@id\":\"https:\/\/www.zus-exnarova.sk\/1234\/skolske-komorne-telesa\/\",\"url\":\"https:\/\/www.zus-exnarova.sk\/1234\/skolske-komorne-telesa\/\",\"name\":\"\u0160kolsk\u00e9 komorn\u00e9 teles\u00e1 - Z\u00e1kladn\u00e1 Umeleck\u00e1 \u0160kola Exn\u00e1rova 6\",\"isPartOf\":{\"@id\":\"https:\/\/www.zus-exnarova.sk\/1234\/#website\"},\"datePublished\":\"2024-04-26T08:00:10+00:00\",\"dateModified\":\"2024-05-31T04:08:05+00:00\",\"breadcrumb\":{\"@id\":\"https:\/\/www.zus-exnarova.sk\/1234\/skolske-komorne-telesa\/#breadcrumb\"},\"inLanguage\":\"en-US\",\"potentialAction\":[{\"@type\":\"ReadAction\",\"target\":[\"https:\/\/www.zus-exnarova.sk\/1234\/skolske-komorne-telesa\/\"]}]},{\"@type\":\"BreadcrumbList\",\"@id\":\"https:\/\/www.zus-exnarova.sk\/1234\/skolske-komorne-telesa\/#breadcrumb\",\"itemListElement\":[{\"@type\":\"ListItem\",\"position\":1,\"name\":\"Home\",\"item\":\"https:\/\/www.zus-exnarova.sk\/1234\/\"},{\"@type\":\"ListItem\",\"position\":2,\"name\":\"\u0160kolsk\u00e9 komorn\u00e9 teles\u00e1\"}]},{\"@type\":\"WebSite\",\"@id\":\"https:\/\/www.zus-exnarova.sk\/1234\/#website\",\"url\":\"https:\/\/www.zus-exnarova.sk\/1234\/\",\"name\":\"Z\u00e1kladn\u00e1 Umeleck\u00e1 \u0160kola Exn\u00e1rova 6\",\"description\":\"\",\"potentialAction\":[{\"@type\":\"SearchAction\",\"target\":{\"@type\":\"EntryPoint\",\"urlTemplate\":\"https:\/\/www.zus-exnarova.sk\/1234\/?s={search_term_string}\"},\"query-input\":{\"@type\":\"PropertyValueSpecification\",\"valueRequired\":true,\"valueName\":\"search_term_string\"}}],\"inLanguage\":\"en-US\"}]}<\/script>\n<!-- \/ Yoast SEO plugin. -->","yoast_head_json":{"title":"\u0160kolsk\u00e9 komorn\u00e9 teles\u00e1 - Z\u00e1kladn\u00e1 Umeleck\u00e1 \u0160kola Exn\u00e1rova 6","robots":{"index":"index","follow":"follow","max-snippet":"max-snippet:-1","max-image-preview":"max-image-preview:large","max-video-preview":"max-video-preview:-1"},"canonical":"https:\/\/www.zus-exnarova.sk\/1234\/skolske-komorne-telesa\/","og_locale":"en_US","og_type":"article","og_title":"\u0160kolsk\u00e9 komorn\u00e9 teles\u00e1 - Z\u00e1kladn\u00e1 Umeleck\u00e1 \u0160kola Exn\u00e1rova 6","og_description":"\u0160kolsk\u00e9 komorn\u00e9 teles\u00e1 Komorn\u00e1 hra, hra v skupine V\u00fdu\u010dba komornej hry je vynikaj\u00facim prostriedkom rozvoja soci\u00e1lnych kompetenci\u00ed . Interpret\u00e1cia komorn\u00e9ho diela m\u00e1 spolo\u010dn\u00fd cie\u013e, ktor\u00fd je uskuto\u010dnite\u013en\u00fd iba vz\u00e1jomnou kooper\u00e1ciou. Vy\u017eaduje od \u00fa\u010dastn\u00edka schopnos\u0165 integr\u00e1cie, vz\u00e1jomnej pozornosti, pocit spolupatri\u010dnosti a tie\u017e akcept\u00e1ciu hierarchie. Je modelom symbiotick\u00e9ho spolo\u010densk\u00e9ho spolu\u017eitia, \u00faspe\u0161nej vz\u00e1jomnej komunik\u00e1cie. Jednou z prior\u00edt \u0161koly [&hellip;]","og_url":"https:\/\/www.zus-exnarova.sk\/1234\/skolske-komorne-telesa\/","og_site_name":"Z\u00e1kladn\u00e1 Umeleck\u00e1 \u0160kola Exn\u00e1rova 6","article_modified_time":"2024-05-31T04:08:05+00:00","twitter_card":"summary_large_image","twitter_misc":{"Est. reading time":"2 minutes"},"schema":{"@context":"https:\/\/schema.org","@graph":[{"@type":"WebPage","@id":"https:\/\/www.zus-exnarova.sk\/1234\/skolske-komorne-telesa\/","url":"https:\/\/www.zus-exnarova.sk\/1234\/skolske-komorne-telesa\/","name":"\u0160kolsk\u00e9 komorn\u00e9 teles\u00e1 - Z\u00e1kladn\u00e1 Umeleck\u00e1 \u0160kola Exn\u00e1rova 6","isPartOf":{"@id":"https:\/\/www.zus-exnarova.sk\/1234\/#website"},"datePublished":"2024-04-26T08:00:10+00:00","dateModified":"2024-05-31T04:08:05+00:00","breadcrumb":{"@id":"https:\/\/www.zus-exnarova.sk\/1234\/skolske-komorne-telesa\/#breadcrumb"},"inLanguage":"en-US","potentialAction":[{"@type":"ReadAction","target":["https:\/\/www.zus-exnarova.sk\/1234\/skolske-komorne-telesa\/"]}]},{"@type":"BreadcrumbList","@id":"https:\/\/www.zus-exnarova.sk\/1234\/skolske-komorne-telesa\/#breadcrumb","itemListElement":[{"@type":"ListItem","position":1,"name":"Home","item":"https:\/\/www.zus-exnarova.sk\/1234\/"},{"@type":"ListItem","position":2,"name":"\u0160kolsk\u00e9 komorn\u00e9 teles\u00e1"}]},{"@type":"WebSite","@id":"https:\/\/www.zus-exnarova.sk\/1234\/#website","url":"https:\/\/www.zus-exnarova.sk\/1234\/","name":"Z\u00e1kladn\u00e1 Umeleck\u00e1 \u0160kola Exn\u00e1rova 6","description":"","potentialAction":[{"@type":"SearchAction","target":{"@type":"EntryPoint","urlTemplate":"https:\/\/www.zus-exnarova.sk\/1234\/?s={search_term_string}"},"query-input":{"@type":"PropertyValueSpecification","valueRequired":true,"valueName":"search_term_string"}}],"inLanguage":"en-US"}]}},"_links":{"self":[{"href":"https:\/\/www.zus-exnarova.sk\/1234\/wp-json\/wp\/v2\/pages\/435"}],"collection":[{"href":"https:\/\/www.zus-exnarova.sk\/1234\/wp-json\/wp\/v2\/pages"}],"about":[{"href":"https:\/\/www.zus-exnarova.sk\/1234\/wp-json\/wp\/v2\/types\/page"}],"author":[{"embeddable":true,"href":"https:\/\/www.zus-exnarova.sk\/1234\/wp-json\/wp\/v2\/users\/1"}],"replies":[{"embeddable":true,"href":"https:\/\/www.zus-exnarova.sk\/1234\/wp-json\/wp\/v2\/comments?post=435"}],"version-history":[{"count":6,"href":"https:\/\/www.zus-exnarova.sk\/1234\/wp-json\/wp\/v2\/pages\/435\/revisions"}],"predecessor-version":[{"id":1564,"href":"https:\/\/www.zus-exnarova.sk\/1234\/wp-json\/wp\/v2\/pages\/435\/revisions\/1564"}],"wp:attachment":[{"href":"https:\/\/www.zus-exnarova.sk\/1234\/wp-json\/wp\/v2\/media?parent=435"}],"curies":[{"name":"wp","href":"https:\/\/api.w.org\/{rel}","templated":true}]}}