{"id":442,"date":"2024-04-26T10:06:17","date_gmt":"2024-04-26T08:06:17","guid":{"rendered":"https:\/\/www.zus-exnarova.sk\/1234\/?page_id=442"},"modified":"2026-04-07T23:12:19","modified_gmt":"2026-04-07T21:12:19","slug":"prihlaska-na-studium","status":"publish","type":"page","link":"https:\/\/www.zus-exnarova.sk\/1234\/prihlaska-na-studium\/","title":{"rendered":"Prihl\u00e1\u0161ka na \u0161t\u00fadium"},"content":{"rendered":"\t\t<div data-elementor-type=\"wp-page\" data-elementor-id=\"442\" class=\"elementor elementor-442\">\n\t\t\t\t<div class=\"elementor-element elementor-element-8e91aaa e-flex e-con-boxed e-con e-parent\" data-id=\"8e91aaa\" data-element_type=\"container\">\n\t\t\t\t\t<div class=\"e-con-inner\">\n\t\t\t\t<div class=\"elementor-element elementor-element-15be7f5 elementor-widget elementor-widget-heading\" data-id=\"15be7f5\" data-element_type=\"widget\" data-widget_type=\"heading.default\">\n\t\t\t\t<div class=\"elementor-widget-container\">\n\t\t\t<h2 class=\"elementor-heading-title elementor-size-default\">Prihl\u00e1\u0161ka na \u0161t\u00fadium<\/h2>\t\t<\/div>\n\t\t\t\t<\/div>\n\t\t\t\t\t<\/div>\n\t\t\t\t<\/div>\n\t\t<div class=\"elementor-element elementor-element-fa356a7 e-flex e-con-boxed e-con e-parent\" data-id=\"fa356a7\" data-element_type=\"container\">\n\t\t\t\t\t<div class=\"e-con-inner\">\n\t\t\t\t<div class=\"elementor-element elementor-element-6e65589 elementor-widget elementor-widget-text-editor\" data-id=\"6e65589\" data-element_type=\"widget\" data-widget_type=\"text-editor.default\">\n\t\t\t\t<div class=\"elementor-widget-container\">\n\t\t\t\t\t\t\t<p>Prihl\u00e1\u0161ka na \u0161t\u00fadium sa pod\u00e1va prostredn\u00edctvom elektronick\u00e9ho formul\u00e1ra n\u00e1\u0161ho \u0161kolsk\u00e9ho syst\u00e9mu iZU\u0160 na www.zus-exnarova.sk &#8211; ELEKTRONICK\u00c1 PRIHL\u00c1\u0160KA NA \u0160T\u00daDIUM. Z\u00e1ujemca vypln\u00ed online elektronick\u00fa prihl\u00e1\u0161ku. Do prihl\u00e1\u0161ky je potrebn\u00e9 uvies\u0165 n\u00e1zov \u0161koly, adresu a ro\u010dn\u00edk, ktor\u00fa die\u0165a bude nav\u0161tevova\u0165 v \u0161kolskom roku 2026\/2027. Na email zadan\u00fd v elektronickom prihlasovacom formul\u00e1ri ako kontaktn\u00e1 adresa bude doru\u010den\u00e1 automatick\u00e1 odpove\u010f \u0161koly o registr\u00e1cii prihl\u00e1\u0161ky a po zverejnen\u00ed term\u00ednov prij\u00edmac\u00edch talentov\u00fdch sk\u00fa\u0161ok pozv\u00e1nka.<br \/>Z\u00e1ujemca si prihl\u00e1\u0161ku vytla\u010d\u00ed, podp\u00ed\u0161e a pri prij\u00edmac\u00edch talentov\u00fdch sk\u00fa\u0161kach ju odovzd\u00e1 prij\u00edmacej komisii. V pr\u00edpade, \u017ee z\u00e1ujemca nem\u00e1 mo\u017enos\u0165 elektronick\u00fa prihl\u00e1\u0161ku vyplni\u0165 a vytla\u010di\u0165 pred konan\u00edm sk\u00fa\u0161ok, m\u00f4\u017ee elektronick\u00fa prihl\u00e1\u0161ku vyplni\u0165 priamo po\u010das prij\u00edmac\u00edch sk\u00fa\u0161ok.<\/p><p><a href=\"http:\/\/www.izus.sk\/prihlaska_do_zus\/nova\/?zus=494\">prihl\u00e1\u0161ka<\/a><\/p>\t\t\t\t\t\t<\/div>\n\t\t\t\t<\/div>\n\t\t\t\t\t<\/div>\n\t\t\t\t<\/div>\n\t\t\t\t<\/div>\n\t\t","protected":false},"excerpt":{"rendered":"<p>Prihl\u00e1\u0161ka na \u0161t\u00fadium Prihl\u00e1\u0161ka na \u0161t\u00fadium sa pod\u00e1va prostredn\u00edctvom elektronick\u00e9ho formul\u00e1ra n\u00e1\u0161ho \u0161kolsk\u00e9ho syst\u00e9mu iZU\u0160 na www.zus-exnarova.sk &#8211; ELEKTRONICK\u00c1 PRIHL\u00c1\u0160KA NA \u0160T\u00daDIUM. Z\u00e1ujemca vypln\u00ed online elektronick\u00fa prihl\u00e1\u0161ku. Do prihl\u00e1\u0161ky je potrebn\u00e9 uvies\u0165 n\u00e1zov \u0161koly, adresu a ro\u010dn\u00edk, ktor\u00fa die\u0165a bude nav\u0161tevova\u0165 v \u0161kolskom roku 2026\/2027. Na email zadan\u00fd v elektronickom prihlasovacom formul\u00e1ri ako kontaktn\u00e1 adresa [&hellip;]<\/p>\n","protected":false},"author":1,"featured_media":0,"parent":0,"menu_order":0,"comment_status":"closed","ping_status":"closed","template":"","meta":{"_monsterinsights_skip_tracking":false,"_monsterinsights_sitenote_active":false,"_monsterinsights_sitenote_note":"","_monsterinsights_sitenote_category":0,"footnotes":""},"class_list":["post-442","page","type-page","status-publish","hentry"],"yoast_head":"<!-- This site is optimized with the Yoast SEO plugin v23.4 - https:\/\/yoast.com\/wordpress\/plugins\/seo\/ -->\n<title>Prihl\u00e1\u0161ka na \u0161t\u00fadium - Z\u00e1kladn\u00e1 Umeleck\u00e1 \u0160kola Exn\u00e1rova 6<\/title>\n<meta name=\"robots\" content=\"index, follow, max-snippet:-1, max-image-preview:large, max-video-preview:-1\" \/>\n<link rel=\"canonical\" href=\"https:\/\/www.zus-exnarova.sk\/1234\/prihlaska-na-studium\/\" \/>\n<meta property=\"og:locale\" content=\"en_US\" \/>\n<meta property=\"og:type\" content=\"article\" \/>\n<meta property=\"og:title\" content=\"Prihl\u00e1\u0161ka na \u0161t\u00fadium - Z\u00e1kladn\u00e1 Umeleck\u00e1 \u0160kola Exn\u00e1rova 6\" \/>\n<meta property=\"og:description\" content=\"Prihl\u00e1\u0161ka na \u0161t\u00fadium Prihl\u00e1\u0161ka na \u0161t\u00fadium sa pod\u00e1va prostredn\u00edctvom elektronick\u00e9ho formul\u00e1ra n\u00e1\u0161ho \u0161kolsk\u00e9ho syst\u00e9mu iZU\u0160 na www.zus-exnarova.sk &#8211; ELEKTRONICK\u00c1 PRIHL\u00c1\u0160KA NA \u0160T\u00daDIUM. Z\u00e1ujemca vypln\u00ed online elektronick\u00fa prihl\u00e1\u0161ku. Do prihl\u00e1\u0161ky je potrebn\u00e9 uvies\u0165 n\u00e1zov \u0161koly, adresu a ro\u010dn\u00edk, ktor\u00fa die\u0165a bude nav\u0161tevova\u0165 v \u0161kolskom roku 2026\/2027. Na email zadan\u00fd v elektronickom prihlasovacom formul\u00e1ri ako kontaktn\u00e1 adresa [&hellip;]\" \/>\n<meta property=\"og:url\" content=\"https:\/\/www.zus-exnarova.sk\/1234\/prihlaska-na-studium\/\" \/>\n<meta property=\"og:site_name\" content=\"Z\u00e1kladn\u00e1 Umeleck\u00e1 \u0160kola Exn\u00e1rova 6\" \/>\n<meta property=\"article:modified_time\" content=\"2026-04-07T21:12:19+00:00\" \/>\n<meta name=\"twitter:card\" content=\"summary_large_image\" \/>\n<meta name=\"twitter:label1\" content=\"Est. reading time\" \/>\n\t<meta name=\"twitter:data1\" content=\"1 minute\" \/>\n<script type=\"application\/ld+json\" class=\"yoast-schema-graph\">{\"@context\":\"https:\/\/schema.org\",\"@graph\":[{\"@type\":\"WebPage\",\"@id\":\"https:\/\/www.zus-exnarova.sk\/1234\/prihlaska-na-studium\/\",\"url\":\"https:\/\/www.zus-exnarova.sk\/1234\/prihlaska-na-studium\/\",\"name\":\"Prihl\u00e1\u0161ka na \u0161t\u00fadium - Z\u00e1kladn\u00e1 Umeleck\u00e1 \u0160kola Exn\u00e1rova 6\",\"isPartOf\":{\"@id\":\"https:\/\/www.zus-exnarova.sk\/1234\/#website\"},\"datePublished\":\"2024-04-26T08:06:17+00:00\",\"dateModified\":\"2026-04-07T21:12:19+00:00\",\"breadcrumb\":{\"@id\":\"https:\/\/www.zus-exnarova.sk\/1234\/prihlaska-na-studium\/#breadcrumb\"},\"inLanguage\":\"en-US\",\"potentialAction\":[{\"@type\":\"ReadAction\",\"target\":[\"https:\/\/www.zus-exnarova.sk\/1234\/prihlaska-na-studium\/\"]}]},{\"@type\":\"BreadcrumbList\",\"@id\":\"https:\/\/www.zus-exnarova.sk\/1234\/prihlaska-na-studium\/#breadcrumb\",\"itemListElement\":[{\"@type\":\"ListItem\",\"position\":1,\"name\":\"Home\",\"item\":\"https:\/\/www.zus-exnarova.sk\/1234\/\"},{\"@type\":\"ListItem\",\"position\":2,\"name\":\"Prihl\u00e1\u0161ka na \u0161t\u00fadium\"}]},{\"@type\":\"WebSite\",\"@id\":\"https:\/\/www.zus-exnarova.sk\/1234\/#website\",\"url\":\"https:\/\/www.zus-exnarova.sk\/1234\/\",\"name\":\"Z\u00e1kladn\u00e1 Umeleck\u00e1 \u0160kola Exn\u00e1rova 6\",\"description\":\"\",\"potentialAction\":[{\"@type\":\"SearchAction\",\"target\":{\"@type\":\"EntryPoint\",\"urlTemplate\":\"https:\/\/www.zus-exnarova.sk\/1234\/?s={search_term_string}\"},\"query-input\":{\"@type\":\"PropertyValueSpecification\",\"valueRequired\":true,\"valueName\":\"search_term_string\"}}],\"inLanguage\":\"en-US\"}]}<\/script>\n<!-- \/ Yoast SEO plugin. -->","yoast_head_json":{"title":"Prihl\u00e1\u0161ka na \u0161t\u00fadium - Z\u00e1kladn\u00e1 Umeleck\u00e1 \u0160kola Exn\u00e1rova 6","robots":{"index":"index","follow":"follow","max-snippet":"max-snippet:-1","max-image-preview":"max-image-preview:large","max-video-preview":"max-video-preview:-1"},"canonical":"https:\/\/www.zus-exnarova.sk\/1234\/prihlaska-na-studium\/","og_locale":"en_US","og_type":"article","og_title":"Prihl\u00e1\u0161ka na \u0161t\u00fadium - Z\u00e1kladn\u00e1 Umeleck\u00e1 \u0160kola Exn\u00e1rova 6","og_description":"Prihl\u00e1\u0161ka na \u0161t\u00fadium Prihl\u00e1\u0161ka na \u0161t\u00fadium sa pod\u00e1va prostredn\u00edctvom elektronick\u00e9ho formul\u00e1ra n\u00e1\u0161ho \u0161kolsk\u00e9ho syst\u00e9mu iZU\u0160 na www.zus-exnarova.sk &#8211; ELEKTRONICK\u00c1 PRIHL\u00c1\u0160KA NA \u0160T\u00daDIUM. Z\u00e1ujemca vypln\u00ed online elektronick\u00fa prihl\u00e1\u0161ku. Do prihl\u00e1\u0161ky je potrebn\u00e9 uvies\u0165 n\u00e1zov \u0161koly, adresu a ro\u010dn\u00edk, ktor\u00fa die\u0165a bude nav\u0161tevova\u0165 v \u0161kolskom roku 2026\/2027. Na email zadan\u00fd v elektronickom prihlasovacom formul\u00e1ri ako kontaktn\u00e1 adresa [&hellip;]","og_url":"https:\/\/www.zus-exnarova.sk\/1234\/prihlaska-na-studium\/","og_site_name":"Z\u00e1kladn\u00e1 Umeleck\u00e1 \u0160kola Exn\u00e1rova 6","article_modified_time":"2026-04-07T21:12:19+00:00","twitter_card":"summary_large_image","twitter_misc":{"Est. reading time":"1 minute"},"schema":{"@context":"https:\/\/schema.org","@graph":[{"@type":"WebPage","@id":"https:\/\/www.zus-exnarova.sk\/1234\/prihlaska-na-studium\/","url":"https:\/\/www.zus-exnarova.sk\/1234\/prihlaska-na-studium\/","name":"Prihl\u00e1\u0161ka na \u0161t\u00fadium - Z\u00e1kladn\u00e1 Umeleck\u00e1 \u0160kola Exn\u00e1rova 6","isPartOf":{"@id":"https:\/\/www.zus-exnarova.sk\/1234\/#website"},"datePublished":"2024-04-26T08:06:17+00:00","dateModified":"2026-04-07T21:12:19+00:00","breadcrumb":{"@id":"https:\/\/www.zus-exnarova.sk\/1234\/prihlaska-na-studium\/#breadcrumb"},"inLanguage":"en-US","potentialAction":[{"@type":"ReadAction","target":["https:\/\/www.zus-exnarova.sk\/1234\/prihlaska-na-studium\/"]}]},{"@type":"BreadcrumbList","@id":"https:\/\/www.zus-exnarova.sk\/1234\/prihlaska-na-studium\/#breadcrumb","itemListElement":[{"@type":"ListItem","position":1,"name":"Home","item":"https:\/\/www.zus-exnarova.sk\/1234\/"},{"@type":"ListItem","position":2,"name":"Prihl\u00e1\u0161ka na \u0161t\u00fadium"}]},{"@type":"WebSite","@id":"https:\/\/www.zus-exnarova.sk\/1234\/#website","url":"https:\/\/www.zus-exnarova.sk\/1234\/","name":"Z\u00e1kladn\u00e1 Umeleck\u00e1 \u0160kola Exn\u00e1rova 6","description":"","potentialAction":[{"@type":"SearchAction","target":{"@type":"EntryPoint","urlTemplate":"https:\/\/www.zus-exnarova.sk\/1234\/?s={search_term_string}"},"query-input":{"@type":"PropertyValueSpecification","valueRequired":true,"valueName":"search_term_string"}}],"inLanguage":"en-US"}]}},"_links":{"self":[{"href":"https:\/\/www.zus-exnarova.sk\/1234\/wp-json\/wp\/v2\/pages\/442"}],"collection":[{"href":"https:\/\/www.zus-exnarova.sk\/1234\/wp-json\/wp\/v2\/pages"}],"about":[{"href":"https:\/\/www.zus-exnarova.sk\/1234\/wp-json\/wp\/v2\/types\/page"}],"author":[{"embeddable":true,"href":"https:\/\/www.zus-exnarova.sk\/1234\/wp-json\/wp\/v2\/users\/1"}],"replies":[{"embeddable":true,"href":"https:\/\/www.zus-exnarova.sk\/1234\/wp-json\/wp\/v2\/comments?post=442"}],"version-history":[{"count":6,"href":"https:\/\/www.zus-exnarova.sk\/1234\/wp-json\/wp\/v2\/pages\/442\/revisions"}],"predecessor-version":[{"id":3876,"href":"https:\/\/www.zus-exnarova.sk\/1234\/wp-json\/wp\/v2\/pages\/442\/revisions\/3876"}],"wp:attachment":[{"href":"https:\/\/www.zus-exnarova.sk\/1234\/wp-json\/wp\/v2\/media?parent=442"}],"curies":[{"name":"wp","href":"https:\/\/api.w.org\/{rel}","templated":true}]}}