{"id":447,"date":"2024-04-26T10:07:28","date_gmt":"2024-04-26T08:07:28","guid":{"rendered":"https:\/\/www.zus-exnarova.sk\/1234\/?page_id=447"},"modified":"2026-04-07T23:13:51","modified_gmt":"2026-04-07T21:13:51","slug":"podmienky-prijatia-na-studium","status":"publish","type":"page","link":"https:\/\/www.zus-exnarova.sk\/1234\/podmienky-prijatia-na-studium\/","title":{"rendered":"Podmienky prijatia na \u0161t\u00fadium"},"content":{"rendered":"\t\t<div data-elementor-type=\"wp-page\" data-elementor-id=\"447\" class=\"elementor elementor-447\">\n\t\t\t\t<div class=\"elementor-element elementor-element-a493d19 e-flex e-con-boxed e-con e-parent\" data-id=\"a493d19\" data-element_type=\"container\">\n\t\t\t\t\t<div class=\"e-con-inner\">\n\t\t\t\t<div class=\"elementor-element elementor-element-4983690 elementor-widget elementor-widget-text-editor\" data-id=\"4983690\" data-element_type=\"widget\" data-widget_type=\"text-editor.default\">\n\t\t\t\t<div class=\"elementor-widget-container\">\n\t\t\t\t\t\t\t<h2>Term\u00edny konania prij\u00edmac\u00edch talentov\u00fdch sk\u00fa\u0161ok na \u0161kolsk\u00fd rok 2026\/2027<\/h2><h2>21.5. 2026 a 26.5. 2026 od 14:00 do 18:00 hod.<\/h2><h3>Miesta prij\u00edmac\u00edch sk\u00fa\u0161ok:<\/h3><h3>hlavn\u00e1 budova <br \/>Exn\u00e1rova 6\u00a0 (Ru\u017einov)<\/h3><h3>pracovisko <br \/>Orenbursk\u00e1 31 (Podunajsk\u00e9 Biskupice)<\/h3><h4>\u00a0<\/h4><h4>Prihl\u00e1\u0161ka na \u0161t\u00fadium sa pod\u00e1va prostredn\u00edctvom elektronick\u00e9ho formul\u00e1ra n\u00e1\u0161ho \u0161kolsk\u00e9ho syst\u00e9mu iZU\u0160 na www.zus-exnarova.sk &#8211; ELEKTRONICK\u00c1 PRIHL\u00c1\u0160KA NA \u0160T\u00daDIUM.<\/h4><h4><a href=\"http:\/\/www.izus.sk\/prihlaska_do_zus\/nova\/?zus=494\">prihl\u00e1\u0161ka<\/a><\/h4><h5>Z\u00e1ujemca vypln\u00ed online elektronick\u00fa prihl\u00e1\u0161ku. Do prihl\u00e1\u0161ky je potrebn\u00e9 uvies\u0165 n\u00e1zov \u0161koly, adresu a ro\u010dn\u00edk, ktor\u00fa die\u0165a bude nav\u0161tevova\u0165 v \u0161kolskom roku 2026\/2027. Na email zadan\u00fd v elektronickom prihlasovacom formul\u00e1ri ako kontaktn\u00e1 adresa bude doru\u010den\u00e1 automatick\u00e1 odpove\u010f \u0161koly o registr\u00e1cii prihl\u00e1\u0161ky a po zverejnen\u00ed term\u00ednov prij\u00edmac\u00edch talentov\u00fdch sk\u00fa\u0161ok pozv\u00e1nka.<br \/>Z\u00e1ujemca si prihl\u00e1\u0161ku vytla\u010d\u00ed, podp\u00ed\u0161e a pri prij\u00edmac\u00edch talentov\u00fdch sk\u00fa\u0161kach ju odovzd\u00e1 prij\u00edmacej komisii. V pr\u00edpade, \u017ee z\u00e1ujemca nem\u00e1 mo\u017enos\u0165 elektronick\u00fa prihl\u00e1\u0161ku vyplni\u0165 a vytla\u010di\u0165 pred konan\u00edm sk\u00fa\u0161ok, m\u00f4\u017ee elektronick\u00fa prihl\u00e1\u0161ku vyplni\u0165 priamo po\u010das prij\u00edmac\u00edch sk\u00fa\u0161ok.<\/h5><h5>Z\u00e1kladn\u00e1 umeleck\u00e1 \u0161kola Exn\u00e1rova 6 je umeleckou v\u00fdchovno-vzdel\u00e1vacou in\u0161tit\u00faciou,<br \/>zameranou na \u0161t\u00fadium v hudobnom, v\u00fdtvarnom, tane\u010dnom a liter\u00e1rno-dramatickom odbore. Poslan\u00edm \u0161koly je umo\u017eni\u0165 objavovanie a rozv\u00edjanie nadania, talentu, z\u00e1ujmov a schopnost\u00ed v umeleck\u00fdch oblastiach det\u00ed a ml\u00e1de\u017ee, a z\u00e1rove\u0148 im umo\u017eni\u0165 plnohodnotne, tvorivo a obohacuj\u00faco tr\u00e1vi\u0165 vo\u013en\u00fd \u010das, s pozit\u00edvnym dopadom v rozvoji a formovania ich osobnosti.<br \/>Rozvoj prirodzen\u00e9ho talentu a podpora tvoriv\u00e9ho a kritick\u00e9ho myslenia v\u00fdrazne podporuje \u00faspe\u0161nos\u0165 prijatia absolventov Z\u00e1kladnej umeleckej \u0161koly na \u0161t\u00fadium na stredn\u00e9 a vysok\u00e9 odborn\u00e9 a umeleck\u00e9 \u0161koly, s humanitn\u00fdm, hudobn\u00fdm alebo v\u00fdtvarn\u00fdm zameran\u00edm. Absolventi sa venuj\u00fa profesion\u00e1lnej umeleckej kari\u00e9re alebo pedagogickej \u010dinnosti.<\/h5><h5>Na \u0161t\u00fadium prij\u00edma riadite\u013eka \u0161koly deti a ml\u00e1de\u017e na z\u00e1klade v\u00fdsledkov talentovej sk\u00fa\u0161ky, pri\u010dom m\u00f4\u017ee prija\u0165 aj nadan\u00fdch z\u00e1ujemcov, ktor\u00ed nedosiahli alebo prekro\u010dili vek odpor\u00fa\u010dan\u00fd v u\u010debnom pl\u00e1ne umeleck\u00e9ho odboru alebo \u0161tudijn\u00e9ho zamerania.<\/h5><h5>\u0160kola umo\u017e\u0148uje aj \u0161t\u00fadium pre dospel\u00fdch v\u00a0pr\u00edpade vo\u013en\u00fdch kapac\u00edt.<\/h5><h5>Na pos\u00fadenie \u0161tudijn\u00fdch predpokladov uch\u00e1dza\u010da o prijatie na \u0161t\u00fadium pre ka\u017ed\u00fd umeleck\u00fd odbor<br \/>a \u0161tudijn\u00e9 zameranie zria\u010fuje riadite\u013eka \u0161koly prij\u00edmaciu komisiu.<\/h5><h5>Krit\u00e9ri\u00e1 prijatia na \u0161t\u00fadium<\/h5><h5>Hudobn\u00fd odbor:<br \/>1. Hudobn\u00fd sluch<br \/>2. Rytmick\u00e9 c\u00edtenie<br \/>3. Spev \u013eudovej alebo detskej piesne<br \/>Pri sk\u00fa\u0161ke tie\u017e zis\u0165ujeme fyzick\u00e9 predpoklady ku hre na zvolen\u00fd hudobn\u00fd n\u00e1stroj<br \/>V\u00fdtvarn\u00fd odbor:<br \/>schopnos\u0165 priestorov\u00e9ho, farebn\u00e9ho a tvarov\u00e9ho vn\u00edmania<br \/>stupe\u0148 vyjadrovac\u00edch schopnost\u00ed v\u00fdtvarn\u00fdm prejavom pod\u013ea skuto\u010dnosti a pod\u013ea predstavy<br \/>Tane\u010dn\u00fd odbor:<br \/>hudobn\u00e9 a pohybov\u00e9 schopnosti<br \/>telesn\u00fa sp\u00f4sobilos\u0165<br \/>rytmick\u00e9 c\u00edtenie<br \/>Liter\u00e1rno\u2013dramatick\u00fd odbor:<br \/>pohybov\u00e9 schopnosti<br \/>recita\u010dn\u00e9 schopnosti<br \/>hereck\u00fd prejav<\/h5><h5>Stupne z\u00e1kladn\u00e9ho umeleck\u00e9ho vzdelania<\/h5><h5>Pr\u00edpravn\u00e9 \u0161t\u00fadium je ur\u010den\u00e9 na intenz\u00edvne diagnostikovanie umeleck\u00fdch schopnost\u00ed \u017eiaka a jeho n\u00e1sledn\u00fa profil\u00e1ciu v pr\u00edslu\u0161nom umeleckom odbore.<br \/>P\u0160A 1., 2. ro\u010dn\u00edk &#8211; ur\u010den\u00e9 pre nadan\u00e9 deti vo veku pred plnen\u00edm povinnej \u0161kolskej doch\u00e1dzky.<br \/>P\u0160B &#8211; ur\u010den\u00e9 pre \u017eiakov prv\u00e9ho ro\u010dn\u00edka prv\u00e9ho stup\u0148a z\u00e1kladnej \u0161koly.<br \/>Prv\u00fd stupe\u0148 (HO, TO, LDO m\u00e1 8 ro\u010dn\u00edkov, VO m\u00e1 9 ro\u010dn\u00edkov)<br \/>a) prim\u00e1rne umeleck\u00e9 vzdelanie (ISCED 1 B) &#8211; Prv\u00e1 \u010das\u0165 prv\u00e9ho stup\u0148a z\u00e1kladn\u00e9ho \u0161t\u00fadia, ktor\u00e9 z\u00edska \u017eiak \u00faspe\u0161n\u00fdm absolvovan\u00edm posledn\u00e9ho ro\u010dn\u00edka vzdel\u00e1vacieho programu pre prv\u00fa \u010das\u0165 prv\u00e9ho stup\u0148a z\u00e1kladn\u00e9ho \u0161t\u00fadia ZU\u0160.<br \/>b) ni\u017e\u0161ie sekund\u00e1rne umeleck\u00e9 vzdelanie (ISCED 2 B) &#8211; Druh\u00e1 \u010das\u0165 prv\u00e9ho stup\u0148a z\u00e1kladn\u00e9ho \u0161t\u00fadia, ktor\u00e9 z\u00edska \u017eiak \u00faspe\u0161n\u00fdm absolvovan\u00edm posledn\u00e9ho ro\u010dn\u00edka vzdel\u00e1vacieho programu pre druh\u00fa \u010das\u0165 prv\u00e9ho stup\u0148a z\u00e1kladn\u00e9ho \u0161t\u00fadia ZU\u0160.<br \/>Aby boli uveden\u00e9 stupne umeleck\u00e9ho vzdelania kompatibiln\u00e9 a porovnate\u013en\u00e9 s medzin\u00e1rodnou klasifik\u00e1ciou stup\u0148ov vzdelania pod\u013ea ISCED (International Standard Classification of Education) bol prv\u00fd stupe\u0148 z\u00e1kladn\u00e9ho \u0161t\u00fadia v z\u00e1kladnej umeleckej \u0161kole roz\u010dlenen\u00fd na prv\u00fa \u010das\u0165 a na druh\u00fa \u010das\u0165.<br \/>Druh\u00fd stupe\u0148 (HO, TO, VO, LDO) m\u00e1 4 ro\u010dn\u00edky.<br \/>\u0160t\u00fadium pre dospel\u00fdch (HO, TO, VO, LDO) m\u00e1 4 ro\u010dn\u00edky.<\/h5><h5>\u00a0<\/h5><h5>\u00a0<\/h5>\t\t\t\t\t\t<\/div>\n\t\t\t\t<\/div>\n\t\t\t\t\t<\/div>\n\t\t\t\t<\/div>\n\t\t\t\t<\/div>\n\t\t","protected":false},"excerpt":{"rendered":"<p>Term\u00edny konania prij\u00edmac\u00edch talentov\u00fdch sk\u00fa\u0161ok na \u0161kolsk\u00fd rok 2026\/2027 21.5. 2026 a 26.5. 2026 od 14:00 do 18:00 hod. Miesta prij\u00edmac\u00edch sk\u00fa\u0161ok: hlavn\u00e1 budova Exn\u00e1rova 6\u00a0 (Ru\u017einov) pracovisko Orenbursk\u00e1 31 (Podunajsk\u00e9 Biskupice) \u00a0 Prihl\u00e1\u0161ka na \u0161t\u00fadium sa pod\u00e1va prostredn\u00edctvom elektronick\u00e9ho formul\u00e1ra n\u00e1\u0161ho \u0161kolsk\u00e9ho syst\u00e9mu iZU\u0160 na www.zus-exnarova.sk &#8211; ELEKTRONICK\u00c1 PRIHL\u00c1\u0160KA NA \u0160T\u00daDIUM. prihl\u00e1\u0161ka Z\u00e1ujemca vypln\u00ed [&hellip;]<\/p>\n","protected":false},"author":1,"featured_media":0,"parent":0,"menu_order":0,"comment_status":"closed","ping_status":"closed","template":"","meta":{"_monsterinsights_skip_tracking":false,"_monsterinsights_sitenote_active":false,"_monsterinsights_sitenote_note":"","_monsterinsights_sitenote_category":0,"footnotes":""},"class_list":["post-447","page","type-page","status-publish","hentry"],"yoast_head":"<!-- This site is optimized with the Yoast SEO plugin v23.4 - https:\/\/yoast.com\/wordpress\/plugins\/seo\/ -->\n<title>Podmienky prijatia na \u0161t\u00fadium - Z\u00e1kladn\u00e1 Umeleck\u00e1 \u0160kola Exn\u00e1rova 6<\/title>\n<meta name=\"robots\" content=\"index, follow, max-snippet:-1, max-image-preview:large, max-video-preview:-1\" \/>\n<link rel=\"canonical\" href=\"https:\/\/www.zus-exnarova.sk\/1234\/podmienky-prijatia-na-studium\/\" \/>\n<meta property=\"og:locale\" content=\"en_US\" \/>\n<meta property=\"og:type\" content=\"article\" \/>\n<meta property=\"og:title\" content=\"Podmienky prijatia na \u0161t\u00fadium - Z\u00e1kladn\u00e1 Umeleck\u00e1 \u0160kola Exn\u00e1rova 6\" \/>\n<meta property=\"og:description\" content=\"Term\u00edny konania prij\u00edmac\u00edch talentov\u00fdch sk\u00fa\u0161ok na \u0161kolsk\u00fd rok 2026\/2027 21.5. 2026 a 26.5. 2026 od 14:00 do 18:00 hod. Miesta prij\u00edmac\u00edch sk\u00fa\u0161ok: hlavn\u00e1 budova Exn\u00e1rova 6\u00a0 (Ru\u017einov) pracovisko Orenbursk\u00e1 31 (Podunajsk\u00e9 Biskupice) \u00a0 Prihl\u00e1\u0161ka na \u0161t\u00fadium sa pod\u00e1va prostredn\u00edctvom elektronick\u00e9ho formul\u00e1ra n\u00e1\u0161ho \u0161kolsk\u00e9ho syst\u00e9mu iZU\u0160 na www.zus-exnarova.sk &#8211; ELEKTRONICK\u00c1 PRIHL\u00c1\u0160KA NA \u0160T\u00daDIUM. prihl\u00e1\u0161ka Z\u00e1ujemca vypln\u00ed [&hellip;]\" \/>\n<meta property=\"og:url\" content=\"https:\/\/www.zus-exnarova.sk\/1234\/podmienky-prijatia-na-studium\/\" \/>\n<meta property=\"og:site_name\" content=\"Z\u00e1kladn\u00e1 Umeleck\u00e1 \u0160kola Exn\u00e1rova 6\" \/>\n<meta property=\"article:modified_time\" content=\"2026-04-07T21:13:51+00:00\" \/>\n<meta name=\"twitter:card\" content=\"summary_large_image\" \/>\n<meta name=\"twitter:label1\" content=\"Est. reading time\" \/>\n\t<meta name=\"twitter:data1\" content=\"3 minutes\" \/>\n<script type=\"application\/ld+json\" class=\"yoast-schema-graph\">{\"@context\":\"https:\/\/schema.org\",\"@graph\":[{\"@type\":\"WebPage\",\"@id\":\"https:\/\/www.zus-exnarova.sk\/1234\/podmienky-prijatia-na-studium\/\",\"url\":\"https:\/\/www.zus-exnarova.sk\/1234\/podmienky-prijatia-na-studium\/\",\"name\":\"Podmienky prijatia na \u0161t\u00fadium - Z\u00e1kladn\u00e1 Umeleck\u00e1 \u0160kola Exn\u00e1rova 6\",\"isPartOf\":{\"@id\":\"https:\/\/www.zus-exnarova.sk\/1234\/#website\"},\"datePublished\":\"2024-04-26T08:07:28+00:00\",\"dateModified\":\"2026-04-07T21:13:51+00:00\",\"breadcrumb\":{\"@id\":\"https:\/\/www.zus-exnarova.sk\/1234\/podmienky-prijatia-na-studium\/#breadcrumb\"},\"inLanguage\":\"en-US\",\"potentialAction\":[{\"@type\":\"ReadAction\",\"target\":[\"https:\/\/www.zus-exnarova.sk\/1234\/podmienky-prijatia-na-studium\/\"]}]},{\"@type\":\"BreadcrumbList\",\"@id\":\"https:\/\/www.zus-exnarova.sk\/1234\/podmienky-prijatia-na-studium\/#breadcrumb\",\"itemListElement\":[{\"@type\":\"ListItem\",\"position\":1,\"name\":\"Home\",\"item\":\"https:\/\/www.zus-exnarova.sk\/1234\/\"},{\"@type\":\"ListItem\",\"position\":2,\"name\":\"Podmienky prijatia na \u0161t\u00fadium\"}]},{\"@type\":\"WebSite\",\"@id\":\"https:\/\/www.zus-exnarova.sk\/1234\/#website\",\"url\":\"https:\/\/www.zus-exnarova.sk\/1234\/\",\"name\":\"Z\u00e1kladn\u00e1 Umeleck\u00e1 \u0160kola Exn\u00e1rova 6\",\"description\":\"\",\"potentialAction\":[{\"@type\":\"SearchAction\",\"target\":{\"@type\":\"EntryPoint\",\"urlTemplate\":\"https:\/\/www.zus-exnarova.sk\/1234\/?s={search_term_string}\"},\"query-input\":{\"@type\":\"PropertyValueSpecification\",\"valueRequired\":true,\"valueName\":\"search_term_string\"}}],\"inLanguage\":\"en-US\"}]}<\/script>\n<!-- \/ Yoast SEO plugin. -->","yoast_head_json":{"title":"Podmienky prijatia na \u0161t\u00fadium - Z\u00e1kladn\u00e1 Umeleck\u00e1 \u0160kola Exn\u00e1rova 6","robots":{"index":"index","follow":"follow","max-snippet":"max-snippet:-1","max-image-preview":"max-image-preview:large","max-video-preview":"max-video-preview:-1"},"canonical":"https:\/\/www.zus-exnarova.sk\/1234\/podmienky-prijatia-na-studium\/","og_locale":"en_US","og_type":"article","og_title":"Podmienky prijatia na \u0161t\u00fadium - Z\u00e1kladn\u00e1 Umeleck\u00e1 \u0160kola Exn\u00e1rova 6","og_description":"Term\u00edny konania prij\u00edmac\u00edch talentov\u00fdch sk\u00fa\u0161ok na \u0161kolsk\u00fd rok 2026\/2027 21.5. 2026 a 26.5. 2026 od 14:00 do 18:00 hod. Miesta prij\u00edmac\u00edch sk\u00fa\u0161ok: hlavn\u00e1 budova Exn\u00e1rova 6\u00a0 (Ru\u017einov) pracovisko Orenbursk\u00e1 31 (Podunajsk\u00e9 Biskupice) \u00a0 Prihl\u00e1\u0161ka na \u0161t\u00fadium sa pod\u00e1va prostredn\u00edctvom elektronick\u00e9ho formul\u00e1ra n\u00e1\u0161ho \u0161kolsk\u00e9ho syst\u00e9mu iZU\u0160 na www.zus-exnarova.sk &#8211; ELEKTRONICK\u00c1 PRIHL\u00c1\u0160KA NA \u0160T\u00daDIUM. prihl\u00e1\u0161ka Z\u00e1ujemca vypln\u00ed [&hellip;]","og_url":"https:\/\/www.zus-exnarova.sk\/1234\/podmienky-prijatia-na-studium\/","og_site_name":"Z\u00e1kladn\u00e1 Umeleck\u00e1 \u0160kola Exn\u00e1rova 6","article_modified_time":"2026-04-07T21:13:51+00:00","twitter_card":"summary_large_image","twitter_misc":{"Est. reading time":"3 minutes"},"schema":{"@context":"https:\/\/schema.org","@graph":[{"@type":"WebPage","@id":"https:\/\/www.zus-exnarova.sk\/1234\/podmienky-prijatia-na-studium\/","url":"https:\/\/www.zus-exnarova.sk\/1234\/podmienky-prijatia-na-studium\/","name":"Podmienky prijatia na \u0161t\u00fadium - Z\u00e1kladn\u00e1 Umeleck\u00e1 \u0160kola Exn\u00e1rova 6","isPartOf":{"@id":"https:\/\/www.zus-exnarova.sk\/1234\/#website"},"datePublished":"2024-04-26T08:07:28+00:00","dateModified":"2026-04-07T21:13:51+00:00","breadcrumb":{"@id":"https:\/\/www.zus-exnarova.sk\/1234\/podmienky-prijatia-na-studium\/#breadcrumb"},"inLanguage":"en-US","potentialAction":[{"@type":"ReadAction","target":["https:\/\/www.zus-exnarova.sk\/1234\/podmienky-prijatia-na-studium\/"]}]},{"@type":"BreadcrumbList","@id":"https:\/\/www.zus-exnarova.sk\/1234\/podmienky-prijatia-na-studium\/#breadcrumb","itemListElement":[{"@type":"ListItem","position":1,"name":"Home","item":"https:\/\/www.zus-exnarova.sk\/1234\/"},{"@type":"ListItem","position":2,"name":"Podmienky prijatia na \u0161t\u00fadium"}]},{"@type":"WebSite","@id":"https:\/\/www.zus-exnarova.sk\/1234\/#website","url":"https:\/\/www.zus-exnarova.sk\/1234\/","name":"Z\u00e1kladn\u00e1 Umeleck\u00e1 \u0160kola Exn\u00e1rova 6","description":"","potentialAction":[{"@type":"SearchAction","target":{"@type":"EntryPoint","urlTemplate":"https:\/\/www.zus-exnarova.sk\/1234\/?s={search_term_string}"},"query-input":{"@type":"PropertyValueSpecification","valueRequired":true,"valueName":"search_term_string"}}],"inLanguage":"en-US"}]}},"_links":{"self":[{"href":"https:\/\/www.zus-exnarova.sk\/1234\/wp-json\/wp\/v2\/pages\/447"}],"collection":[{"href":"https:\/\/www.zus-exnarova.sk\/1234\/wp-json\/wp\/v2\/pages"}],"about":[{"href":"https:\/\/www.zus-exnarova.sk\/1234\/wp-json\/wp\/v2\/types\/page"}],"author":[{"embeddable":true,"href":"https:\/\/www.zus-exnarova.sk\/1234\/wp-json\/wp\/v2\/users\/1"}],"replies":[{"embeddable":true,"href":"https:\/\/www.zus-exnarova.sk\/1234\/wp-json\/wp\/v2\/comments?post=447"}],"version-history":[{"count":6,"href":"https:\/\/www.zus-exnarova.sk\/1234\/wp-json\/wp\/v2\/pages\/447\/revisions"}],"predecessor-version":[{"id":3882,"href":"https:\/\/www.zus-exnarova.sk\/1234\/wp-json\/wp\/v2\/pages\/447\/revisions\/3882"}],"wp:attachment":[{"href":"https:\/\/www.zus-exnarova.sk\/1234\/wp-json\/wp\/v2\/media?parent=447"}],"curies":[{"name":"wp","href":"https:\/\/api.w.org\/{rel}","templated":true}]}}