{"id":468,"date":"2024-04-26T10:16:46","date_gmt":"2024-04-26T08:16:46","guid":{"rendered":"https:\/\/www.zus-exnarova.sk\/1234\/?page_id=468"},"modified":"2024-04-26T10:18:05","modified_gmt":"2024-04-26T08:18:05","slug":"dokumenty","status":"publish","type":"page","link":"https:\/\/www.zus-exnarova.sk\/1234\/dokumenty\/","title":{"rendered":"Dokumenty"},"content":{"rendered":"\t\t<div data-elementor-type=\"wp-page\" data-elementor-id=\"468\" class=\"elementor elementor-468\">\n\t\t\t\t<div class=\"elementor-element elementor-element-1817f98 e-flex e-con-boxed e-con e-parent\" data-id=\"1817f98\" data-element_type=\"container\">\n\t\t\t\t\t<div class=\"e-con-inner\">\n\t\t\t\t<div class=\"elementor-element elementor-element-de2caf7 elementor-widget elementor-widget-heading\" data-id=\"de2caf7\" data-element_type=\"widget\" data-widget_type=\"heading.default\">\n\t\t\t\t<div class=\"elementor-widget-container\">\n\t\t\t<h2 class=\"elementor-heading-title elementor-size-default\">Dokumenty<\/h2>\t\t<\/div>\n\t\t\t\t<\/div>\n\t\t\t\t\t<\/div>\n\t\t\t\t<\/div>\n\t\t<div class=\"elementor-element elementor-element-3236ffd e-flex e-con-boxed e-con e-parent\" data-id=\"3236ffd\" data-element_type=\"container\">\n\t\t\t\t\t<div class=\"e-con-inner\">\n\t\t\t\t<div class=\"elementor-element elementor-element-375bc68 elementor-widget elementor-widget-text-editor\" data-id=\"375bc68\" data-element_type=\"widget\" data-widget_type=\"text-editor.default\">\n\t\t\t\t<div class=\"elementor-widget-container\">\n\t\t\t\t\t\t\t<p>Zmluvy &gt;<br \/>Zmluvy, fakt\u00fary, objedn\u00e1vky, verejn\u00e9 obstar\u00e1vanie uzatvoren\u00e9 od 01.04.2022 s\u00fa zverej\u0148ovan\u00e9, v zmysle novely \u00a72 z\u00e1kona NR SR \u010d. 211\/2000 Z. z. o slobodnom pr\u00edstupe k inform\u00e1ci\u00e1m a o zmene a doplnen\u00ed niektor\u00fdch z\u00e1konov, v Centr\u00e1lnom registri zml\u00fav, na adrese www.crz.gov.sk.<br \/>PDF s\u00fabor<\/p><p>Fakt\u00fary &gt;<br \/>PDF s\u00fabor<br \/>Verejn\u00e9 obstar\u00e1vanie &gt;<br \/>PDF s\u00fabor<br \/>Spr\u00e1va VV\u010c &gt;<br \/>PDF s\u00fabor<br \/>Kolekt\u00edvna zmluva &gt;<br \/>PDF s\u00fabor<br \/>Pr\u00edpadne \u010fal\u0161ie podmenu &gt;<\/p>\t\t\t\t\t\t<\/div>\n\t\t\t\t<\/div>\n\t\t\t\t\t<\/div>\n\t\t\t\t<\/div>\n\t\t\t\t<\/div>\n\t\t","protected":false},"excerpt":{"rendered":"<p>Dokumenty Zmluvy &gt;Zmluvy, fakt\u00fary, objedn\u00e1vky, verejn\u00e9 obstar\u00e1vanie uzatvoren\u00e9 od 01.04.2022 s\u00fa zverej\u0148ovan\u00e9, v zmysle novely \u00a72 z\u00e1kona NR SR \u010d. 211\/2000 Z. z. o slobodnom pr\u00edstupe k inform\u00e1ci\u00e1m a o zmene a doplnen\u00ed niektor\u00fdch z\u00e1konov, v Centr\u00e1lnom registri zml\u00fav, na adrese www.crz.gov.sk.PDF s\u00fabor Fakt\u00fary &gt;PDF s\u00faborVerejn\u00e9 obstar\u00e1vanie &gt;PDF s\u00faborSpr\u00e1va VV\u010c &gt;PDF s\u00faborKolekt\u00edvna zmluva &gt;PDF s\u00faborPr\u00edpadne [&hellip;]<\/p>\n","protected":false},"author":1,"featured_media":0,"parent":0,"menu_order":0,"comment_status":"closed","ping_status":"closed","template":"","meta":{"_monsterinsights_skip_tracking":false,"_monsterinsights_sitenote_active":false,"_monsterinsights_sitenote_note":"","_monsterinsights_sitenote_category":0,"footnotes":""},"class_list":["post-468","page","type-page","status-publish","hentry"],"yoast_head":"<!-- This site is optimized with the Yoast SEO plugin v23.4 - https:\/\/yoast.com\/wordpress\/plugins\/seo\/ -->\n<title>Dokumenty - Z\u00e1kladn\u00e1 Umeleck\u00e1 \u0160kola Exn\u00e1rova 6<\/title>\n<meta name=\"robots\" content=\"index, follow, max-snippet:-1, max-image-preview:large, max-video-preview:-1\" \/>\n<link rel=\"canonical\" href=\"https:\/\/www.zus-exnarova.sk\/1234\/dokumenty\/\" \/>\n<meta property=\"og:locale\" content=\"en_US\" \/>\n<meta property=\"og:type\" content=\"article\" \/>\n<meta property=\"og:title\" content=\"Dokumenty - Z\u00e1kladn\u00e1 Umeleck\u00e1 \u0160kola Exn\u00e1rova 6\" \/>\n<meta property=\"og:description\" content=\"Dokumenty Zmluvy &gt;Zmluvy, fakt\u00fary, objedn\u00e1vky, verejn\u00e9 obstar\u00e1vanie uzatvoren\u00e9 od 01.04.2022 s\u00fa zverej\u0148ovan\u00e9, v zmysle novely \u00a72 z\u00e1kona NR SR \u010d. 211\/2000 Z. z. o slobodnom pr\u00edstupe k inform\u00e1ci\u00e1m a o zmene a doplnen\u00ed niektor\u00fdch z\u00e1konov, v Centr\u00e1lnom registri zml\u00fav, na adrese www.crz.gov.sk.PDF s\u00fabor Fakt\u00fary &gt;PDF s\u00faborVerejn\u00e9 obstar\u00e1vanie &gt;PDF s\u00faborSpr\u00e1va VV\u010c &gt;PDF s\u00faborKolekt\u00edvna zmluva &gt;PDF s\u00faborPr\u00edpadne [&hellip;]\" \/>\n<meta property=\"og:url\" content=\"https:\/\/www.zus-exnarova.sk\/1234\/dokumenty\/\" \/>\n<meta property=\"og:site_name\" content=\"Z\u00e1kladn\u00e1 Umeleck\u00e1 \u0160kola Exn\u00e1rova 6\" \/>\n<meta property=\"article:modified_time\" content=\"2024-04-26T08:18:05+00:00\" \/>\n<meta name=\"twitter:card\" content=\"summary_large_image\" \/>\n<meta name=\"twitter:label1\" content=\"Est. reading time\" \/>\n\t<meta name=\"twitter:data1\" content=\"1 minute\" \/>\n<script type=\"application\/ld+json\" class=\"yoast-schema-graph\">{\"@context\":\"https:\/\/schema.org\",\"@graph\":[{\"@type\":\"WebPage\",\"@id\":\"https:\/\/www.zus-exnarova.sk\/1234\/dokumenty\/\",\"url\":\"https:\/\/www.zus-exnarova.sk\/1234\/dokumenty\/\",\"name\":\"Dokumenty - Z\u00e1kladn\u00e1 Umeleck\u00e1 \u0160kola Exn\u00e1rova 6\",\"isPartOf\":{\"@id\":\"https:\/\/www.zus-exnarova.sk\/1234\/#website\"},\"datePublished\":\"2024-04-26T08:16:46+00:00\",\"dateModified\":\"2024-04-26T08:18:05+00:00\",\"breadcrumb\":{\"@id\":\"https:\/\/www.zus-exnarova.sk\/1234\/dokumenty\/#breadcrumb\"},\"inLanguage\":\"en-US\",\"potentialAction\":[{\"@type\":\"ReadAction\",\"target\":[\"https:\/\/www.zus-exnarova.sk\/1234\/dokumenty\/\"]}]},{\"@type\":\"BreadcrumbList\",\"@id\":\"https:\/\/www.zus-exnarova.sk\/1234\/dokumenty\/#breadcrumb\",\"itemListElement\":[{\"@type\":\"ListItem\",\"position\":1,\"name\":\"Home\",\"item\":\"https:\/\/www.zus-exnarova.sk\/1234\/\"},{\"@type\":\"ListItem\",\"position\":2,\"name\":\"Dokumenty\"}]},{\"@type\":\"WebSite\",\"@id\":\"https:\/\/www.zus-exnarova.sk\/1234\/#website\",\"url\":\"https:\/\/www.zus-exnarova.sk\/1234\/\",\"name\":\"Z\u00e1kladn\u00e1 Umeleck\u00e1 \u0160kola Exn\u00e1rova 6\",\"description\":\"\",\"potentialAction\":[{\"@type\":\"SearchAction\",\"target\":{\"@type\":\"EntryPoint\",\"urlTemplate\":\"https:\/\/www.zus-exnarova.sk\/1234\/?s={search_term_string}\"},\"query-input\":{\"@type\":\"PropertyValueSpecification\",\"valueRequired\":true,\"valueName\":\"search_term_string\"}}],\"inLanguage\":\"en-US\"}]}<\/script>\n<!-- \/ Yoast SEO plugin. -->","yoast_head_json":{"title":"Dokumenty - Z\u00e1kladn\u00e1 Umeleck\u00e1 \u0160kola Exn\u00e1rova 6","robots":{"index":"index","follow":"follow","max-snippet":"max-snippet:-1","max-image-preview":"max-image-preview:large","max-video-preview":"max-video-preview:-1"},"canonical":"https:\/\/www.zus-exnarova.sk\/1234\/dokumenty\/","og_locale":"en_US","og_type":"article","og_title":"Dokumenty - Z\u00e1kladn\u00e1 Umeleck\u00e1 \u0160kola Exn\u00e1rova 6","og_description":"Dokumenty Zmluvy &gt;Zmluvy, fakt\u00fary, objedn\u00e1vky, verejn\u00e9 obstar\u00e1vanie uzatvoren\u00e9 od 01.04.2022 s\u00fa zverej\u0148ovan\u00e9, v zmysle novely \u00a72 z\u00e1kona NR SR \u010d. 211\/2000 Z. z. o slobodnom pr\u00edstupe k inform\u00e1ci\u00e1m a o zmene a doplnen\u00ed niektor\u00fdch z\u00e1konov, v Centr\u00e1lnom registri zml\u00fav, na adrese www.crz.gov.sk.PDF s\u00fabor Fakt\u00fary &gt;PDF s\u00faborVerejn\u00e9 obstar\u00e1vanie &gt;PDF s\u00faborSpr\u00e1va VV\u010c &gt;PDF s\u00faborKolekt\u00edvna zmluva &gt;PDF s\u00faborPr\u00edpadne [&hellip;]","og_url":"https:\/\/www.zus-exnarova.sk\/1234\/dokumenty\/","og_site_name":"Z\u00e1kladn\u00e1 Umeleck\u00e1 \u0160kola Exn\u00e1rova 6","article_modified_time":"2024-04-26T08:18:05+00:00","twitter_card":"summary_large_image","twitter_misc":{"Est. reading time":"1 minute"},"schema":{"@context":"https:\/\/schema.org","@graph":[{"@type":"WebPage","@id":"https:\/\/www.zus-exnarova.sk\/1234\/dokumenty\/","url":"https:\/\/www.zus-exnarova.sk\/1234\/dokumenty\/","name":"Dokumenty - Z\u00e1kladn\u00e1 Umeleck\u00e1 \u0160kola Exn\u00e1rova 6","isPartOf":{"@id":"https:\/\/www.zus-exnarova.sk\/1234\/#website"},"datePublished":"2024-04-26T08:16:46+00:00","dateModified":"2024-04-26T08:18:05+00:00","breadcrumb":{"@id":"https:\/\/www.zus-exnarova.sk\/1234\/dokumenty\/#breadcrumb"},"inLanguage":"en-US","potentialAction":[{"@type":"ReadAction","target":["https:\/\/www.zus-exnarova.sk\/1234\/dokumenty\/"]}]},{"@type":"BreadcrumbList","@id":"https:\/\/www.zus-exnarova.sk\/1234\/dokumenty\/#breadcrumb","itemListElement":[{"@type":"ListItem","position":1,"name":"Home","item":"https:\/\/www.zus-exnarova.sk\/1234\/"},{"@type":"ListItem","position":2,"name":"Dokumenty"}]},{"@type":"WebSite","@id":"https:\/\/www.zus-exnarova.sk\/1234\/#website","url":"https:\/\/www.zus-exnarova.sk\/1234\/","name":"Z\u00e1kladn\u00e1 Umeleck\u00e1 \u0160kola Exn\u00e1rova 6","description":"","potentialAction":[{"@type":"SearchAction","target":{"@type":"EntryPoint","urlTemplate":"https:\/\/www.zus-exnarova.sk\/1234\/?s={search_term_string}"},"query-input":{"@type":"PropertyValueSpecification","valueRequired":true,"valueName":"search_term_string"}}],"inLanguage":"en-US"}]}},"_links":{"self":[{"href":"https:\/\/www.zus-exnarova.sk\/1234\/wp-json\/wp\/v2\/pages\/468"}],"collection":[{"href":"https:\/\/www.zus-exnarova.sk\/1234\/wp-json\/wp\/v2\/pages"}],"about":[{"href":"https:\/\/www.zus-exnarova.sk\/1234\/wp-json\/wp\/v2\/types\/page"}],"author":[{"embeddable":true,"href":"https:\/\/www.zus-exnarova.sk\/1234\/wp-json\/wp\/v2\/users\/1"}],"replies":[{"embeddable":true,"href":"https:\/\/www.zus-exnarova.sk\/1234\/wp-json\/wp\/v2\/comments?post=468"}],"version-history":[{"count":4,"href":"https:\/\/www.zus-exnarova.sk\/1234\/wp-json\/wp\/v2\/pages\/468\/revisions"}],"predecessor-version":[{"id":472,"href":"https:\/\/www.zus-exnarova.sk\/1234\/wp-json\/wp\/v2\/pages\/468\/revisions\/472"}],"wp:attachment":[{"href":"https:\/\/www.zus-exnarova.sk\/1234\/wp-json\/wp\/v2\/media?parent=468"}],"curies":[{"name":"wp","href":"https:\/\/api.w.org\/{rel}","templated":true}]}}