{"id":493,"date":"2024-04-26T10:20:33","date_gmt":"2024-04-26T08:20:33","guid":{"rendered":"https:\/\/www.zus-exnarova.sk\/1234\/?page_id=493"},"modified":"2026-02-11T06:29:33","modified_gmt":"2026-02-11T05:29:33","slug":"kolektivna-zmluva","status":"publish","type":"page","link":"https:\/\/www.zus-exnarova.sk\/1234\/kolektivna-zmluva\/","title":{"rendered":"Kolekt\u00edvna zmluva"},"content":{"rendered":"\t\t<div data-elementor-type=\"wp-page\" data-elementor-id=\"493\" class=\"elementor elementor-493\">\n\t\t\t\t<div class=\"elementor-element elementor-element-20cd93c e-flex e-con-boxed e-con e-parent\" data-id=\"20cd93c\" data-element_type=\"container\">\n\t\t\t\t\t<div class=\"e-con-inner\">\n\t\t\t\t<div class=\"elementor-element elementor-element-86155f2 elementor-widget elementor-widget-text-editor\" data-id=\"86155f2\" data-element_type=\"widget\" data-widget_type=\"text-editor.default\">\n\t\t\t\t<div class=\"elementor-widget-container\">\n\t\t\t\t\t\t\t<p>\u00a0<\/p><p><a href=\"https:\/\/www.zus-exnarova.sk\/1234\/wp-content\/uploads\/2026\/02\/Dodatok-c.1-ku-KZ-na-rok-2026.pdf\">Dodatok KZ 2026<\/a><\/p><p><a href=\"https:\/\/www.zus-exnarova.sk\/1234\/wp-content\/uploads\/2026\/01\/KZ-na-rok-2026-w.pdf\">KZ 2026<\/a><\/p><p><a href=\"https:\/\/www.zus-exnarova.sk\/1234\/wp-content\/uploads\/2025\/01\/kz_na_rok_2025.pdf\">KZ 2025<\/a><\/p><p><a href=\"https:\/\/www.zus-exnarova.sk\/1234\/wp-content\/uploads\/2024\/11\/KZ-na-rok-2024.pdf\">KZ 2024<\/a><\/p><p><a href=\"https:\/\/www.zus-exnarova.sk\/1234\/wp-content\/uploads\/2024\/11\/KZ-na-rok-2023.pdf\">KZ 2023<\/a><\/p><p><a href=\"https:\/\/www.zus-exnarova.sk\/1234\/wp-content\/uploads\/2024\/11\/KZ-na-rok-2022.pdf\">KZ 2022<\/a><\/p>\t\t\t\t\t\t<\/div>\n\t\t\t\t<\/div>\n\t\t\t\t\t<\/div>\n\t\t\t\t<\/div>\n\t\t\t\t<\/div>\n\t\t","protected":false},"excerpt":{"rendered":"<p>\u00a0 Dodatok KZ 2026 KZ 2026 KZ 2025 KZ 2024 KZ 2023 KZ 2022<\/p>\n","protected":false},"author":1,"featured_media":0,"parent":0,"menu_order":0,"comment_status":"closed","ping_status":"closed","template":"","meta":{"_monsterinsights_skip_tracking":false,"_monsterinsights_sitenote_active":false,"_monsterinsights_sitenote_note":"","_monsterinsights_sitenote_category":0,"footnotes":""},"class_list":["post-493","page","type-page","status-publish","hentry"],"yoast_head":"<!-- This site is optimized with the Yoast SEO plugin v23.4 - https:\/\/yoast.com\/wordpress\/plugins\/seo\/ -->\n<title>Kolekt\u00edvna zmluva - Z\u00e1kladn\u00e1 Umeleck\u00e1 \u0160kola Exn\u00e1rova 6<\/title>\n<meta name=\"robots\" content=\"index, follow, max-snippet:-1, max-image-preview:large, max-video-preview:-1\" \/>\n<link rel=\"canonical\" href=\"https:\/\/www.zus-exnarova.sk\/1234\/kolektivna-zmluva\/\" \/>\n<meta property=\"og:locale\" content=\"en_US\" \/>\n<meta property=\"og:type\" content=\"article\" \/>\n<meta property=\"og:title\" content=\"Kolekt\u00edvna zmluva - Z\u00e1kladn\u00e1 Umeleck\u00e1 \u0160kola Exn\u00e1rova 6\" \/>\n<meta property=\"og:description\" content=\"\u00a0 Dodatok KZ 2026 KZ 2026 KZ 2025 KZ 2024 KZ 2023 KZ 2022\" \/>\n<meta property=\"og:url\" content=\"https:\/\/www.zus-exnarova.sk\/1234\/kolektivna-zmluva\/\" \/>\n<meta property=\"og:site_name\" content=\"Z\u00e1kladn\u00e1 Umeleck\u00e1 \u0160kola Exn\u00e1rova 6\" \/>\n<meta property=\"article:modified_time\" content=\"2026-02-11T05:29:33+00:00\" \/>\n<meta name=\"twitter:card\" content=\"summary_large_image\" \/>\n<meta name=\"twitter:label1\" content=\"Est. reading time\" \/>\n\t<meta name=\"twitter:data1\" content=\"1 minute\" \/>\n<script type=\"application\/ld+json\" class=\"yoast-schema-graph\">{\"@context\":\"https:\/\/schema.org\",\"@graph\":[{\"@type\":\"WebPage\",\"@id\":\"https:\/\/www.zus-exnarova.sk\/1234\/kolektivna-zmluva\/\",\"url\":\"https:\/\/www.zus-exnarova.sk\/1234\/kolektivna-zmluva\/\",\"name\":\"Kolekt\u00edvna zmluva - Z\u00e1kladn\u00e1 Umeleck\u00e1 \u0160kola Exn\u00e1rova 6\",\"isPartOf\":{\"@id\":\"https:\/\/www.zus-exnarova.sk\/1234\/#website\"},\"datePublished\":\"2024-04-26T08:20:33+00:00\",\"dateModified\":\"2026-02-11T05:29:33+00:00\",\"breadcrumb\":{\"@id\":\"https:\/\/www.zus-exnarova.sk\/1234\/kolektivna-zmluva\/#breadcrumb\"},\"inLanguage\":\"en-US\",\"potentialAction\":[{\"@type\":\"ReadAction\",\"target\":[\"https:\/\/www.zus-exnarova.sk\/1234\/kolektivna-zmluva\/\"]}]},{\"@type\":\"BreadcrumbList\",\"@id\":\"https:\/\/www.zus-exnarova.sk\/1234\/kolektivna-zmluva\/#breadcrumb\",\"itemListElement\":[{\"@type\":\"ListItem\",\"position\":1,\"name\":\"Home\",\"item\":\"https:\/\/www.zus-exnarova.sk\/1234\/\"},{\"@type\":\"ListItem\",\"position\":2,\"name\":\"Kolekt\u00edvna zmluva\"}]},{\"@type\":\"WebSite\",\"@id\":\"https:\/\/www.zus-exnarova.sk\/1234\/#website\",\"url\":\"https:\/\/www.zus-exnarova.sk\/1234\/\",\"name\":\"Z\u00e1kladn\u00e1 Umeleck\u00e1 \u0160kola Exn\u00e1rova 6\",\"description\":\"\",\"potentialAction\":[{\"@type\":\"SearchAction\",\"target\":{\"@type\":\"EntryPoint\",\"urlTemplate\":\"https:\/\/www.zus-exnarova.sk\/1234\/?s={search_term_string}\"},\"query-input\":{\"@type\":\"PropertyValueSpecification\",\"valueRequired\":true,\"valueName\":\"search_term_string\"}}],\"inLanguage\":\"en-US\"}]}<\/script>\n<!-- \/ Yoast SEO plugin. -->","yoast_head_json":{"title":"Kolekt\u00edvna zmluva - Z\u00e1kladn\u00e1 Umeleck\u00e1 \u0160kola Exn\u00e1rova 6","robots":{"index":"index","follow":"follow","max-snippet":"max-snippet:-1","max-image-preview":"max-image-preview:large","max-video-preview":"max-video-preview:-1"},"canonical":"https:\/\/www.zus-exnarova.sk\/1234\/kolektivna-zmluva\/","og_locale":"en_US","og_type":"article","og_title":"Kolekt\u00edvna zmluva - Z\u00e1kladn\u00e1 Umeleck\u00e1 \u0160kola Exn\u00e1rova 6","og_description":"\u00a0 Dodatok KZ 2026 KZ 2026 KZ 2025 KZ 2024 KZ 2023 KZ 2022","og_url":"https:\/\/www.zus-exnarova.sk\/1234\/kolektivna-zmluva\/","og_site_name":"Z\u00e1kladn\u00e1 Umeleck\u00e1 \u0160kola Exn\u00e1rova 6","article_modified_time":"2026-02-11T05:29:33+00:00","twitter_card":"summary_large_image","twitter_misc":{"Est. reading time":"1 minute"},"schema":{"@context":"https:\/\/schema.org","@graph":[{"@type":"WebPage","@id":"https:\/\/www.zus-exnarova.sk\/1234\/kolektivna-zmluva\/","url":"https:\/\/www.zus-exnarova.sk\/1234\/kolektivna-zmluva\/","name":"Kolekt\u00edvna zmluva - Z\u00e1kladn\u00e1 Umeleck\u00e1 \u0160kola Exn\u00e1rova 6","isPartOf":{"@id":"https:\/\/www.zus-exnarova.sk\/1234\/#website"},"datePublished":"2024-04-26T08:20:33+00:00","dateModified":"2026-02-11T05:29:33+00:00","breadcrumb":{"@id":"https:\/\/www.zus-exnarova.sk\/1234\/kolektivna-zmluva\/#breadcrumb"},"inLanguage":"en-US","potentialAction":[{"@type":"ReadAction","target":["https:\/\/www.zus-exnarova.sk\/1234\/kolektivna-zmluva\/"]}]},{"@type":"BreadcrumbList","@id":"https:\/\/www.zus-exnarova.sk\/1234\/kolektivna-zmluva\/#breadcrumb","itemListElement":[{"@type":"ListItem","position":1,"name":"Home","item":"https:\/\/www.zus-exnarova.sk\/1234\/"},{"@type":"ListItem","position":2,"name":"Kolekt\u00edvna zmluva"}]},{"@type":"WebSite","@id":"https:\/\/www.zus-exnarova.sk\/1234\/#website","url":"https:\/\/www.zus-exnarova.sk\/1234\/","name":"Z\u00e1kladn\u00e1 Umeleck\u00e1 \u0160kola Exn\u00e1rova 6","description":"","potentialAction":[{"@type":"SearchAction","target":{"@type":"EntryPoint","urlTemplate":"https:\/\/www.zus-exnarova.sk\/1234\/?s={search_term_string}"},"query-input":{"@type":"PropertyValueSpecification","valueRequired":true,"valueName":"search_term_string"}}],"inLanguage":"en-US"}]}},"_links":{"self":[{"href":"https:\/\/www.zus-exnarova.sk\/1234\/wp-json\/wp\/v2\/pages\/493"}],"collection":[{"href":"https:\/\/www.zus-exnarova.sk\/1234\/wp-json\/wp\/v2\/pages"}],"about":[{"href":"https:\/\/www.zus-exnarova.sk\/1234\/wp-json\/wp\/v2\/types\/page"}],"author":[{"embeddable":true,"href":"https:\/\/www.zus-exnarova.sk\/1234\/wp-json\/wp\/v2\/users\/1"}],"replies":[{"embeddable":true,"href":"https:\/\/www.zus-exnarova.sk\/1234\/wp-json\/wp\/v2\/comments?post=493"}],"version-history":[{"count":6,"href":"https:\/\/www.zus-exnarova.sk\/1234\/wp-json\/wp\/v2\/pages\/493\/revisions"}],"predecessor-version":[{"id":3693,"href":"https:\/\/www.zus-exnarova.sk\/1234\/wp-json\/wp\/v2\/pages\/493\/revisions\/3693"}],"wp:attachment":[{"href":"https:\/\/www.zus-exnarova.sk\/1234\/wp-json\/wp\/v2\/media?parent=493"}],"curies":[{"name":"wp","href":"https:\/\/api.w.org\/{rel}","templated":true}]}}